{"id":9550,"date":"2022-11-27T20:39:23","date_gmt":"2022-11-27T18:39:23","guid":{"rendered":"https:\/\/www.barefoot-baltics.ee\/?post_type=product&#038;p=9550"},"modified":"2022-11-27T20:46:56","modified_gmt":"2022-11-27T18:46:56","slug":"universalus-balnas-ceroki-klasika-pro","status":"publish","type":"product","link":"https:\/\/www.barefoot-baltics.ee\/lt\/produktas\/universalus-balnas-ceroki-klasika-pro\/","title":{"rendered":"Universalus balnas \u201c\u010ceroki klasika PRO\u201d"},"content":{"rendered":"<p>Barefoot\u00ae PRO \u2013 dar patogesnis balnas! Naujoji PRO s\u0117dyn\u0117 leid\u017eia vairuotojui s\u0117d\u0117ti siauresne, sta\u010diau ir klubams palankesn\u0117je pozoje.<\/p>\n<p>Tai yra populiarus universalus balnas \u201c\u010ceroki \u201d klasikin\u0117s juodos spalvos. N\u0117ra \u017eirgo galvos, odini\u0173 balno papuo\u0161im\u0173, taip pat odini\u0173 dir\u017eeli\u0173, tod\u0117l primena dailiojo jojimo baln\u0105. Tiesa sakant, jis tinkamas dailiajam jojimui, i\u0161tvermei, pasijodin\u0117jimui ar \u0161okin\u0117jimui per \u017eemas kli\u016btis. Su \u201c\u010ceroki klasika\u201d gali visk\u0105!   <\/p>\n<p>\u0160is universalus balnas yra pagamintas i\u0161 patvarios, mink\u0161tos, atvir\u0173 por\u0173, apdirbtos karv\u0117s odos, kurios pavir\u0161ius apdorotas taip, kad b\u016bt\u0173 atsparus ne\u0161varumams. Jis yra labai lankstus ir gerai prisitaiko prie j\u016bs\u0173 \u017eirgo nugaros formos. Apa\u010dia pagaminta i\u0161 storos vilnos, kurios spalva dera prie balno.<\/p>\n<p>\u0160is balnas turi odos apdail\u0105, 8 D formos \u017eiedus, odinius papuo\u0161imus balnui ir dir\u017eelius j\u016bs\u0173 daiktams prisegti. Keli\u0173 sparnas pamink\u0161tintas, o keli\u0173 blokeliai pritvirtinami lipukais, tod\u0117l gali b\u016bti perd\u0117ti pagal poreikius. Stiklo pluo\u0161to balno lankelis (komplektacijoje yra vidutinio dyd\u017eio lankelis ) gali b\u016bti pakeistas kaip ir kituose Barefoot balnuose. Kilp\u0173 pritvirtinimas gali b\u016bti perkeliamas pagal poreik\u012f. Balno pritvirtinimas prie pavar\u017eos yra lankstus ( mes j\u012f vadiname V\u2013formos pavar\u017eos u\u017ever\u017eimo sistema).<\/p>\n<p>Pagrindin\u0117s funkcijos:<\/p>\n<ul>\n<li>Nespaud\u017eia nugaros, tod\u0117l vir\u0161utin\u0117 linija gali gerai vystytis<\/li>\n<li>Perkeliamos kilp\u0173 sagtys ir keli\u0173 blokeliai<\/li>\n<li>Lankst\u016bs V formos pavar\u017eos dir\u017eai<\/li>\n<li>Patogi, subalansuota s\u0117d\u0117sena vir\u0161 arklio svorio centro<\/li>\n<li>Svoris apie 6 kg<\/li>\n<\/ul>\n","protected":false},"excerpt":{"rendered":"<ul>\n<li>Puikus \u017eygiams, puikus dailiajam jojimui<\/li>\n<li>Su nauja PRO s\u0117dyne<\/li>\n<li>Labai lankstus. Prisitaiko prie \u017eirgo nugaros<\/li>\n<li>Pagamintas i\u0161 patvarios, mink\u0161tos, lygios, karv\u0117s odos; atsparus ne\u0161varumams<\/li>\n<li>Pamink\u0161tintas keli\u0173 sparnas ir keli\u0173 blokeliai su lipukais<\/li>\n<li>Eleganti\u0161kos juodos spalvos<\/li>\n<\/ul>\n","protected":false},"featured_media":9570,"template":"","meta":[],"product_brand":[],"product_cat":[1844],"product_tag":[1871,1891,2409,1908,1907],"class_list":{"0":"post-9550","1":"product","2":"type-product","3":"status-publish","4":"has-post-thumbnail","6":"product_cat-beremiai-balnai","7":"product_tag-dailusis-jojimas","8":"product_tag-oda","9":"product_tag-pro-lt","10":"product_tag-universalus-lt","11":"product_tag-zygis","12":"product_shipping_class-kurjeriu-pristatymas","13":"pa_size-1-lt","14":"pa_size-2-lt","16":"first","17":"onbackorder","18":"shipping-taxable","19":"purchasable","20":"product-type-variable"},"_links":{"self":[{"href":"https:\/\/www.barefoot-baltics.ee\/lt\/wp-json\/wp\/v2\/product\/9550","targetHints":{"allow":["GET"]}}],"collection":[{"href":"https:\/\/www.barefoot-baltics.ee\/lt\/wp-json\/wp\/v2\/product"}],"about":[{"href":"https:\/\/www.barefoot-baltics.ee\/lt\/wp-json\/wp\/v2\/types\/product"}],"wp:featuredmedia":[{"embeddable":true,"href":"https:\/\/www.barefoot-baltics.ee\/lt\/wp-json\/wp\/v2\/media\/9570"}],"wp:attachment":[{"href":"https:\/\/www.barefoot-baltics.ee\/lt\/wp-json\/wp\/v2\/media?parent=9550"}],"wp:term":[{"taxonomy":"product_brand","embeddable":true,"href":"https:\/\/www.barefoot-baltics.ee\/lt\/wp-json\/wp\/v2\/product_brand?post=9550"},{"taxonomy":"product_cat","embeddable":true,"href":"https:\/\/www.barefoot-baltics.ee\/lt\/wp-json\/wp\/v2\/product_cat?post=9550"},{"taxonomy":"product_tag","embeddable":true,"href":"https:\/\/www.barefoot-baltics.ee\/lt\/wp-json\/wp\/v2\/product_tag?post=9550"}],"curies":[{"name":"wp","href":"https:\/\/api.w.org\/{rel}","templated":true}]}}