{"id":9522,"date":"2022-11-27T20:31:08","date_gmt":"2022-11-27T18:31:08","guid":{"rendered":"https:\/\/www.barefoot-baltics.ee\/?post_type=product&#038;p=9522"},"modified":"2022-11-27T20:38:01","modified_gmt":"2022-11-27T18:38:01","slug":"balnas-zygiams-cerokis-pro","status":"publish","type":"product","link":"https:\/\/www.barefoot-baltics.ee\/lt\/produktas\/balnas-zygiams-cerokis-pro\/","title":{"rendered":"Balnas \u017eygiams \u201c\u010cerokis PRO\u201d"},"content":{"rendered":"<p>Barefoot\u00ae PRO \u2013 dar patogesnis balnas! Naujoji PRO s\u0117dyn\u0117 leid\u017eia vairuotojui s\u0117d\u0117ti siauresne, sta\u010diau ir klubams palankesn\u0117je pozoje.<\/p>\n<p>Barefoot \u201c\u010cerokis\u201d yra universalus, \u017eirgui draugi\u0161kas balnas \u017eygiams, idealus ilgiems i\u0161jojimams. Jis pagamintas i\u0161 tvirtos, atvir\u0173 por\u0173 apdirbtos karv\u0117s odos bei ne\u0161varumams atsparaus pavir\u0161iaus. Labai lankstus ir prisitaiko prie \u017eirgo nugaros formos.<\/p>\n<p>Apa\u010dia pagaminta i\u0161 storos vilnos, kurios spalva dera prie balno. Yra odin\u0117 apdaila, 8 D formos \u017eiedai, odiniai balno papuo\u0161imai ir odiniai dir\u017eeliai kelion\u0117s\/ jojimo b\u016btinyb\u0117ms pritvirtinti. Keli\u0173 sparnas yra pamink\u0161tintas, o keli\u0173 blokeliai pritvirtinami lipukais, taigi gali b\u016bti perd\u0117ti pagal asmeninius poreikius. Taip pat ir kilp\u0173 pritvirtinimas, jis segasi lipukais ir gali b\u016bti perkeltas pagal norus.<\/p>\n<p>Stiklo pluo\u0161to balno lankelis kei\u010diamas, kaip ir visuose Barefoot balnuose. \u012e komplektacij\u0105 \u012feina vidutinio dyd\u017eio lankelis.<\/p>\n<p>Pagrindin\u0117s funkcijos:<\/p>\n<ul>\n<li>Lankstus visomis kryptimis<\/li>\n<li>Nespaud\u017eia nugaros<\/li>\n<li>VPS sistema ir perkeliamos kilp\u0173 sagtys<\/li>\n<li>Lankst\u016bs V formos pavar\u017eos dir\u017eai<\/li>\n<li>Prisegami keli\u0173 blokeliai<\/li>\n<li>Svoris apie 6 kg<\/li>\n<\/ul>\n","protected":false},"excerpt":{"rendered":"<ul>\n<li>Idealus sunkiems i\u0161jojimams \u012f gamt\u0105\u2013 tikras balnas \u017eygiams<\/li>\n<li>Su nauja PRO s\u0117dyne<\/li>\n<li>Labai lankstus, prisitaiko prie \u017eirgo nugaros<\/li>\n<li>Patvarus, atvir\u0173 por\u0173, apdirbtos karv\u0117s odos, atsparus ne\u0161varumams<\/li>\n<li>Reguliuojami keli\u0173 blokeliai ir kilp\u0173 pritvirtinimas<\/li>\n<\/ul>\n","protected":false},"featured_media":9542,"template":"","meta":[],"product_brand":[],"product_cat":[1844],"product_tag":[1891,1872,2409,1908,1907],"class_list":{"0":"post-9522","1":"product","2":"type-product","3":"status-publish","4":"has-post-thumbnail","6":"product_cat-beremiai-balnai","7":"product_tag-oda","8":"product_tag-patvarus","9":"product_tag-pro-lt","10":"product_tag-universalus-lt","11":"product_tag-zygis","12":"product_shipping_class-kurjeriu-pristatymas","13":"pa_size-1-lt","14":"pa_size-2-lt","16":"first","17":"onbackorder","18":"shipping-taxable","19":"purchasable","20":"product-type-variable"},"_links":{"self":[{"href":"https:\/\/www.barefoot-baltics.ee\/lt\/wp-json\/wp\/v2\/product\/9522","targetHints":{"allow":["GET"]}}],"collection":[{"href":"https:\/\/www.barefoot-baltics.ee\/lt\/wp-json\/wp\/v2\/product"}],"about":[{"href":"https:\/\/www.barefoot-baltics.ee\/lt\/wp-json\/wp\/v2\/types\/product"}],"wp:featuredmedia":[{"embeddable":true,"href":"https:\/\/www.barefoot-baltics.ee\/lt\/wp-json\/wp\/v2\/media\/9542"}],"wp:attachment":[{"href":"https:\/\/www.barefoot-baltics.ee\/lt\/wp-json\/wp\/v2\/media?parent=9522"}],"wp:term":[{"taxonomy":"product_brand","embeddable":true,"href":"https:\/\/www.barefoot-baltics.ee\/lt\/wp-json\/wp\/v2\/product_brand?post=9522"},{"taxonomy":"product_cat","embeddable":true,"href":"https:\/\/www.barefoot-baltics.ee\/lt\/wp-json\/wp\/v2\/product_cat?post=9522"},{"taxonomy":"product_tag","embeddable":true,"href":"https:\/\/www.barefoot-baltics.ee\/lt\/wp-json\/wp\/v2\/product_tag?post=9522"}],"curies":[{"name":"wp","href":"https:\/\/api.w.org\/{rel}","templated":true}]}}