{"id":9465,"date":"2022-11-27T19:33:48","date_gmt":"2022-11-27T17:33:48","guid":{"rendered":"https:\/\/www.barefoot-baltics.ee\/?post_type=product&#038;p=9465"},"modified":"2022-11-27T21:15:01","modified_gmt":"2022-11-27T19:15:01","slug":"universalus-balnas-sajenas-pro","status":"publish","type":"product","link":"https:\/\/www.barefoot-baltics.ee\/lt\/produktas\/universalus-balnas-sajenas-pro\/","title":{"rendered":"Universalus balnas \u201c\u0160ajenas PRO\u201d"},"content":{"rendered":"<p>Barefoot\u00ae PRO \u2013 dar patogesnis balnas! Naujoji PRO s\u0117dyn\u0117 leid\u017eia vairuotojui s\u0117d\u0117ti siauresne, sta\u010diau ir klubams palankesn\u0117je pozoje.<\/p>\n<p>\u201c\u0160ajenas\u201d yra m\u016bs\u0173 populiariausias balnas d\u0117l daugelio prie\u017eas\u010di\u0173! Jis yra labai universalus, tinka daugeliui jojimo stili\u0173. I\u0161 ties\u0173 sunku rasti \u017emog\u0173, kuriam nepatikt\u0173 \u201e\u0160ajenas\u201c! <\/p>\n<p>\u0160is balnas pagamintas i\u0161 mink\u0161tos atvir\u0173 por\u0173 apdirbtos karv\u0117s odos, kuri lengvai formuojama ir lanksti ant \u017eirgo nugaros. Balnas yra labai tvirtas ir lengvai pri\u017ei\u016brimas d\u0117l purvui atsparaus apdorojimo. \u0160is modelis yra ypatingai pam\u0117gtas raiteli\u0173, kurie m\u0117gsta jojim\u0105 be suvar\u017eym\u0173. Raitelio kojos gali laisvai si\u016bbuoti ir keli\u0173 blokeliai nevar\u017eo judesi\u0173. Kita vertus, jei norite keli\u0173 blokeli\u0173 balnui \u201c\u0160ajenas\u201d, galite juos u\u017esisakyti atskirai.<\/p>\n<p>Balno apa\u010dia yra \u0161viesios spalvos, pagaminta i\u0161 storos vilnos. 6 D formos \u017eiedai leid\u017eia prisisegti j\u016bs\u0173 kelioni\u0173\/jojimo b\u016btinybes. Stiklo pluo\u0161to balno lankelis ( komplektacijoje yra vidutinio dyd\u017eio lankelis) gali b\u016bti pakeistas, kaip ir kituose Barefoot balnuose.<\/p>\n<p>Pagrindin\u0117s funkcijos:<\/p>\n<ul>\n<li>Lankstus visomis kryptimis<\/li>\n<li>Nespaud\u017eia nugaros, tod\u0117l vir\u0161utin\u0117 linija gali gerai vystytis<\/li>\n<li>VPS sistema <\/li>\n<li>Svoris tik 5 kg<\/li>\n<\/ul>\n<p>\u0160iame populiariame balne kilp\u0173 pritvirtinimas gali b\u016bti perkeliamas pagal poreikius.<\/p>\n","protected":false},"excerpt":{"rendered":"<ul>\n<li>Labai lengvas, universalus balno modelis<\/li>\n<li>Su nauja PRO s\u0117dyne<\/li>\n<li>Pagamintas i\u0161 mink\u0161tos, atvir\u0173 por\u0173 apdirbtos karv\u0117s odos<\/li>\n<li>Labai lankstus ant \u017eirgo nugaros<\/li>\n<li>Artimas kontaktas su \u017eirgu<\/li>\n<li>Judesi\u0173 nevar\u017ean\u010dios keli\u0173 pagalv\u0117l\u0117s<\/li>\n<\/ul>\n","protected":false},"featured_media":9509,"template":"","meta":[],"product_brand":[],"product_cat":[1844],"product_tag":[1892,1891,2409,1908],"class_list":{"0":"post-9465","1":"product","2":"type-product","3":"status-publish","4":"has-post-thumbnail","6":"product_cat-beremiai-balnai","7":"product_tag-lengvas","8":"product_tag-oda","9":"product_tag-pro-lt","10":"product_tag-universalus-lt","11":"product_shipping_class-kurjeriu-pristatymas","12":"pa_colour-juoda","13":"pa_colour-ruda","14":"pa_size-0-lt","15":"pa_size-1-lt","16":"pa_size-2-lt","18":"first","19":"onbackorder","20":"shipping-taxable","21":"purchasable","22":"product-type-variable"},"_links":{"self":[{"href":"https:\/\/www.barefoot-baltics.ee\/lt\/wp-json\/wp\/v2\/product\/9465","targetHints":{"allow":["GET"]}}],"collection":[{"href":"https:\/\/www.barefoot-baltics.ee\/lt\/wp-json\/wp\/v2\/product"}],"about":[{"href":"https:\/\/www.barefoot-baltics.ee\/lt\/wp-json\/wp\/v2\/types\/product"}],"wp:featuredmedia":[{"embeddable":true,"href":"https:\/\/www.barefoot-baltics.ee\/lt\/wp-json\/wp\/v2\/media\/9509"}],"wp:attachment":[{"href":"https:\/\/www.barefoot-baltics.ee\/lt\/wp-json\/wp\/v2\/media?parent=9465"}],"wp:term":[{"taxonomy":"product_brand","embeddable":true,"href":"https:\/\/www.barefoot-baltics.ee\/lt\/wp-json\/wp\/v2\/product_brand?post=9465"},{"taxonomy":"product_cat","embeddable":true,"href":"https:\/\/www.barefoot-baltics.ee\/lt\/wp-json\/wp\/v2\/product_cat?post=9465"},{"taxonomy":"product_tag","embeddable":true,"href":"https:\/\/www.barefoot-baltics.ee\/lt\/wp-json\/wp\/v2\/product_tag?post=9465"}],"curies":[{"name":"wp","href":"https:\/\/api.w.org\/{rel}","templated":true}]}}