{"id":9421,"date":"2022-11-27T19:00:54","date_gmt":"2022-11-27T17:00:54","guid":{"rendered":"https:\/\/www.barefoot-baltics.ee\/?post_type=product&#038;p=9421"},"modified":"2022-11-27T19:28:32","modified_gmt":"2022-11-27T17:28:32","slug":"dailiojo-jojimo-balnas-londonas-pro","status":"publish","type":"product","link":"https:\/\/www.barefoot-baltics.ee\/lt\/produktas\/dailiojo-jojimo-balnas-londonas-pro\/","title":{"rendered":"Dailiojo jojimo balnas \u201cLondonas PRO\u201d"},"content":{"rendered":"<p>Barefoot\u00ae PRO \u2013 dar patogesnis balnas! Naujoji PRO s\u0117dyn\u0117 leid\u017eia vairuotojui s\u0117d\u0117ti siauresne, sta\u010diau ir klubams palankesn\u0117je pozoje.<\/p>\n<p>Barefoot \u201cLondonas\u201d yra mink\u0161tas, lankstus balnas tinkantis \u012fvairi\u0173 k\u016bno form\u0173 \u017eirgams. Jis turi pagal poreikius perkeliam\u0105 kilp\u0173 pritvirtinim\u0105, lanks\u010di\u0105 V\u2013 formos pavar\u017eos u\u017ever\u017eimo sistem\u0105 ir lipukais perdedamus keli\u0173 blokelius.<\/p>\n<p>Tai yra dailiojo jojimo balnas, pagamintas i\u0161 mink\u0161tos, apdirbtos, karv\u0117s odos ir sukurtas galvojant apie patogum\u0105 \u017eirgui. Ilgas balno sparnas pastato raitelio koj\u0105 \u012f atvir\u0105, dailiojo jojimo pozicij\u0105, kuri nefiksuoja raitelio s\u0117d\u0117senos. Balne raitelis s\u0117di giliai ir turi artim\u0105 kontakt\u0105 su arkliu tai ir yra kod\u0117l Barefoot yra \u017einomas. \u201cLondonas\u201d leis jums pajusti j\u016bs\u0173 \u017eirgo raumenis ir judesius, o tai yra rafinuoto jojimo pagrindas.<\/p>\n<p>Apa\u010dia pagaminta i\u0161 storos vilnos ir yra juoda. Pamink\u0161tinta keli\u0173 pagalv\u0117l\u0117. \u012e komplektacij\u0105 \u012feina du skirting\u0173 dyd\u017ei\u0173 keli\u0173 blokeliai, kurie prisegami prie balno lipukais . \u0160is balnas taip pat yra tinkamas \u017eygiams . Jame yra 6 D formos \u017eiedai j\u016bs\u0173 jojimo b\u016btinyb\u0117ms prisegti. Stiklo pluo\u0161to balno lankelis ( \u012f komplektacij\u0105 \u012feina vidutinio dyd\u017eio lankelis ) gali b\u016bti pakeistas kaip ir visuose Barefoot balnuose. Oda susi\u016bta dvigubom si\u016bl\u0117mis visose svor\u012f ne\u0161an\u010diose detal\u0117se.<\/p>\n<p>Pagrindin\u0117s funkcijos:<\/p>\n<ul>\n<li>Lankstus visomis kryptimis<\/li>\n<li>VPS sistema<\/li>\n<li>Nespaud\u017eia nugaros, tod\u0117l vir\u0161utin\u0117 linija gali gerai vystytis<\/li>\n<li>Artimas kontaktas su arkliu<\/li>\n<li>Svoris apie 5 kg<\/li>\n<\/ul>\n","protected":false},"excerpt":{"rendered":"<ul>\n<li>Lankstus, mink\u0161tos odos dailiojo jojimo balnas<\/li>\n<li>Su nauja PRO s\u0117dyne<\/li>\n<li>Lipukais reguliuojami keli\u0173 blokeliai<\/li>\n<li>Kilp\u0173 pritvirtinimas gali b\u016bti perd\u0117tas pagal poreikius<\/li>\n<li>Turi Barefoot VPS sistem\u0105<\/li>\n<li>Taip pat puikiai tinka trump\u0173 nugar\u0173 \u017eirgams<\/li>\n<\/ul>\n","protected":false},"featured_media":9444,"template":"","meta":[],"product_brand":[],"product_cat":[1844],"product_tag":[1871,1891,2409],"class_list":{"0":"post-9421","1":"product","2":"type-product","3":"status-publish","4":"has-post-thumbnail","6":"product_cat-beremiai-balnai","7":"product_tag-dailusis-jojimas","8":"product_tag-oda","9":"product_tag-pro-lt","10":"product_shipping_class-kurjeriu-pristatymas","11":"pa_size-0-lt","12":"pa_size-1-lt","13":"pa_size-2-lt","15":"first","16":"onbackorder","17":"shipping-taxable","18":"purchasable","19":"product-type-variable"},"_links":{"self":[{"href":"https:\/\/www.barefoot-baltics.ee\/lt\/wp-json\/wp\/v2\/product\/9421","targetHints":{"allow":["GET"]}}],"collection":[{"href":"https:\/\/www.barefoot-baltics.ee\/lt\/wp-json\/wp\/v2\/product"}],"about":[{"href":"https:\/\/www.barefoot-baltics.ee\/lt\/wp-json\/wp\/v2\/types\/product"}],"wp:featuredmedia":[{"embeddable":true,"href":"https:\/\/www.barefoot-baltics.ee\/lt\/wp-json\/wp\/v2\/media\/9444"}],"wp:attachment":[{"href":"https:\/\/www.barefoot-baltics.ee\/lt\/wp-json\/wp\/v2\/media?parent=9421"}],"wp:term":[{"taxonomy":"product_brand","embeddable":true,"href":"https:\/\/www.barefoot-baltics.ee\/lt\/wp-json\/wp\/v2\/product_brand?post=9421"},{"taxonomy":"product_cat","embeddable":true,"href":"https:\/\/www.barefoot-baltics.ee\/lt\/wp-json\/wp\/v2\/product_cat?post=9421"},{"taxonomy":"product_tag","embeddable":true,"href":"https:\/\/www.barefoot-baltics.ee\/lt\/wp-json\/wp\/v2\/product_tag?post=9421"}],"curies":[{"name":"wp","href":"https:\/\/api.w.org\/{rel}","templated":true}]}}