{"id":7352,"date":"2018-09-07T14:42:59","date_gmt":"2018-09-07T11:42:59","guid":{"rendered":"https:\/\/www.barefoot-baltics.ee\/product\/individualaus-uzsakymo-balnas-cerokis\/"},"modified":"2021-08-30T15:53:53","modified_gmt":"2021-08-30T12:53:53","slug":"individualaus-uzsakymo-balnas-cerokis","status":"publish","type":"product","link":"https:\/\/www.barefoot-baltics.ee\/lt\/produktas\/individualaus-uzsakymo-balnas-cerokis\/","title":{"rendered":"Individualaus u\u017esakymo balnas \u201c\u010cerokis\u201d"},"content":{"rendered":"<p>Tiems, kurie nori ka\u017eko individualesnio, nei rudas ar juodas balnas\u2013 \u0161tai proga tur\u0117ti Barefoot individualaus dizaino baln\u0105. Galima rinktis i\u0161 10 skirting\u0173 odos spalv\u0173 . Nuo dir\u017e\u0173 pavar\u017eai prisegti, vilnos apa\u010dios iki u\u017etrauktuko, j\u016bs sprend\u017eiate, kaip norite, kad j\u016bs\u0173 balnas atrodyt\u0173.<\/p>\n<p>J\u016bs galite naudoti dizaino \u012frank\u012f Barefoot gamyklos puslapyje sukurti savo balnui paspausdami: <a href=\"https:\/\/www.barefoot-baltics.ee\/wp-content\/uploads\/2019\/07\/Custom-Made-Saddle-Cherokee.pdf\" rel=\"noopener noreferrer\" target=\"_blank\">\u010cIA<\/a>. Kai baigsite kurti savo dizain\u0105, pra\u0161au i\u0161saugokite vaizd\u0105. Tada atsi\u0173skite j\u012f mums ir mes j\u012f paimsime..Kai baigsite kurti savo dizain\u0105, pra\u0161au i\u0161saugokite. Tada atsi\u0173skite j\u012f mums.<\/p>\n<p>Siuntimo laikas \u012fskaitant, \u012fspaud\u0105 ir autenti\u0161kumo sertifikat\u0105, yra 12\u201316 savai\u010di\u0173. Baln\u0105 galima u\u017esisakyti su priekiniu ragu arba rankenomis pradedantiesiems. <\/p>\n<p>Odinis apdaila, 6 D formos \u017eiedai, prisegti j\u016bs\u0173 kelion\u0117s\/jojimo reikm\u0117ms. Stiklo pluo\u0161to balno lankelis (\u012f komplektacij\u0105 \u012feina vidutinio dyd\u017eio lankelis) yra kei\u010diamas kaip ir visuose Barefoot balnuose.  <\/p>\n<p>Visa m\u016bs\u0173 produktuose naudojama oda yra i\u0161rauginta ir nuda\u017eyta naudojant nat\u016bralius, augalin\u0117s kilm\u0117s produktus. Barefoot odiniai produktai neturi chromo ir kit\u0173 \u017ealing\u0173 med\u017eiag\u0173. \u0160is procesas yra 100% saugus aplinkai \u2013 chemikalai ar toksi\u0161kos med\u017eiagos nenaudojami.<\/p>\n<p>Ta\u010diau augalinio da\u017eymo ir rauginimo rezultatai gali labai skirtis . Tai rei\u0161kia, kad m\u016bs\u0173 baln\u0173 spalva da\u017enai \u017eymiai skiriasi nuo rodom\u0173 m\u016bs\u0173 konfig\u016bratoriuje. Pra\u0161ome u\u017esisakant atsi\u017evelgti \u012f tai, kad spalvos rodomos m\u016bs\u0173 konfig\u016bratoriuje yra numatomos kaip apytikris vadovas spalv\u0173 spektrui. Tai yra ma\u017ea kaina, kuri\u0105 sumok\u0117sime ir mes, ir j\u016bs, kad apsaugotume gamt\u0105 ateities kartoms.<\/p>\n<p>NB! Tai individualus balnas, pagamintas pagal j\u016bs\u0173 tikslius norus. Tod\u0117l standartin\u0117 14 dien\u0173 vis\u0173 pinig\u0173  gr\u0105\u017einimo garantija negalioja. Tuo atveju, jei nor\u0117site gr\u0105\u017einti \u0161\u012f individualaus u\u017esakymo baln\u0105, mums reik\u0117s rasti bendr\u0105 susitarim\u0105. <\/p>\n","protected":false},"excerpt":{"rendered":"<ul>\n<li>Sukurkite savo individual\u0173 Barefoot baln\u0105<\/li>\n<li>Pasirinkite i\u0161 10 skirting\u0173 od\u0173 spalv\u0173<\/li>\n<li>Individualaus u\u017esakymo balnas: dizainas j\u016bs\u0173 rankose<\/li>\n<\/ul>\n","protected":false},"featured_media":522,"template":"","meta":[],"product_brand":[],"product_cat":[1844],"product_tag":[1870,1891,1881,1883],"class_list":{"0":"post-7352","1":"product","2":"type-product","3":"status-publish","4":"has-post-thumbnail","6":"product_cat-beremiai-balnai","7":"product_tag-individualus","8":"product_tag-oda","9":"product_tag-pradedantiesiems","10":"product_tag-universalus","11":"product_shipping_class-kurjeriu-pristatymas","12":"pa_size-1-lt","13":"pa_size-2-lt","15":"first","16":"onbackorder","17":"shipping-taxable","18":"purchasable","19":"product-type-variable"},"_links":{"self":[{"href":"https:\/\/www.barefoot-baltics.ee\/lt\/wp-json\/wp\/v2\/product\/7352","targetHints":{"allow":["GET"]}}],"collection":[{"href":"https:\/\/www.barefoot-baltics.ee\/lt\/wp-json\/wp\/v2\/product"}],"about":[{"href":"https:\/\/www.barefoot-baltics.ee\/lt\/wp-json\/wp\/v2\/types\/product"}],"wp:featuredmedia":[{"embeddable":true,"href":"https:\/\/www.barefoot-baltics.ee\/lt\/wp-json\/wp\/v2\/media\/522"}],"wp:attachment":[{"href":"https:\/\/www.barefoot-baltics.ee\/lt\/wp-json\/wp\/v2\/media?parent=7352"}],"wp:term":[{"taxonomy":"product_brand","embeddable":true,"href":"https:\/\/www.barefoot-baltics.ee\/lt\/wp-json\/wp\/v2\/product_brand?post=7352"},{"taxonomy":"product_cat","embeddable":true,"href":"https:\/\/www.barefoot-baltics.ee\/lt\/wp-json\/wp\/v2\/product_cat?post=7352"},{"taxonomy":"product_tag","embeddable":true,"href":"https:\/\/www.barefoot-baltics.ee\/lt\/wp-json\/wp\/v2\/product_tag?post=7352"}],"curies":[{"name":"wp","href":"https:\/\/api.w.org\/{rel}","templated":true}]}}