{"id":6975,"date":"2019-09-28T10:11:27","date_gmt":"2019-09-28T07:11:27","guid":{"rendered":"https:\/\/www.barefoot-baltics.ee\/product\/uzdaros-kilpos-zygis\/"},"modified":"2021-06-01T19:03:58","modified_gmt":"2021-06-01T16:03:58","slug":"uzdaros-kilpos-zygis","status":"publish","type":"product","link":"https:\/\/www.barefoot-baltics.ee\/lt\/produktas\/uzdaros-kilpos-zygis\/","title":{"rendered":"U\u017edaros kilpos \u201c\u017dygis&#8221;"},"content":{"rendered":"<p>\u0160ios lengvos kilpos turi itin plat\u0173 ir elasting\u0105 paduk\u0105, tod\u0117l jos puikiai tinka ilgam i\u0161tverm\u0117s jojimui. Pavir\u0161ius pagamintas i\u0161 neslid\u017eios gumos, po kuria yra mink\u0161tas ir elastingas put\u0173 sluoksnis. Padukas su\u0161velnina sm\u016bgius, tod\u0117l raitelis jau\u010diasi patogiai. Tai tikrai labai svarbu ilguose \u017eygiuose.<\/p>\n<p>Kilpos tinka pla\u010dioms (2 coli\u0173) vesterno stiliaus balnakilp\u0117ms ir balnasparniams.<\/p>\n<p>Kilp\u0105 u\u017edaranti dalis pagaminta i\u0161 lankstaus plastiko. U\u017edaras priekis apsaugo raitelio p\u0117d\u0105 nuo u\u017estrigimo kilpoje, taip i\u0161vengiant itin pavojing\u0173 situacij\u0173 krentant nuo arklio.<\/p>\n<p>Kilpos yra juodos arba rudos spalvos. Paduko plotis 14 cm.<\/p>\n","protected":false},"excerpt":{"rendered":"<ul>\n<li>Lengvos kilpos puikiai tinkan\u010dios ilgoms kelion\u0117ms<\/li>\n<li>Kilp\u0105 u\u017edaranti dalis pagaminta i\u0161 lankstaus plastiko<\/li>\n<li>Itin platus, elastingas padukas, labai patogus raiteliams<\/li>\n<li>Tinka 2 coli\u0173 (vesterno) balnakilp\u0117ms ir balnasparniams<\/li>\n<\/ul>\n","protected":false},"featured_media":6898,"template":"","meta":[],"product_brand":[],"product_cat":[1849],"product_tag":[1857,1877,1909,1907],"class_list":{"0":"post-6975","1":"product","2":"type-product","3":"status-publish","4":"has-post-thumbnail","6":"product_cat-kilpos-ir-kilpdirziai","7":"product_tag-2-coliai","8":"product_tag-labai-patogus","9":"product_tag-vesterno","10":"product_tag-zygis","11":"product_shipping_class-siuntu-stotis","12":"pa_colour-juoda","13":"pa_colour-ruda","15":"first","16":"onbackorder","17":"shipping-taxable","18":"purchasable","19":"product-type-variable"},"_links":{"self":[{"href":"https:\/\/www.barefoot-baltics.ee\/lt\/wp-json\/wp\/v2\/product\/6975","targetHints":{"allow":["GET"]}}],"collection":[{"href":"https:\/\/www.barefoot-baltics.ee\/lt\/wp-json\/wp\/v2\/product"}],"about":[{"href":"https:\/\/www.barefoot-baltics.ee\/lt\/wp-json\/wp\/v2\/types\/product"}],"wp:featuredmedia":[{"embeddable":true,"href":"https:\/\/www.barefoot-baltics.ee\/lt\/wp-json\/wp\/v2\/media\/6898"}],"wp:attachment":[{"href":"https:\/\/www.barefoot-baltics.ee\/lt\/wp-json\/wp\/v2\/media?parent=6975"}],"wp:term":[{"taxonomy":"product_brand","embeddable":true,"href":"https:\/\/www.barefoot-baltics.ee\/lt\/wp-json\/wp\/v2\/product_brand?post=6975"},{"taxonomy":"product_cat","embeddable":true,"href":"https:\/\/www.barefoot-baltics.ee\/lt\/wp-json\/wp\/v2\/product_cat?post=6975"},{"taxonomy":"product_tag","embeddable":true,"href":"https:\/\/www.barefoot-baltics.ee\/lt\/wp-json\/wp\/v2\/product_tag?post=6975"}],"curies":[{"name":"wp","href":"https:\/\/api.w.org\/{rel}","templated":true}]}}