{"id":6974,"date":"2019-09-28T09:52:37","date_gmt":"2019-09-28T06:52:37","guid":{"rendered":"https:\/\/www.barefoot-baltics.ee\/product\/gumines-juosteles\/"},"modified":"2019-10-03T09:53:38","modified_gmt":"2019-10-03T06:53:38","slug":"gumines-juosteles","status":"publish","type":"product","link":"https:\/\/www.barefoot-baltics.ee\/lt\/produktas\/gumines-juosteles\/","title":{"rendered":"Gumin\u0117s juostel\u0117s"},"content":{"rendered":"<p>Tai pora tvirtos gumos juosteli\u0173, skirt\u0173 saugioms kilpoms su gumine juostele. Lengvai pakeisite sen\u0105sias, susid\u0117v\u0117jusias juosteles naujomis.<\/p>\n","protected":false},"excerpt":{"rendered":"<ul>\n<li>Pora gumini\u0173 juosteli\u0173<\/li>\n<li>Atsargin\u0117s juostel\u0117s , skirtos saugioms kilpoms su gumine juostele<\/li>\n<\/ul>\n","protected":false},"featured_media":6879,"template":"","meta":[],"product_brand":[],"product_cat":[1849],"product_tag":[2050],"class_list":{"0":"post-6974","1":"product","2":"type-product","3":"status-publish","4":"has-post-thumbnail","6":"product_cat-kilpos-ir-kilpdirziai","7":"product_tag-atsargine-dalis","8":"product_shipping_class-siuntu-stotis","10":"first","11":"onbackorder","12":"shipping-taxable","13":"purchasable","14":"product-type-simple"},"_links":{"self":[{"href":"https:\/\/www.barefoot-baltics.ee\/lt\/wp-json\/wp\/v2\/product\/6974","targetHints":{"allow":["GET"]}}],"collection":[{"href":"https:\/\/www.barefoot-baltics.ee\/lt\/wp-json\/wp\/v2\/product"}],"about":[{"href":"https:\/\/www.barefoot-baltics.ee\/lt\/wp-json\/wp\/v2\/types\/product"}],"wp:featuredmedia":[{"embeddable":true,"href":"https:\/\/www.barefoot-baltics.ee\/lt\/wp-json\/wp\/v2\/media\/6879"}],"wp:attachment":[{"href":"https:\/\/www.barefoot-baltics.ee\/lt\/wp-json\/wp\/v2\/media?parent=6974"}],"wp:term":[{"taxonomy":"product_brand","embeddable":true,"href":"https:\/\/www.barefoot-baltics.ee\/lt\/wp-json\/wp\/v2\/product_brand?post=6974"},{"taxonomy":"product_cat","embeddable":true,"href":"https:\/\/www.barefoot-baltics.ee\/lt\/wp-json\/wp\/v2\/product_cat?post=6974"},{"taxonomy":"product_tag","embeddable":true,"href":"https:\/\/www.barefoot-baltics.ee\/lt\/wp-json\/wp\/v2\/product_tag?post=6974"}],"curies":[{"name":"wp","href":"https:\/\/api.w.org\/{rel}","templated":true}]}}