{"id":6822,"date":"2018-10-22T11:52:38","date_gmt":"2018-10-22T08:52:38","guid":{"rendered":"https:\/\/www.barefoot-baltics.ee\/product\/odos-sampunas\/"},"modified":"2019-09-09T11:12:14","modified_gmt":"2019-09-09T08:12:14","slug":"odos-sampunas","status":"publish","type":"product","link":"https:\/\/www.barefoot-baltics.ee\/lt\/produktas\/odos-sampunas\/","title":{"rendered":"Odos \u0161amp\u016bnas"},"content":{"rendered":"<p>Renkantis kremus odai, j\u016bs tur\u0117tum\u0117te tur\u0117ti omenyje, jog Barefoot ber\u0117miai balnai paprastai yra pagaminti i\u0161 nubuko arba mink\u0161tos odos. Nubuko oda yra nu\u0161lifuota gr\u016bd\u0117toje pus\u0117je ir tai jai suteikia persiko odos tekst\u016br\u0105. Oda turi \u0161veln\u0173, mink\u0161t\u0105 pavir\u0161i\u0173, kuris yra labai lankstus ir leid\u017eia jums jaustis taip, tarsi s\u0117d\u0117tum\u0117te ant debesies.<\/p>\n<p>Abu odos tipai yra atvir\u0173 por\u0173, taigi yra labai lankst\u016bs, o tai leid\u017eia balnams prisitaikyti prie \u017eirgo nugaros, nepaaukojant stabilumo, patogumo ir kokyb\u0117s.<\/p>\n<p>Jei norite b\u016bti tikri, jog naudojate teisingus odos prie\u017ei\u016bros produktus, kurie tinka atvir\u0173 por\u0173 odai, mes rekomenduojame naudoti Barefoot produktus. \u0160is odos \u0161amp\u016bnas kruop\u0161\u010diai pa\u0161alina purv\u0105 ir prakait\u0105. Jis yra lengvai naudojamas: tiesiog papur\u0161kite, lengvai patrinkite ir nuvalykite pertekli\u0173.<\/p>\n<p>\u0160amp\u016bno buteliuke yra 500 ml \u0161amp\u016bno.<\/p>\n","protected":false},"excerpt":{"rendered":"<ul>\n<li>I\u0161valo ir maitina visus odos tipus<\/li>\n<li>Puikiai tinka nubuko ir zom\u0161os odai<\/li>\n<li>Lengvai pur\u0161kiamas<\/li>\n<\/ul>\n","protected":false},"featured_media":985,"template":"","meta":[],"product_brand":[],"product_cat":[1854],"product_tag":[1891],"class_list":{"0":"post-6822","1":"product","2":"type-product","3":"status-publish","4":"has-post-thumbnail","6":"product_cat-odos-prieziura","7":"product_tag-oda","8":"product_shipping_class-siuntu-stotis","10":"first","11":"onbackorder","12":"shipping-taxable","13":"purchasable","14":"product-type-simple"},"_links":{"self":[{"href":"https:\/\/www.barefoot-baltics.ee\/lt\/wp-json\/wp\/v2\/product\/6822","targetHints":{"allow":["GET"]}}],"collection":[{"href":"https:\/\/www.barefoot-baltics.ee\/lt\/wp-json\/wp\/v2\/product"}],"about":[{"href":"https:\/\/www.barefoot-baltics.ee\/lt\/wp-json\/wp\/v2\/types\/product"}],"wp:featuredmedia":[{"embeddable":true,"href":"https:\/\/www.barefoot-baltics.ee\/lt\/wp-json\/wp\/v2\/media\/985"}],"wp:attachment":[{"href":"https:\/\/www.barefoot-baltics.ee\/lt\/wp-json\/wp\/v2\/media?parent=6822"}],"wp:term":[{"taxonomy":"product_brand","embeddable":true,"href":"https:\/\/www.barefoot-baltics.ee\/lt\/wp-json\/wp\/v2\/product_brand?post=6822"},{"taxonomy":"product_cat","embeddable":true,"href":"https:\/\/www.barefoot-baltics.ee\/lt\/wp-json\/wp\/v2\/product_cat?post=6822"},{"taxonomy":"product_tag","embeddable":true,"href":"https:\/\/www.barefoot-baltics.ee\/lt\/wp-json\/wp\/v2\/product_tag?post=6822"}],"curies":[{"name":"wp","href":"https:\/\/api.w.org\/{rel}","templated":true}]}}