{"id":6821,"date":"2018-10-22T11:35:39","date_gmt":"2018-10-22T08:35:39","guid":{"rendered":"https:\/\/www.barefoot-baltics.ee\/product\/kremas-odai\/"},"modified":"2021-10-13T18:56:27","modified_gmt":"2021-10-13T15:56:27","slug":"kremas-odai","status":"publish","type":"product","link":"https:\/\/www.barefoot-baltics.ee\/lt\/produktas\/kremas-odai\/","title":{"rendered":"Kremas odai"},"content":{"rendered":"<p>Renkantis kremus odai, j\u016bs tur\u0117tum\u0117te tur\u0117ti omenyje, jog Barefoot ber\u0117miai balnai paprastai yra pagaminti i\u0161 nubuko arba mink\u0161tos odos. Nubuko oda yra nu\u0161lifuota gr\u016bd\u0117toje pus\u0117je ir tai jai suteikia persiko odos tekst\u016br\u0105. Oda turi \u0161veln\u0173, mink\u0161t\u0105 pavir\u0161i\u0173, kuris yra labai lankstus ir leid\u017eia jums jaustis taip, tarsi s\u0117d\u0117tum\u0117te ant debesies. \ud83d\ude42<\/p>\n<p>Abu odos tipai yra atvir\u0173 por\u0173, taigi yra labai lankst\u016bs, o tai leid\u017eia balnams prisitaikyti prie \u017eirgo nugaros, nepaaukojant stabilumo, patogumo ir kokyb\u0117s. J\u016bs netur\u0117tum\u0117te naudoti riebal\u0173 ar va\u0161k\u0173 nubuko ar mink\u0161tos odos valymui, nes tai u\u017eki\u0161 \u0161i\u0173 od\u0173 atviras poras. Su Barefoot odos prie\u017ei\u016bros produktais n\u0117ra toki\u0173 r\u016bpes\u010di\u0173.<\/p>\n<p>\u0160is kremas odai kondicionuoja ir maitina visus odos tipus ir yra ypatingai geras atvir\u0173 por\u0173 odai. Naudojant reguliariai, jis apsaugo od\u0105 ir i\u0161laiko j\u0105 elastinga. Indelyje yra 200 ml kremo ir atitinkama kempin\u0117. <\/p>\n","protected":false},"excerpt":{"rendered":"<ul>\n<li>Maitina visus odos tipus<\/li>\n<li>Tinka nubuko ir zom\u0161os odai<\/li>\n<li>Pakanka tik vieno la\u0161o!<\/li>\n<\/ul>\n","protected":false},"featured_media":982,"template":"","meta":[],"product_brand":[],"product_cat":[1854],"product_tag":[1891],"class_list":{"0":"post-6821","1":"product","2":"type-product","3":"status-publish","4":"has-post-thumbnail","6":"product_cat-odos-prieziura","7":"product_tag-oda","8":"product_shipping_class-siuntu-stotis","10":"first","11":"onbackorder","12":"shipping-taxable","13":"purchasable","14":"product-type-simple"},"_links":{"self":[{"href":"https:\/\/www.barefoot-baltics.ee\/lt\/wp-json\/wp\/v2\/product\/6821","targetHints":{"allow":["GET"]}}],"collection":[{"href":"https:\/\/www.barefoot-baltics.ee\/lt\/wp-json\/wp\/v2\/product"}],"about":[{"href":"https:\/\/www.barefoot-baltics.ee\/lt\/wp-json\/wp\/v2\/types\/product"}],"wp:featuredmedia":[{"embeddable":true,"href":"https:\/\/www.barefoot-baltics.ee\/lt\/wp-json\/wp\/v2\/media\/982"}],"wp:attachment":[{"href":"https:\/\/www.barefoot-baltics.ee\/lt\/wp-json\/wp\/v2\/media?parent=6821"}],"wp:term":[{"taxonomy":"product_brand","embeddable":true,"href":"https:\/\/www.barefoot-baltics.ee\/lt\/wp-json\/wp\/v2\/product_brand?post=6821"},{"taxonomy":"product_cat","embeddable":true,"href":"https:\/\/www.barefoot-baltics.ee\/lt\/wp-json\/wp\/v2\/product_cat?post=6821"},{"taxonomy":"product_tag","embeddable":true,"href":"https:\/\/www.barefoot-baltics.ee\/lt\/wp-json\/wp\/v2\/product_tag?post=6821"}],"curies":[{"name":"wp","href":"https:\/\/api.w.org\/{rel}","templated":true}]}}