{"id":6818,"date":"2018-10-22T15:20:34","date_gmt":"2018-10-22T12:20:34","guid":{"rendered":"https:\/\/www.barefoot-baltics.ee\/product\/kremas-spalvotai-odai\/"},"modified":"2020-11-27T17:15:01","modified_gmt":"2020-11-27T15:15:01","slug":"kremas-spalvotai-odai","status":"publish","type":"product","link":"https:\/\/www.barefoot-baltics.ee\/lt\/produktas\/kremas-spalvotai-odai\/","title":{"rendered":"Kremas spalvotai odai"},"content":{"rendered":"<p>\u0160is Barefoot spalvos kremas odai yra tinkamas visiems odos tipams. Jis u\u017ekerta keli\u0105 saul\u0117s \u017ealai, atstato ir atnaujina i\u0161blukusios odos spalvas. Kreminis balzamas taip pat maitina od\u0105 ir neleid\u017eia jai i\u0161d\u017ei\u016bti. Teisingai naudojant d\u0117mi\u0173 neb\u016bna!<\/p>\n<p>Mes ypatingai rekomenduojame j\u012f visai Barefoot \u012frangai. J\u016bs netur\u0117tum\u0117te naudoti riebal\u0173 ir va\u0161ko nubuko ar mink\u0161tai odai valyti, nes tai u\u017ekim\u0161 \u0161i\u0173 od\u0173 poras. Reguliariai naudojamas, jis apsaugo od\u0105 ir i\u0161laiko j\u0105 elastinga. <\/p>\n<p>Indelyje yra 100 ml kremo ir atitinkama kempin\u0117. Pra\u0161ome tepti j\u012f labai plonais sluoksniais. \u0160io ma\u017eo stiklainio tur\u0117t\u0173 u\u017etekti ilgam. \ud83d\ude42<\/p>\n","protected":false},"excerpt":{"rendered":"<ul>\n<li>Atgaivina saul\u0117je nudegintos ir pad\u0117v\u0117tos odos spalv\u0105<\/li>\n<li>Nepalieka d\u0117mi\u0173<\/li>\n<li>Maitina visus odos tipus<\/li>\n<li>Tinka nubuko ir zom\u0161os odai<\/li>\n<li>Pakanka tik vieno la\u0161o<\/li>\n<\/ul>\n","protected":false},"featured_media":990,"template":"","meta":[],"product_brand":[],"product_cat":[1854],"product_tag":[1891],"class_list":{"0":"post-6818","1":"product","2":"type-product","3":"status-publish","4":"has-post-thumbnail","6":"product_cat-odos-prieziura","7":"product_tag-oda","8":"product_shipping_class-siuntu-stotis","9":"pa_colour-juoda","10":"pa_colour-ruda","12":"first","13":"instock","14":"shipping-taxable","15":"purchasable","16":"product-type-variable"},"_links":{"self":[{"href":"https:\/\/www.barefoot-baltics.ee\/lt\/wp-json\/wp\/v2\/product\/6818","targetHints":{"allow":["GET"]}}],"collection":[{"href":"https:\/\/www.barefoot-baltics.ee\/lt\/wp-json\/wp\/v2\/product"}],"about":[{"href":"https:\/\/www.barefoot-baltics.ee\/lt\/wp-json\/wp\/v2\/types\/product"}],"wp:featuredmedia":[{"embeddable":true,"href":"https:\/\/www.barefoot-baltics.ee\/lt\/wp-json\/wp\/v2\/media\/990"}],"wp:attachment":[{"href":"https:\/\/www.barefoot-baltics.ee\/lt\/wp-json\/wp\/v2\/media?parent=6818"}],"wp:term":[{"taxonomy":"product_brand","embeddable":true,"href":"https:\/\/www.barefoot-baltics.ee\/lt\/wp-json\/wp\/v2\/product_brand?post=6818"},{"taxonomy":"product_cat","embeddable":true,"href":"https:\/\/www.barefoot-baltics.ee\/lt\/wp-json\/wp\/v2\/product_cat?post=6818"},{"taxonomy":"product_tag","embeddable":true,"href":"https:\/\/www.barefoot-baltics.ee\/lt\/wp-json\/wp\/v2\/product_tag?post=6818"}],"curies":[{"name":"wp","href":"https:\/\/api.w.org\/{rel}","templated":true}]}}