{"id":6800,"date":"2019-03-07T11:27:56","date_gmt":"2019-03-07T09:27:56","guid":{"rendered":"https:\/\/www.barefoot-baltics.ee\/product\/jojimo-kelnes-liberta-moterims\/"},"modified":"2020-03-31T08:27:31","modified_gmt":"2020-03-31T05:27:31","slug":"jojimo-kelnes-liberta-moterims","status":"publish","type":"product","link":"https:\/\/www.barefoot-baltics.ee\/lt\/produktas\/jojimo-kelnes-liberta-moterims\/","title":{"rendered":"Jojimo keln\u0117s \u201cLiberta\u201d (moterims)"},"content":{"rendered":"<p>Barefoot jojimo keln\u0117s yra labai auk\u0161tos kokyb\u0117s \u2013  kaip ir visi Barefoot produktai. Jos malonios ir atrodo gerai!<\/p>\n<p>Mums ypatingai svarbu buvo sukurti jojimo kelnes, kurios negnaibo, nes jojimas tur\u0117t\u0173 b\u016bti linksmas! Taigi mes prid\u0117jome elastin\u0119 juosmens juost\u0105, kuri yra platesn\u0117 nei \u012fprasta. Jos labai gra\u017eiai priglunda \u2013 ir ne tik labai lieknoms panel\u0117ms. <\/p>\n<p>Med\u017eiaga yra sunkiai nune\u0161iojama, patogi d\u0117v\u0117ti, bet taip pat tampri. Pilnas dirbtin\u0117s odos \u012fsiuvas leid\u017eia raiteliui jaustis tarsi priklijuotam prie balno. Kle\u0161ni\u0173 plotis gali b\u016bti sureguliuotas u\u017etrauktukais, taigi batus u\u017esimauti tampa daug lengviau.<\/p>\n<p>Kilp\u0173 vieta yra platesn\u0117 ir mink\u0161tesn\u0117, n\u0117ra spaudimo ta\u0161k\u0173 nuo sag\u0173.  Dir\u017eo kilpos yra kitokios spalvos. Yra dvi ki\u0161en\u0117s, kair\u0117je ir de\u0161in\u0117je, dvi prisi\u016btos ki\u0161en\u0117s gale su lipukais ir papildoma ki\u0161en\u0117 de\u0161in\u0117je pus\u0117je. <\/p>\n<p>Audinio sud\u0117tis 63% medviln\u0117s, 32% viskoz\u0117s ir 5% elastano. \u012esiuvas pagamintas i\u0161 tampraus \u201cKlarino\u201d (sintetin\u0117 oda),  kur\u012f sudaro  60% nailono ir 40% poliuretano. Keln\u0117s yra skalbiamos 30 \u00b0C.<\/p>\n<p>M\u016bs\u0173 jojimo keln\u0117s yra dviej\u0173 spalv\u0173. Dyd\u017eiai atitinka voki\u0161kus standartus. Pra\u0161ome pasi\u017ei\u016br\u0117ti \u012f \u0161i\u0105 lentel\u0119 d\u0117l tiksli\u0173 i\u0161matavim\u0173. <\/p>\n<div id=\"footable_parent_6817\"\n         class=\" footable_parent ninja_table_wrapper loading_ninja_table wp_table_data_press_parent semantic_ui \">\n                <table data-ninja_table_instance=\"ninja_table_instance_0\" data-footable_id=\"6817\" data-filter-delay=\"1000\" aria-label=\"Jojimo keln\u0117s \u201cLiberta\u201d, matmenys, LT\"            id=\"footable_6817\"\n           data-unique_identifier=\"ninja_table_unique_id_4105889780_6817\"\n           class=\" foo-table ninja_footable foo_table_6817 ninja_table_unique_id_4105889780_6817 ui table  nt_type_ajax_table selectable striped vertical_centered  footable-paging-right ninja_table_search_disabled\">\n                <colgroup>\n                            <col class=\"ninja_column_0 \">\n                            <col class=\"ninja_column_1 \">\n                            <col class=\"ninja_column_2 \">\n                            <col class=\"ninja_column_3 \">\n                    <\/colgroup>\n            <\/table>\n    \n    \n    \n<\/div>\n\n","protected":false},"excerpt":{"rendered":"<ul>\n<li>Gra\u017eios, madingos jojimo keln\u0117s<\/li>\n<li>Gra\u017eus prigludimas ne tik labai lieknoms panel\u0117ms!<\/li>\n<li>Papildoma ki\u0161en\u0117 de\u0161in\u0117je pus\u0117je<\/li>\n<li>Elastin\u0117 juosmens juosta vos vir\u0161 liemens<\/li>\n<\/ul>\n","protected":false},"featured_media":1942,"template":"","meta":[],"product_brand":[],"product_cat":[1853],"product_tag":[1877,1865],"class_list":{"0":"post-6800","1":"product","2":"type-product","3":"status-publish","4":"has-post-thumbnail","6":"product_cat-jojimo-apranga-ir-kita","7":"product_tag-labai-patogus","8":"product_tag-madingas","9":"product_shipping_class-siuntu-stotis","10":"pa_colour-juoda-pilka","11":"pa_colour-ruda","12":"pa_size-36-lt","13":"pa_size-36-ilgesnis","14":"pa_size-38-lt","15":"pa_size-38-ilgesnis","16":"pa_size-40-lt","17":"pa_size-40-ilgesnis","18":"pa_size-42-lt","19":"pa_size-42-ilgesnis","20":"pa_size-44-lt","21":"pa_size-44-ilgesnis","23":"first","24":"onbackorder","25":"shipping-taxable","26":"purchasable","27":"product-type-variable"},"_links":{"self":[{"href":"https:\/\/www.barefoot-baltics.ee\/lt\/wp-json\/wp\/v2\/product\/6800","targetHints":{"allow":["GET"]}}],"collection":[{"href":"https:\/\/www.barefoot-baltics.ee\/lt\/wp-json\/wp\/v2\/product"}],"about":[{"href":"https:\/\/www.barefoot-baltics.ee\/lt\/wp-json\/wp\/v2\/types\/product"}],"wp:featuredmedia":[{"embeddable":true,"href":"https:\/\/www.barefoot-baltics.ee\/lt\/wp-json\/wp\/v2\/media\/1942"}],"wp:attachment":[{"href":"https:\/\/www.barefoot-baltics.ee\/lt\/wp-json\/wp\/v2\/media?parent=6800"}],"wp:term":[{"taxonomy":"product_brand","embeddable":true,"href":"https:\/\/www.barefoot-baltics.ee\/lt\/wp-json\/wp\/v2\/product_brand?post=6800"},{"taxonomy":"product_cat","embeddable":true,"href":"https:\/\/www.barefoot-baltics.ee\/lt\/wp-json\/wp\/v2\/product_cat?post=6800"},{"taxonomy":"product_tag","embeddable":true,"href":"https:\/\/www.barefoot-baltics.ee\/lt\/wp-json\/wp\/v2\/product_tag?post=6800"}],"curies":[{"name":"wp","href":"https:\/\/api.w.org\/{rel}","templated":true}]}}