{"id":6790,"date":"2019-03-07T13:43:55","date_gmt":"2019-03-07T11:43:55","guid":{"rendered":"https:\/\/www.barefoot-baltics.ee\/product\/lengvas-svarkas-silkaverpe-moterims\/"},"modified":"2022-01-05T16:05:04","modified_gmt":"2022-01-05T14:05:04","slug":"lengvas-svarkas-silkaverpe-moterims","status":"publish","type":"product","link":"https:\/\/www.barefoot-baltics.ee\/lt\/produktas\/lengvas-svarkas-silkaverpe-moterims\/","title":{"rendered":"Lengvas \u0161varkas \u201c\u0160ilkaverp\u0117\u201d (moterims)"},"content":{"rendered":"<p>\u0160is lengvas \u0161varkas yra maloniai mink\u0161tas. Jis atrodo gerai ir yra patogus.<\/p>\n<p>Pliu\u0161as ir mink\u0161tos vilnos med\u017eiaga su \u0161ilkiniu blizgesiu yra labai patogi. Pasi\u016btas taip, kad pe\u010diai neb\u016bt\u0173 suvar\u017eyti. Moteri\u0161ko kirpimo su golfo tipo apykakle, ilgesne ir suapvalinta nugaros dalimi bei trumpesne priekine dalimi. Dvigubas Barefoot u\u017etrauktukas atsegimui ir u\u017esegimui bei apsiuvimas dekoracijai.<\/p>\n<ul>\n<li>Greitai d\u017ei\u016bstantis, lengvas, gera ventiliacija<\/li>\n<li>Dvi ki\u0161en\u0117s su u\u017etrauktukais<\/li>\n<li>Ki\u0161en\u0117 mobiliajam telefonui<\/li>\n<li>Skyl\u0117s nyk\u0161\u010diams<\/li>\n<li>Smakro apsauga<\/li>\n<li>100% poliesterio med\u017eiaga. \u0160varkas skalbiamas 30 \u00b0C<\/li>\n<\/ul>\n","protected":false},"excerpt":{"rendered":"<ul>\n<li>Maloniai \u0161velnus ir su\u0161ildantis<\/li>\n<li>Kv\u0117puojantis ir lengvas<\/li>\n<li>Turi daug ki\u0161eni\u0173<\/li>\n<li>Ilgos rankov\u0117s su skyl\u0117mis nyk\u0161\u010diams<\/li>\n<li>Dvigubas u\u017etrauktukas<\/li>\n<\/ul>\n","protected":false},"featured_media":1954,"template":"","meta":[],"product_brand":[],"product_cat":[1853],"product_tag":[1877],"class_list":{"0":"post-6790","1":"product","2":"type-product","3":"status-publish","4":"has-post-thumbnail","6":"product_cat-jojimo-apranga-ir-kita","7":"product_tag-labai-patogus","8":"product_shipping_class-siuntu-stotis","9":"pa_size-l-lt","10":"pa_size-m-lt","11":"pa_size-s-lt","12":"pa_size-xl-lt","14":"first","15":"instock","16":"shipping-taxable","17":"purchasable","18":"product-type-variable"},"_links":{"self":[{"href":"https:\/\/www.barefoot-baltics.ee\/lt\/wp-json\/wp\/v2\/product\/6790","targetHints":{"allow":["GET"]}}],"collection":[{"href":"https:\/\/www.barefoot-baltics.ee\/lt\/wp-json\/wp\/v2\/product"}],"about":[{"href":"https:\/\/www.barefoot-baltics.ee\/lt\/wp-json\/wp\/v2\/types\/product"}],"wp:featuredmedia":[{"embeddable":true,"href":"https:\/\/www.barefoot-baltics.ee\/lt\/wp-json\/wp\/v2\/media\/1954"}],"wp:attachment":[{"href":"https:\/\/www.barefoot-baltics.ee\/lt\/wp-json\/wp\/v2\/media?parent=6790"}],"wp:term":[{"taxonomy":"product_brand","embeddable":true,"href":"https:\/\/www.barefoot-baltics.ee\/lt\/wp-json\/wp\/v2\/product_brand?post=6790"},{"taxonomy":"product_cat","embeddable":true,"href":"https:\/\/www.barefoot-baltics.ee\/lt\/wp-json\/wp\/v2\/product_cat?post=6790"},{"taxonomy":"product_tag","embeddable":true,"href":"https:\/\/www.barefoot-baltics.ee\/lt\/wp-json\/wp\/v2\/product_tag?post=6790"}],"curies":[{"name":"wp","href":"https:\/\/api.w.org\/{rel}","templated":true}]}}