{"id":6785,"date":"2019-03-04T16:44:22","date_gmt":"2019-03-04T14:44:22","guid":{"rendered":"https:\/\/www.barefoot-baltics.ee\/product\/apsaugos-oro-tekme\/"},"modified":"2023-01-29T07:55:37","modified_gmt":"2023-01-29T05:55:37","slug":"apsaugos-oro-tekme","status":"publish","type":"product","link":"https:\/\/www.barefoot-baltics.ee\/lt\/produktas\/apsaugos-oro-tekme\/","title":{"rendered":"Apsaugos \u201cOro t\u0117km\u0117\u201d"},"content":{"rendered":"<p>Barefoot koj\u0173 apsaugos \u201cOro t\u0117km\u0117\u201d leid\u017eia j\u016bs\u0173 \u017eirgo kojoms kv\u0117puoti! Orui pralaidus, mink\u0161tas ir lankstus pamink\u0161tinimas suteikia ideali\u0105 apsaug\u0105 \u017eirgo kojoms nesutrikdant kraujotakos. Pamink\u0161tinimas yra kiek platesnis nei i\u0161orinis sluoksnis, tod\u0117l i\u0161vengiama sugnybimo. I\u0161orinis sluoksniss pagamintas i\u0161 permatomo, tvirto termoplastinio poliuretano, kuris idealiai saugo kaulus.<\/p>\n<p>\u0160i med\u017eiagos prana\u0161umai:<\/p>\n<ul>\n<li>I\u0161lieka lanks\u010dia prie itin dideli\u0173 temperat\u016bros svyravim\u0173<\/li>\n<li>Atspari susid\u0117v\u0117jimui ir ply\u0161imams<\/li>\n<li>Nesusilanksto ir neply\u0161ta<\/li>\n<li>Atspari aliejams, riebalams ir tirpikliams<\/li>\n<li>Labai atspari \u012fvairioms oro s\u0105lygoms<\/li>\n<\/ul>\n<p>Esan\u010dios elastin\u0117s juostos laiko apsaug\u0105 vietoje ir leid\u017eia lengvai u\u017ed\u0117ti ir nuimti.<\/p>\n<ul>\n<li>Pralaid\u017eios orui<\/li>\n<li>Puiki apsauga nuo sutrenkim\u0173<\/li>\n<li>Puikus sutrenkim\u0173 su\u0161velninimas<\/li>\n<li>Greitai u\u017ededamos ir nuimamos<\/li>\n<\/ul>\n<p>Dyd\u017eio \u201cVidutinis\u201d  apsaugos ilgis yra 23 cm, tuo tarpu dyd\u017eio \u201cDidelis\u201d apsaugos yra 25 cm. U\u017esisakant, pasirinkite jums reikia priekini\u0173 ar galini\u0173 apsaug\u0173.<\/p>\n","protected":false},"excerpt":{"rendered":"<ul>\n<li>Idealios \u017eirgo koj\u0173 apsaugos<\/li>\n<li>Ypatingai mink\u0161tas pamink\u0161tinimas viduje<\/li>\n<li>Labai lengvos<\/li>\n<\/ul>\n","protected":false},"featured_media":1878,"template":"","meta":[],"product_brand":[],"product_cat":[1853],"product_tag":[1877],"class_list":{"0":"post-6785","1":"product","2":"type-product","3":"status-publish","4":"has-post-thumbnail","6":"product_cat-jojimo-apranga-ir-kita","7":"product_tag-labai-patogus","8":"product_shipping_class-siuntu-stotis","9":"pa_leg-galine","10":"pa_leg-priekine","11":"pa_size-didelis","12":"pa_size-vidutinis","14":"first","15":"instock","16":"shipping-taxable","17":"purchasable","18":"product-type-variable"},"_links":{"self":[{"href":"https:\/\/www.barefoot-baltics.ee\/lt\/wp-json\/wp\/v2\/product\/6785","targetHints":{"allow":["GET"]}}],"collection":[{"href":"https:\/\/www.barefoot-baltics.ee\/lt\/wp-json\/wp\/v2\/product"}],"about":[{"href":"https:\/\/www.barefoot-baltics.ee\/lt\/wp-json\/wp\/v2\/types\/product"}],"wp:featuredmedia":[{"embeddable":true,"href":"https:\/\/www.barefoot-baltics.ee\/lt\/wp-json\/wp\/v2\/media\/1878"}],"wp:attachment":[{"href":"https:\/\/www.barefoot-baltics.ee\/lt\/wp-json\/wp\/v2\/media?parent=6785"}],"wp:term":[{"taxonomy":"product_brand","embeddable":true,"href":"https:\/\/www.barefoot-baltics.ee\/lt\/wp-json\/wp\/v2\/product_brand?post=6785"},{"taxonomy":"product_cat","embeddable":true,"href":"https:\/\/www.barefoot-baltics.ee\/lt\/wp-json\/wp\/v2\/product_cat?post=6785"},{"taxonomy":"product_tag","embeddable":true,"href":"https:\/\/www.barefoot-baltics.ee\/lt\/wp-json\/wp\/v2\/product_tag?post=6785"}],"curies":[{"name":"wp","href":"https:\/\/api.w.org\/{rel}","templated":true}]}}