{"id":6779,"date":"2019-03-07T15:46:00","date_gmt":"2019-03-07T13:46:00","guid":{"rendered":"https:\/\/www.barefoot-baltics.ee\/product\/marskineliai-5-priezastys\/"},"modified":"2019-09-08T10:16:46","modified_gmt":"2019-09-08T07:16:46","slug":"marskineliai-5-priezastys","status":"publish","type":"product","link":"https:\/\/www.barefoot-baltics.ee\/lt\/produktas\/marskineliai-5-priezastys\/","title":{"rendered":"Mar\u0161kin\u0117liai \u201c5 Prie\u017eastys\u201d"},"content":{"rendered":"<p>M\u016bs\u0173 voki\u0161kai kalbantiems Barefoot gerb\u0117jams \u0161ie mar\u0161kin\u0117liai trumai apra\u0161o Barefoot balno prana\u0161umus. Mar\u0161kin\u0117liai yra tiesaus kirpimo (nesiaur\u0117ja ties liemeniu) ir pagaminti i\u0161 100%  medviln\u0117s. <\/p>\n<p>Mar\u0161kin\u0117liai yra \u0161viesiai m\u0117lynos spalvos. Skalbiant, pra\u0161ome i\u0161versti juos i\u0161or\u0117n, kad apsaugotum\u0117t paveiksl\u0117l\u012f.<\/p>\n","protected":false},"excerpt":{"rendered":"<ul>\n<li>Sako tai, kas yra \ud83d\ude09<\/li>\n<li>Pagaminti i\u0161 100% medviln\u0117s<\/li>\n<li>Tiesus kirpimas<\/li>\n<\/ul>\n","protected":false},"featured_media":1969,"template":"","meta":[],"product_brand":[],"product_cat":[1853],"product_tag":[1867],"class_list":{"0":"post-6779","1":"product","2":"type-product","3":"status-publish","4":"has-post-thumbnail","6":"product_cat-jojimo-apranga-ir-kita","7":"product_tag-medvilne","8":"product_shipping_class-siuntu-stotis","9":"pa_size-l-lt","10":"pa_size-m-lt","11":"pa_size-s-lt","12":"pa_size-xl-lt","13":"pa_size-xxl-lt","15":"first","16":"onbackorder","17":"shipping-taxable","18":"purchasable","19":"product-type-variable"},"_links":{"self":[{"href":"https:\/\/www.barefoot-baltics.ee\/lt\/wp-json\/wp\/v2\/product\/6779","targetHints":{"allow":["GET"]}}],"collection":[{"href":"https:\/\/www.barefoot-baltics.ee\/lt\/wp-json\/wp\/v2\/product"}],"about":[{"href":"https:\/\/www.barefoot-baltics.ee\/lt\/wp-json\/wp\/v2\/types\/product"}],"wp:featuredmedia":[{"embeddable":true,"href":"https:\/\/www.barefoot-baltics.ee\/lt\/wp-json\/wp\/v2\/media\/1969"}],"wp:attachment":[{"href":"https:\/\/www.barefoot-baltics.ee\/lt\/wp-json\/wp\/v2\/media?parent=6779"}],"wp:term":[{"taxonomy":"product_brand","embeddable":true,"href":"https:\/\/www.barefoot-baltics.ee\/lt\/wp-json\/wp\/v2\/product_brand?post=6779"},{"taxonomy":"product_cat","embeddable":true,"href":"https:\/\/www.barefoot-baltics.ee\/lt\/wp-json\/wp\/v2\/product_cat?post=6779"},{"taxonomy":"product_tag","embeddable":true,"href":"https:\/\/www.barefoot-baltics.ee\/lt\/wp-json\/wp\/v2\/product_tag?post=6779"}],"curies":[{"name":"wp","href":"https:\/\/api.w.org\/{rel}","templated":true}]}}