{"id":6775,"date":"2019-03-07T15:29:24","date_gmt":"2019-03-07T13:29:24","guid":{"rendered":"https:\/\/www.barefoot-baltics.ee\/product\/marskineliai-dopingas\/"},"modified":"2019-09-08T09:54:58","modified_gmt":"2019-09-08T06:54:58","slug":"marskineliai-dopingas","status":"publish","type":"product","link":"https:\/\/www.barefoot-baltics.ee\/lt\/produktas\/marskineliai-dopingas\/","title":{"rendered":"Mar\u0161kin\u0117liai \u201cDopingas?\u201d"},"content":{"rendered":"<p>Jei norite, jog j\u016bs\u0173 \u017eirgas pasirodyt\u0173 geriau, mes rekomenduojame naudoti Barefoot baln\u0105. \ud83d\ude09 Tai yra \u0161maik\u0161t\u016bs mar\u0161kin\u0117liai, kurie gerai dera su Barefoot kepure. <\/p>\n<p>Pagaminti i\u0161 100% medviln\u0117s. \u012eliemenuoti, tod\u0117l rekomenduojame u\u017esisakyti vienu dyd\u017ei\u0173 didesnius nei jums \u012fprasta. Skalbiant, pra\u0161ome i\u0161versti mar\u0161kin\u0117lius i\u0161or\u0117n, kad apsaugotum\u0117t paveiksl\u0117l\u012f.<\/p>\n","protected":false},"excerpt":{"rendered":"<ul>\n<li>Mar\u0161kin\u0117liai su \u0161maik\u0161\u010diu komiksu (tikim\u0117s!)<\/li>\n<li>Pagaminti i\u0161 100% medviln\u0117s<\/li>\n<li>Truput\u012f \u012fliemenuoti<\/li>\n<\/ul>\n","protected":false},"featured_media":1962,"template":"","meta":[],"product_brand":[],"product_cat":[1853],"product_tag":[1867],"class_list":{"0":"post-6775","1":"product","2":"type-product","3":"status-publish","4":"has-post-thumbnail","6":"product_cat-jojimo-apranga-ir-kita","7":"product_tag-medvilne","8":"product_shipping_class-siuntu-stotis","9":"pa_size-l-lt","10":"pa_size-xl-lt","11":"pa_size-xxl-lt","13":"first","14":"instock","15":"shipping-taxable","16":"purchasable","17":"product-type-variable"},"_links":{"self":[{"href":"https:\/\/www.barefoot-baltics.ee\/lt\/wp-json\/wp\/v2\/product\/6775","targetHints":{"allow":["GET"]}}],"collection":[{"href":"https:\/\/www.barefoot-baltics.ee\/lt\/wp-json\/wp\/v2\/product"}],"about":[{"href":"https:\/\/www.barefoot-baltics.ee\/lt\/wp-json\/wp\/v2\/types\/product"}],"wp:featuredmedia":[{"embeddable":true,"href":"https:\/\/www.barefoot-baltics.ee\/lt\/wp-json\/wp\/v2\/media\/1962"}],"wp:attachment":[{"href":"https:\/\/www.barefoot-baltics.ee\/lt\/wp-json\/wp\/v2\/media?parent=6775"}],"wp:term":[{"taxonomy":"product_brand","embeddable":true,"href":"https:\/\/www.barefoot-baltics.ee\/lt\/wp-json\/wp\/v2\/product_brand?post=6775"},{"taxonomy":"product_cat","embeddable":true,"href":"https:\/\/www.barefoot-baltics.ee\/lt\/wp-json\/wp\/v2\/product_cat?post=6775"},{"taxonomy":"product_tag","embeddable":true,"href":"https:\/\/www.barefoot-baltics.ee\/lt\/wp-json\/wp\/v2\/product_tag?post=6775"}],"curies":[{"name":"wp","href":"https:\/\/api.w.org\/{rel}","templated":true}]}}