{"id":6772,"date":"2019-03-04T16:23:48","date_gmt":"2019-03-04T14:23:48","guid":{"rendered":"https:\/\/www.barefoot-baltics.ee\/product\/zirgu-skaniuku-krepsys\/"},"modified":"2019-09-08T09:52:23","modified_gmt":"2019-09-08T06:52:23","slug":"zirgu-skaniuku-krepsys","status":"publish","type":"product","link":"https:\/\/www.barefoot-baltics.ee\/lt\/produktas\/zirgu-skaniuku-krepsys\/","title":{"rendered":"\u017dirg\u0173 skaniuk\u0173 krep\u0161ys"},"content":{"rendered":"<p>Tai yra \u017eirg\u0173 skaniuk\u0173 krep\u0161ys, tod\u0117l jis daug didesnis nei kiti skaniuk\u0173 krep\u0161iai rinkoje. Jame telpa daug skaniuk\u0173 apdovanojimui\u2013 taip pat ilgesn\u0117ms, galb\u016bt intensyvesn\u0117ms treniravimo sesijoms. Nepaisant to, krep\u0161ys, \u017einoma, tinkamas ir \u0161un\u0173 \u0161eimininkams. \ud83d\ude42<\/p>\n<p>Novatori\u0161ka id\u0117ja slypi i\u0161imamame  viduje, kuris prisisega prie krep\u0161io i\u0161or\u0117s lipukais. Vidus pagamintas i\u0161 vandeniui atsparaus nailono. J\u016bs galite j\u012f i\u0161imti i\u0161valymui, pat\u012f krep\u0161\u012f paliekant \u0161variu: Joki\u0173 p\u016bvan\u010di\u0173, sen\u0173 pa\u0161aro ir skaniuk\u0173 trupini\u0173, leid\u017eian\u010di\u0173 vystytis bakterijoms.<\/p>\n<p>Krep\u0161io priekis turi atskir\u0105 skyri\u0173 mobiliesiems telefonams ir kitiems daiktams. Krep\u0161io dir\u017eas yra platus ir lengvai reguliuojamas. M\u016bs\u0173 krep\u0161iai \u017eirg\u0173 skaniukams yra dviej\u0173 spalv\u0173.<\/p>\n","protected":false},"excerpt":{"rendered":"<ul>\n<li>Ne\u012fprastai didelis ne\u012fprastai dideliems gyv\u016bnams \ud83d\ude09<\/li>\n<li>Vidinis krep\u0161ys prisisega lipukais\u2013 lengva i\u0161valyti<\/li>\n<li>Papildoma ki\u0161en\u0117 priekyje j\u016bs\u0173 mobiliajam<\/li>\n<\/ul>\n","protected":false},"featured_media":1868,"template":"","meta":[],"product_brand":[],"product_cat":[1853],"product_tag":[1890],"class_list":{"0":"post-6772","1":"product","2":"type-product","3":"status-publish","4":"has-post-thumbnail","6":"product_cat-jojimo-apranga-ir-kita","7":"product_tag-didelis","8":"product_shipping_class-siuntu-stotis","9":"pa_colour-melyna-juoda","10":"pa_colour-ruda-juoda","12":"first","13":"instock","14":"shipping-taxable","15":"purchasable","16":"product-type-variable"},"_links":{"self":[{"href":"https:\/\/www.barefoot-baltics.ee\/lt\/wp-json\/wp\/v2\/product\/6772","targetHints":{"allow":["GET"]}}],"collection":[{"href":"https:\/\/www.barefoot-baltics.ee\/lt\/wp-json\/wp\/v2\/product"}],"about":[{"href":"https:\/\/www.barefoot-baltics.ee\/lt\/wp-json\/wp\/v2\/types\/product"}],"wp:featuredmedia":[{"embeddable":true,"href":"https:\/\/www.barefoot-baltics.ee\/lt\/wp-json\/wp\/v2\/media\/1868"}],"wp:attachment":[{"href":"https:\/\/www.barefoot-baltics.ee\/lt\/wp-json\/wp\/v2\/media?parent=6772"}],"wp:term":[{"taxonomy":"product_brand","embeddable":true,"href":"https:\/\/www.barefoot-baltics.ee\/lt\/wp-json\/wp\/v2\/product_brand?post=6772"},{"taxonomy":"product_cat","embeddable":true,"href":"https:\/\/www.barefoot-baltics.ee\/lt\/wp-json\/wp\/v2\/product_cat?post=6772"},{"taxonomy":"product_tag","embeddable":true,"href":"https:\/\/www.barefoot-baltics.ee\/lt\/wp-json\/wp\/v2\/product_tag?post=6772"}],"curies":[{"name":"wp","href":"https:\/\/api.w.org\/{rel}","templated":true}]}}