{"id":6769,"date":"2019-03-04T09:57:57","date_gmt":"2019-03-04T07:57:57","guid":{"rendered":"https:\/\/www.barefoot-baltics.ee\/product\/zirgu-trenerio-dirzas-rinkinys\/"},"modified":"2019-09-08T09:49:49","modified_gmt":"2019-09-08T06:49:49","slug":"zirgu-trenerio-dirzas-rinkinys","status":"publish","type":"product","link":"https:\/\/www.barefoot-baltics.ee\/lt\/produktas\/zirgu-trenerio-dirzas-rinkinys\/","title":{"rendered":"\u017dirg\u0173 trenerio dir\u017eas-rinkinys"},"content":{"rendered":"<p>\u0160is dir\u017eo krep\u0161i\u0173 rinkinys yra labai patogus visiems, kurie dirba prie \u017eirg\u0173. \u017dinoma, j\u016bs galite j\u012f naudoti ir ne prie \u017eirg\u0173. \ud83d\ude42<\/p>\n<p>Jame yra viskas ko reikia! Jis susideda i\u0161 trij\u0173, atskir\u0173 krep\u0161i\u0173 ir reguliuojamo dir\u017eo. Priklausomai nuo j\u016bs\u0173 poreiki\u0173, j\u016bs galite prisegti tik vien\u0105 ar du i\u0161 j\u0173 prie dir\u017eo. Tai j\u016bs\u0173 pasirinkimas.<\/p>\n<p>Rinkinyje yra:<\/p>\n<ul>\n<li>Ma\u017eas krep\u0161ys su lipuk\u0173 u\u017esegimu, tinkamas kanop\u0173 krap\u0161tukams, mobiliesiems ir t.t.<\/li>\n<li>Erdvus, atviras krep\u0161ys, su atskiru skyriumi<\/li>\n<li>Erdvus krep\u0161ys su ma\u017ea prisegta ki\u0161ene, u\u017esisegan\u010dia lipuku<\/li>\n<li>\u0160is dir\u017eo rinkinys puikiai tinka \u0161ukavimui. Galimos dvi spalvos<\/li>\n<\/ul>\n","protected":false},"excerpt":{"rendered":"<ul>\n<li>Dir\u017eo krep\u0161i\u0173 rinkinys, sudarytas i\u0161 trij\u0173 krep\u0161i\u0173<\/li>\n<li>Puikiai tinka \u017eirgo \u0161ukavimo priemon\u0117ms<\/li>\n<li>Krep\u0161iai gali b\u016bti sujungti \u012fvairiais b\u016bdais<\/li>\n<\/ul>\n","protected":false},"featured_media":1860,"template":"","meta":[],"product_brand":[],"product_cat":[1853],"product_tag":[1866,1908],"class_list":{"0":"post-6769","1":"product","2":"type-product","3":"status-publish","4":"has-post-thumbnail","6":"product_cat-jojimo-apranga-ir-kita","7":"product_tag-patogumas","8":"product_tag-universalus-lt","9":"product_shipping_class-siuntu-stotis","10":"pa_colour-juoda-melyna","11":"pa_colour-ruda-juoda","13":"first","14":"instock","15":"shipping-taxable","16":"purchasable","17":"product-type-variable"},"_links":{"self":[{"href":"https:\/\/www.barefoot-baltics.ee\/lt\/wp-json\/wp\/v2\/product\/6769","targetHints":{"allow":["GET"]}}],"collection":[{"href":"https:\/\/www.barefoot-baltics.ee\/lt\/wp-json\/wp\/v2\/product"}],"about":[{"href":"https:\/\/www.barefoot-baltics.ee\/lt\/wp-json\/wp\/v2\/types\/product"}],"wp:featuredmedia":[{"embeddable":true,"href":"https:\/\/www.barefoot-baltics.ee\/lt\/wp-json\/wp\/v2\/media\/1860"}],"wp:attachment":[{"href":"https:\/\/www.barefoot-baltics.ee\/lt\/wp-json\/wp\/v2\/media?parent=6769"}],"wp:term":[{"taxonomy":"product_brand","embeddable":true,"href":"https:\/\/www.barefoot-baltics.ee\/lt\/wp-json\/wp\/v2\/product_brand?post=6769"},{"taxonomy":"product_cat","embeddable":true,"href":"https:\/\/www.barefoot-baltics.ee\/lt\/wp-json\/wp\/v2\/product_cat?post=6769"},{"taxonomy":"product_tag","embeddable":true,"href":"https:\/\/www.barefoot-baltics.ee\/lt\/wp-json\/wp\/v2\/product_tag?post=6769"}],"curies":[{"name":"wp","href":"https:\/\/api.w.org\/{rel}","templated":true}]}}