{"id":6766,"date":"2019-03-08T11:25:12","date_gmt":"2019-03-08T09:25:12","guid":{"rendered":"https:\/\/www.barefoot-baltics.ee\/product\/svelnus-zaislinis-asiliukas\/"},"modified":"2020-11-27T17:13:54","modified_gmt":"2020-11-27T15:13:54","slug":"svelnus-zaislinis-asiliukas","status":"publish","type":"product","link":"https:\/\/www.barefoot-baltics.ee\/lt\/produktas\/svelnus-zaislinis-asiliukas\/","title":{"rendered":"\u0160velnus \u017eaislinis asiliukas"},"content":{"rendered":"<p>Tai yra malonus, \u017eaislinis asiliukas berniukams ir mergait\u0117ms. Jis turi karabin\u0105, kuriuo juos galite prisegti prie balno arba krep\u0161i\u0173. Jis taip pat turi \u017eied\u0105 raktams, taigi galite j\u012f naudoti kaip rakt\u0173 laikikl\u012f.<\/p>\n<p>Plotis yra apie 12 cm. Galimi du atspalviai.<\/p>\n","protected":false},"excerpt":{"rendered":"<ul>\n<li>Mink\u0161tas \u017eaislas, naudojamas kaip rakt\u0173 \u017eiedas<\/li>\n<li>Galite prisegti j\u012f prie balno arba krep\u0161i\u0173<\/li>\n<li>Galima rinktis ro\u017ein\u012f arba \u017eydr\u0105 ton\u0105<\/li>\n<\/ul>\n","protected":false},"featured_media":1998,"template":"","meta":[],"product_brand":[],"product_cat":[1853],"product_tag":[1882],"class_list":{"0":"post-6766","1":"product","2":"type-product","3":"status-publish","4":"has-post-thumbnail","6":"product_cat-jojimo-apranga-ir-kita","7":"product_tag-vaikams","8":"product_shipping_class-siuntu-stotis","9":"pa_colour-rozinis","10":"pa_colour-sviesiai-melyna","12":"first","13":"onbackorder","14":"shipping-taxable","15":"purchasable","16":"product-type-variable"},"_links":{"self":[{"href":"https:\/\/www.barefoot-baltics.ee\/lt\/wp-json\/wp\/v2\/product\/6766","targetHints":{"allow":["GET"]}}],"collection":[{"href":"https:\/\/www.barefoot-baltics.ee\/lt\/wp-json\/wp\/v2\/product"}],"about":[{"href":"https:\/\/www.barefoot-baltics.ee\/lt\/wp-json\/wp\/v2\/types\/product"}],"wp:featuredmedia":[{"embeddable":true,"href":"https:\/\/www.barefoot-baltics.ee\/lt\/wp-json\/wp\/v2\/media\/1998"}],"wp:attachment":[{"href":"https:\/\/www.barefoot-baltics.ee\/lt\/wp-json\/wp\/v2\/media?parent=6766"}],"wp:term":[{"taxonomy":"product_brand","embeddable":true,"href":"https:\/\/www.barefoot-baltics.ee\/lt\/wp-json\/wp\/v2\/product_brand?post=6766"},{"taxonomy":"product_cat","embeddable":true,"href":"https:\/\/www.barefoot-baltics.ee\/lt\/wp-json\/wp\/v2\/product_cat?post=6766"},{"taxonomy":"product_tag","embeddable":true,"href":"https:\/\/www.barefoot-baltics.ee\/lt\/wp-json\/wp\/v2\/product_tag?post=6766"}],"curies":[{"name":"wp","href":"https:\/\/api.w.org\/{rel}","templated":true}]}}