{"id":6765,"date":"2019-03-07T16:02:38","date_gmt":"2019-03-07T14:02:38","guid":{"rendered":"https:\/\/www.barefoot-baltics.ee\/product\/svelnus-zaislinis-ponis-baris-rudasis\/"},"modified":"2019-09-08T09:44:06","modified_gmt":"2019-09-08T06:44:06","slug":"svelnus-zaislinis-ponis-baris-rudasis","status":"publish","type":"product","link":"https:\/\/www.barefoot-baltics.ee\/lt\/produktas\/svelnus-zaislinis-ponis-baris-rudasis\/","title":{"rendered":"\u0160velnus \u017eaislinis ponis \u201cBaris Rudasis\u201d"},"content":{"rendered":"<p>Tai mink\u0161tas, \u017eaislinis ponis vaikams. Mes j\u012f vadiname Bariu Ruduoju. Baris yra 100% vegetaras ir jis m\u0117gsta \u017eol\u0119, augalus ir morkas. Jis taip pat m\u0117gsta jojim\u0105 be \u017e\u0105sl\u0173 su Barefoot balnu. Jis yra labai linksmas. \ud83d\ude09<\/p>\n<p>\u0160is \u017eaislas yra apie 14 cm plo\u010dio ir 12 cm auk\u0161\u010dio. Pagamintas i\u0161 pliu\u0161o, veltinio ir sintetini\u0173 plauk\u0173. Jis n\u0117ra tinkamas vaikams, jaunesniems nei 3 metai.  <\/p>\n","protected":false},"excerpt":{"rendered":"<ul>\n<li>Mink\u0161tas, pliu\u0161inis ponis<\/li>\n<li>Naudojamas kaip rakt\u0173 laikiklis<\/li>\n<li>Galite j\u012f prisegti prie balno arba krep\u0161i\u0173<\/li>\n<\/ul>\n","protected":false},"featured_media":1973,"template":"","meta":[],"product_brand":[],"product_cat":[1853],"product_tag":[1879,1906],"class_list":{"0":"post-6765","1":"product","2":"type-product","3":"status-publish","4":"has-post-thumbnail","6":"product_cat-jojimo-apranga-ir-kita","7":"product_tag-labai-minkstas","8":"product_tag-zaislas","9":"product_shipping_class-siuntu-stotis","11":"first","12":"onbackorder","13":"shipping-taxable","14":"purchasable","15":"product-type-simple"},"_links":{"self":[{"href":"https:\/\/www.barefoot-baltics.ee\/lt\/wp-json\/wp\/v2\/product\/6765","targetHints":{"allow":["GET"]}}],"collection":[{"href":"https:\/\/www.barefoot-baltics.ee\/lt\/wp-json\/wp\/v2\/product"}],"about":[{"href":"https:\/\/www.barefoot-baltics.ee\/lt\/wp-json\/wp\/v2\/types\/product"}],"wp:featuredmedia":[{"embeddable":true,"href":"https:\/\/www.barefoot-baltics.ee\/lt\/wp-json\/wp\/v2\/media\/1973"}],"wp:attachment":[{"href":"https:\/\/www.barefoot-baltics.ee\/lt\/wp-json\/wp\/v2\/media?parent=6765"}],"wp:term":[{"taxonomy":"product_brand","embeddable":true,"href":"https:\/\/www.barefoot-baltics.ee\/lt\/wp-json\/wp\/v2\/product_brand?post=6765"},{"taxonomy":"product_cat","embeddable":true,"href":"https:\/\/www.barefoot-baltics.ee\/lt\/wp-json\/wp\/v2\/product_cat?post=6765"},{"taxonomy":"product_tag","embeddable":true,"href":"https:\/\/www.barefoot-baltics.ee\/lt\/wp-json\/wp\/v2\/product_tag?post=6765"}],"curies":[{"name":"wp","href":"https:\/\/api.w.org\/{rel}","templated":true}]}}