{"id":6764,"date":"2019-03-07T12:13:11","date_gmt":"2019-03-07T10:13:11","guid":{"rendered":"https:\/\/www.barefoot-baltics.ee\/product\/barefoot-kepure\/"},"modified":"2019-09-08T09:41:54","modified_gmt":"2019-09-08T06:41:54","slug":"barefoot-kepure","status":"publish","type":"product","link":"https:\/\/www.barefoot-baltics.ee\/lt\/produktas\/barefoot-kepure\/","title":{"rendered":"Barefoot kepur\u0117"},"content":{"rendered":"<p>\u0160\u012f Barefoot kepur\u0117 pagaminta i\u0161 patvarios medviln\u0117s ir turi zom\u0161os snapel\u012f. Dydis reguliuojamas. Tai malonus aksesuaras tiems, kuriems patinka m\u016bs\u0173 produktai. Raiteliams, kuriems r\u016bpi!<\/p>\n<p>Spalva \u2013 \u0161viesiai ruda.<\/p>\n","protected":false},"excerpt":{"rendered":"<ul>\n<li>Madinga beisbolo kepur\u0117 su zom\u0161os snapeliu<\/li>\n<li>Reguliuojamas dydis<\/li>\n<\/ul>\n","protected":false},"featured_media":1948,"template":"","meta":[],"product_brand":[],"product_cat":[1853],"product_tag":[1867],"class_list":{"0":"post-6764","1":"product","2":"type-product","3":"status-publish","4":"has-post-thumbnail","6":"product_cat-jojimo-apranga-ir-kita","7":"product_tag-medvilne","8":"product_shipping_class-siuntu-stotis","10":"first","11":"onbackorder","12":"shipping-taxable","13":"purchasable","14":"product-type-simple"},"_links":{"self":[{"href":"https:\/\/www.barefoot-baltics.ee\/lt\/wp-json\/wp\/v2\/product\/6764","targetHints":{"allow":["GET"]}}],"collection":[{"href":"https:\/\/www.barefoot-baltics.ee\/lt\/wp-json\/wp\/v2\/product"}],"about":[{"href":"https:\/\/www.barefoot-baltics.ee\/lt\/wp-json\/wp\/v2\/types\/product"}],"wp:featuredmedia":[{"embeddable":true,"href":"https:\/\/www.barefoot-baltics.ee\/lt\/wp-json\/wp\/v2\/media\/1948"}],"wp:attachment":[{"href":"https:\/\/www.barefoot-baltics.ee\/lt\/wp-json\/wp\/v2\/media?parent=6764"}],"wp:term":[{"taxonomy":"product_brand","embeddable":true,"href":"https:\/\/www.barefoot-baltics.ee\/lt\/wp-json\/wp\/v2\/product_brand?post=6764"},{"taxonomy":"product_cat","embeddable":true,"href":"https:\/\/www.barefoot-baltics.ee\/lt\/wp-json\/wp\/v2\/product_cat?post=6764"},{"taxonomy":"product_tag","embeddable":true,"href":"https:\/\/www.barefoot-baltics.ee\/lt\/wp-json\/wp\/v2\/product_tag?post=6764"}],"curies":[{"name":"wp","href":"https:\/\/api.w.org\/{rel}","templated":true}]}}