{"id":6763,"date":"2019-03-08T11:35:47","date_gmt":"2019-03-08T09:35:47","guid":{"rendered":"https:\/\/www.barefoot-baltics.ee\/product\/raktu-laikiklis\/"},"modified":"2019-09-08T09:40:11","modified_gmt":"2019-09-08T06:40:11","slug":"raktu-laikiklis","status":"publish","type":"product","link":"https:\/\/www.barefoot-baltics.ee\/lt\/produktas\/raktu-laikiklis\/","title":{"rendered":"Rakt\u0173 laikiklis"},"content":{"rendered":"<p>Tai yra gra\u017eus rakt\u0173 laikiklis, pagamintas i\u0161 veltinio. Jis turi karabin\u0105, jog gal\u0117tum\u0117te ji prisegti prie krep\u0161io ir rakto \u017eiedas j\u016bs\u0173 raktams. Papuo\u0161ta dekoratyvine veltinio g\u0117le ir logotipu. Taip pat yra kaspin\u0117lis su Barefoot \u0161\u016bkiu, \u201craiteliams, kuriems r\u016bpi \u201d.<\/p>\n<p>Dydis: 9 x 14 cm. <\/p>\n","protected":false},"excerpt":{"rendered":"<ul>\n<li>Rakt\u0173 laikiklis su veltiniu arkliuku<\/li>\n<li>Karabinas prisegimui<\/li>\n<li>Rakt\u0173 \u017eiedas j\u016bs\u0173 raktams<\/li>\n<\/ul>\n","protected":false},"featured_media":2001,"template":"","meta":[],"product_brand":[],"product_cat":[1853],"product_tag":[1880],"class_list":{"0":"post-6763","1":"product","2":"type-product","3":"status-publish","4":"has-post-thumbnail","6":"product_cat-jojimo-apranga-ir-kita","7":"product_tag-veltinis","8":"product_shipping_class-siuntu-stotis","10":"first","11":"onbackorder","12":"shipping-taxable","13":"purchasable","14":"product-type-simple"},"_links":{"self":[{"href":"https:\/\/www.barefoot-baltics.ee\/lt\/wp-json\/wp\/v2\/product\/6763","targetHints":{"allow":["GET"]}}],"collection":[{"href":"https:\/\/www.barefoot-baltics.ee\/lt\/wp-json\/wp\/v2\/product"}],"about":[{"href":"https:\/\/www.barefoot-baltics.ee\/lt\/wp-json\/wp\/v2\/types\/product"}],"wp:featuredmedia":[{"embeddable":true,"href":"https:\/\/www.barefoot-baltics.ee\/lt\/wp-json\/wp\/v2\/media\/2001"}],"wp:attachment":[{"href":"https:\/\/www.barefoot-baltics.ee\/lt\/wp-json\/wp\/v2\/media?parent=6763"}],"wp:term":[{"taxonomy":"product_brand","embeddable":true,"href":"https:\/\/www.barefoot-baltics.ee\/lt\/wp-json\/wp\/v2\/product_brand?post=6763"},{"taxonomy":"product_cat","embeddable":true,"href":"https:\/\/www.barefoot-baltics.ee\/lt\/wp-json\/wp\/v2\/product_cat?post=6763"},{"taxonomy":"product_tag","embeddable":true,"href":"https:\/\/www.barefoot-baltics.ee\/lt\/wp-json\/wp\/v2\/product_tag?post=6763"}],"curies":[{"name":"wp","href":"https:\/\/api.w.org\/{rel}","templated":true}]}}