{"id":6761,"date":"2019-02-15T21:00:36","date_gmt":"2019-02-15T19:00:36","guid":{"rendered":"https:\/\/www.barefoot-baltics.ee\/product\/kordeo-bendrauk\/"},"modified":"2024-04-16T12:33:36","modified_gmt":"2024-04-16T09:33:36","slug":"kordeo-bendrauk","status":"publish","type":"product","link":"https:\/\/www.barefoot-baltics.ee\/lt\/produktas\/kordeo-bendrauk\/","title":{"rendered":"Kordeo \u201cBendrauk\u201d"},"content":{"rendered":"<p>\u0160is kordeo yra puikus, nes jis leid\u017eia jums bendrauti su j\u016bs\u0173 \u017eirgu labai subtiliu b\u016bdu. J\u016bs galite naudoti j\u012f komandoms balne bei taip pat darbui nuo \u017eem\u0117s. Jis pagamintas i\u0161 pintos, tvirtos, lengvai pri\u017ei\u016brimos dirbtin\u0117s odos.<\/p>\n<p>Jis turi centrin\u012f lopin\u012f, kuris suteikia svorio ir padeda kordeo subalansuoti. Kordeo kartu su lopiniu veikia ant \u017eirgo kr\u016btin\u0117s ir save subalansuoja. Kadangi lopinys yra gan platus, atvirk\u0161\u010diai veikian\u010dios komandos yra optimaliai perduodamos \u017eirgo kr\u016btinkauliui. Lopinys taip pat atrodo pra\u0161matnus \u2013 pintas ir papuo\u0161tas metaliniu papuo\u0161imu.<\/p>\n<p>\u0160is kordeo taip pat tinkamas pradedantiesiems laikytis, kol jie atlieka s\u0117d\u0117senos pratimus ant kordo, arba nedr\u0105siems raiteliams \u2013 papildomai prie kaman\u0173 ir balno. <\/p>\n<p>Tokie kordeo naudojami vesterno jojime jojimui nuo kaklo. Tai rei\u0161kia, jog \u017eirgas traukiasi nuo spaudimo. Kai kordeo yra naudojamas de\u0161in\u0117je \u017eirgo kaklo pus\u0117je, \u017eirgas suaksi \u012f kair\u0119i. Kai kordeo naudojamas  kair\u0117je \u017eirgo kaklo pus\u0117je, \u017eirgas pasisuka \u012f de\u0161in\u0119. Tai yra geriausia komunikacija!<\/p>\n<p>Pintos med\u017eiagos storis yra apie 12 mm, o kordeo ilgis: 150 cm. <\/p>\n","protected":false},"excerpt":{"rendered":"<ul>\n<li>Kordeo geresniam bendravimui<\/li>\n<li>Darbui nuo \u017eem\u0117s ir jojimui<\/li>\n<li>Centrinis lopinys su papuo\u0161imu veikia kaip balansuojantis svoris<\/li>\n<li>Pinta dirbtin\u0117 oda \u2013 lengvai pri\u017ei\u016brima su kempine ir vandeniu<\/li>\n<\/ul>\n","protected":false},"featured_media":1734,"template":"","meta":[],"product_brand":[],"product_cat":[1852],"product_tag":[1861],"class_list":{"0":"post-6761","1":"product","2":"type-product","3":"status-publish","4":"has-post-thumbnail","6":"product_cat-zirgu-treniravimas","7":"product_tag-dirbtine-oda","8":"product_shipping_class-siuntu-stotis","10":"first","11":"onbackorder","12":"shipping-taxable","13":"purchasable","14":"product-type-simple"},"_links":{"self":[{"href":"https:\/\/www.barefoot-baltics.ee\/lt\/wp-json\/wp\/v2\/product\/6761","targetHints":{"allow":["GET"]}}],"collection":[{"href":"https:\/\/www.barefoot-baltics.ee\/lt\/wp-json\/wp\/v2\/product"}],"about":[{"href":"https:\/\/www.barefoot-baltics.ee\/lt\/wp-json\/wp\/v2\/types\/product"}],"wp:featuredmedia":[{"embeddable":true,"href":"https:\/\/www.barefoot-baltics.ee\/lt\/wp-json\/wp\/v2\/media\/1734"}],"wp:attachment":[{"href":"https:\/\/www.barefoot-baltics.ee\/lt\/wp-json\/wp\/v2\/media?parent=6761"}],"wp:term":[{"taxonomy":"product_brand","embeddable":true,"href":"https:\/\/www.barefoot-baltics.ee\/lt\/wp-json\/wp\/v2\/product_brand?post=6761"},{"taxonomy":"product_cat","embeddable":true,"href":"https:\/\/www.barefoot-baltics.ee\/lt\/wp-json\/wp\/v2\/product_cat?post=6761"},{"taxonomy":"product_tag","embeddable":true,"href":"https:\/\/www.barefoot-baltics.ee\/lt\/wp-json\/wp\/v2\/product_tag?post=6761"}],"curies":[{"name":"wp","href":"https:\/\/api.w.org\/{rel}","templated":true}]}}