{"id":6757,"date":"2019-02-28T15:20:04","date_gmt":"2019-02-28T13:20:04","guid":{"rendered":"https:\/\/www.barefoot-baltics.ee\/product\/kordas-super-sukibimas\/"},"modified":"2021-06-01T19:03:58","modified_gmt":"2021-06-01T16:03:58","slug":"kordas-super-sukibimas","status":"publish","type":"product","link":"https:\/\/www.barefoot-baltics.ee\/lt\/produktas\/kordas-super-sukibimas\/","title":{"rendered":"Kordas \u201cSuper sukibimas\u201d"},"content":{"rendered":"<p>\u0160is kordas yra kitoks. Jis yra originalaus Barefoot dizaino bei yra pagamintas i\u0161 Barefoot neslid\u017eios med\u017eiagos. <\/p>\n<p>Jis yra labai lengvas, sveria vos 370 gram\u0173. J\u012f patogu laikyti ir neslidi med\u017eiaga (pagaminta i\u0161 nailono su \u012fausta gumuota med\u017eiaga) u\u017etikrina saugu sukibim\u0105 net su\u0161lapus. Jei kordas i\u0161traukiamas i\u0161 j\u016bs\u0173 rank\u0173, pavyzd\u017eiui \u017eirgui tr\u016bktel\u0117jus galva, rankos lieka nenudegintos. \u0160is kordas yra lengvai surenkamas ir nesusiraizgo. Jis yra kiek standesnis nei j\u016bs galite tik\u0117tis.<\/p>\n<p>Didelis, tvirtas, besisukantis karabinas jud\u0117s kai j\u016bs pakeisite krypt\u012f. \u0160aunus sumanymas &#8211; dekoratyvinis stabdis gale. Paskutiniai keturi metrai pa\u017eym\u0117ti skirtingomis spalvomis kas metr\u0105, taigi j\u016bs \u017einosite ilg\u012f vaikant ar dirbant nuo \u017eem\u0117s. <\/p>\n<p>Pilnas kordo ilgis yra 8 metrai. <\/p>\n","protected":false},"excerpt":{"rendered":"<ul>\n<li>Pagamintas i\u0161 neslystan\u010dios med\u017eiagos<\/li>\n<li>Spalvoti \u017eymekliai ilgiui matyti<\/li>\n<li>Besisukantis karabinas<\/li>\n<li>Pagalbinis stabdis gale<\/li>\n<\/ul>\n","protected":false},"featured_media":1808,"template":"","meta":[],"product_brand":[],"product_cat":[1852],"product_tag":[],"class_list":{"0":"post-6757","1":"product","2":"type-product","3":"status-publish","4":"has-post-thumbnail","6":"product_cat-zirgu-treniravimas","7":"product_shipping_class-siuntu-stotis","9":"first","10":"onbackorder","11":"shipping-taxable","12":"purchasable","13":"product-type-simple"},"_links":{"self":[{"href":"https:\/\/www.barefoot-baltics.ee\/lt\/wp-json\/wp\/v2\/product\/6757","targetHints":{"allow":["GET"]}}],"collection":[{"href":"https:\/\/www.barefoot-baltics.ee\/lt\/wp-json\/wp\/v2\/product"}],"about":[{"href":"https:\/\/www.barefoot-baltics.ee\/lt\/wp-json\/wp\/v2\/types\/product"}],"wp:featuredmedia":[{"embeddable":true,"href":"https:\/\/www.barefoot-baltics.ee\/lt\/wp-json\/wp\/v2\/media\/1808"}],"wp:attachment":[{"href":"https:\/\/www.barefoot-baltics.ee\/lt\/wp-json\/wp\/v2\/media?parent=6757"}],"wp:term":[{"taxonomy":"product_brand","embeddable":true,"href":"https:\/\/www.barefoot-baltics.ee\/lt\/wp-json\/wp\/v2\/product_brand?post=6757"},{"taxonomy":"product_cat","embeddable":true,"href":"https:\/\/www.barefoot-baltics.ee\/lt\/wp-json\/wp\/v2\/product_cat?post=6757"},{"taxonomy":"product_tag","embeddable":true,"href":"https:\/\/www.barefoot-baltics.ee\/lt\/wp-json\/wp\/v2\/product_tag?post=6757"}],"curies":[{"name":"wp","href":"https:\/\/api.w.org\/{rel}","templated":true}]}}