{"id":6756,"date":"2019-03-02T16:03:07","date_gmt":"2019-03-02T14:03:07","guid":{"rendered":"https:\/\/www.barefoot-baltics.ee\/product\/zirgo-treniravimo-rinkinys\/"},"modified":"2021-06-01T19:03:58","modified_gmt":"2021-06-01T16:03:58","slug":"zirgo-treniravimo-rinkinys","status":"publish","type":"product","link":"https:\/\/www.barefoot-baltics.ee\/lt\/produktas\/zirgo-treniravimo-rinkinys\/","title":{"rendered":"\u017dirgo treniravimo rinkinys"},"content":{"rendered":"<p>\u0160is \u017eirgo treniravimo rinkinys yra naudingas tur\u0117ti kiekvienam \u017eirg\u0173 treneriui. Vargu ar jis gali b\u016bti dar labiau universalesnis! \u0160iame rinkinyje yra pasl\u0117pta daug galimybi\u0173 ir id\u0117j\u0173. Vaikant, jis gali b\u016bti panaudotas kaip vaikymo botagas. Jis taip pat yra stekas\u2013treniravimui su taikiniais. Ir jis yra stekas darbui nuo \u017eem\u0117s. Rinkinyje taip pat prid\u0117ta ma\u017eas varpelis, su kuriuo galite treniruoti savo \u017eirg\u0105 reaguoti \u012f garsinius signalus. <\/p>\n<p>M\u016bs\u0173 \u017eirgo treniravimo rinkinys yra lengvai naudojamas ir gerai subalansuotas. D\u0117l jo \u012fvairaus panaudojimo b\u016bd\u0173, jis ne tik taupo viet\u0105 arklid\u0117je, bet ir jo  pinigin\u0117 vert\u0117 yra lygiai taip pat puiki (kaip ir \u012fprastai Barefoot produktai).<\/p>\n<p>Rinkinyje prid\u0117ta:<\/p>\n<ul>\n<li>Lazdel\u0117 su gumine rankena<\/li>\n<li>Trumpas pavadys<\/li>\n<li>Ilgas pavadys, su odine juostele viename gale<\/li>\n<li>Mink\u0161tas kamuoliukas kur\u012f galite prisegti prie lazdel\u0117s treniravimui su taikiniais<\/li>\n<li>Ma\u017eas varpelis, kur\u012f galite prisegti prie lazdel\u0117s<\/li>\n<\/ul>\n<p>Lazdel\u0117s ilgis (be pavad\u017eio) yra apie 150 cm. Pavad\u017eio ilgis yra apie 200 cm (\u012fskaitant odin\u012f dir\u017eel\u012f).<\/p>\n<p>Lazdel\u0117 yra m\u0117lyna, mink\u0161tas kamuoliukas \u2013 geltonas ir pavad\u017eiai \u2013 balti. Tyrimai parod\u0117, jog \u017eirg\u0173 treniravime yra gerosios spalvos treniravimo priemon\u0117ms naudoti, nes \u017eirgai geriausiai skiria \u0161ias spalvas i\u0161 savo aplinkos. Tod\u0117l jie suvokia ir supranta komandas daug geriau. <\/p>\n","protected":false},"excerpt":{"rendered":"<ul>\n<li>Keturi skirtingi panaudojimai<\/li>\n<li>Veikia kaip vaikymo botagas<\/li>\n<li>Kaip stekas darbui nuo \u017eem\u0117s<\/li>\n<li>Galite naudoti treniravimui su taikiniais<\/li>\n<li>Prid\u0117tas garsinis signalas<\/li>\n<\/ul>\n","protected":false},"featured_media":1850,"template":"","meta":[],"product_brand":[],"product_cat":[1852],"product_tag":[1873,1908],"class_list":{"0":"post-6756","1":"product","2":"type-product","3":"status-publish","4":"has-post-thumbnail","6":"product_cat-zirgu-treniravimas","7":"product_tag-lengvas-naudoti","8":"product_tag-universalus-lt","9":"product_shipping_class-siuntu-stotis","11":"first","12":"onbackorder","13":"shipping-taxable","14":"purchasable","15":"product-type-simple"},"_links":{"self":[{"href":"https:\/\/www.barefoot-baltics.ee\/lt\/wp-json\/wp\/v2\/product\/6756","targetHints":{"allow":["GET"]}}],"collection":[{"href":"https:\/\/www.barefoot-baltics.ee\/lt\/wp-json\/wp\/v2\/product"}],"about":[{"href":"https:\/\/www.barefoot-baltics.ee\/lt\/wp-json\/wp\/v2\/types\/product"}],"wp:featuredmedia":[{"embeddable":true,"href":"https:\/\/www.barefoot-baltics.ee\/lt\/wp-json\/wp\/v2\/media\/1850"}],"wp:attachment":[{"href":"https:\/\/www.barefoot-baltics.ee\/lt\/wp-json\/wp\/v2\/media?parent=6756"}],"wp:term":[{"taxonomy":"product_brand","embeddable":true,"href":"https:\/\/www.barefoot-baltics.ee\/lt\/wp-json\/wp\/v2\/product_brand?post=6756"},{"taxonomy":"product_cat","embeddable":true,"href":"https:\/\/www.barefoot-baltics.ee\/lt\/wp-json\/wp\/v2\/product_cat?post=6756"},{"taxonomy":"product_tag","embeddable":true,"href":"https:\/\/www.barefoot-baltics.ee\/lt\/wp-json\/wp\/v2\/product_tag?post=6756"}],"curies":[{"name":"wp","href":"https:\/\/api.w.org\/{rel}","templated":true}]}}