{"id":6659,"date":"2019-02-28T17:04:56","date_gmt":"2019-02-28T15:04:56","guid":{"rendered":"https:\/\/www.barefoot-baltics.ee\/product\/kamuolys-zirgu-treniravimui\/"},"modified":"2025-05-28T09:33:14","modified_gmt":"2025-05-28T06:33:14","slug":"kamuolys-zirgu-treniravimui","status":"publish","type":"product","link":"https:\/\/www.barefoot-baltics.ee\/lt\/produktas\/kamuolys-zirgu-treniravimui\/","title":{"rendered":"Kamuolys \u017eirg\u0173 treniravimui"},"content":{"rendered":"<p>\u0160is kamuolys \u017eirg\u0173 treniravimui yra labai universali treniravimo priemon\u0117.  J\u016bs galite j\u012f naudoti nuo \u017eem\u0117s arba balne. J\u016bs\u0173 vaizduot\u0117 yra vienintelis limitas.<\/p>\n<p>\u017dirgai mokosi pasitik\u0117ti mumis nuo \u017eem\u0117s. Su Barefoot treniravimo priemon\u0117mis, mokymasis taps linksmesnis. \u0160is did\u017eiulis kamuolys gali b\u016bti ridenamas nosimi arba spardomas kanopa. Jis gali b\u016bti naudojamas treniravimui su taikiniais (target training) i\u0161mokyti j\u016bs\u0173 \u017eirg\u0105 priimti objektus aplink j\u012f ir po jo pilvu.<\/p>\n<p>Tyrimai parod\u0117, jog juoda, m\u0117lyna ir geltona spalvos labiausiai i\u0161siskiria \u017eirgui i\u0161 jo aplinkos, tod\u0117l jas lengviausia pasteb\u0117ti ir reaguoti. M\u016bs\u0173 kamuolys \u017eirg\u0173 treniravimui yra geltonas. Diametras: 75 cm. Pagamintas i\u0161 PVC.<\/p>\n","protected":false},"excerpt":{"rendered":"<ul>\n<li>Galite j\u012f naudoti \u012fvairiais b\u016bdais<\/li>\n<li>Darbui ir linksmyb\u0117ms<\/li>\n<li>Diametras: 75 cm<\/li>\n<li>Spalva: geltona<\/li>\n<\/ul>\n","protected":false},"featured_media":1824,"template":"","meta":[],"product_brand":[],"product_cat":[1852],"product_tag":[1873,1908],"class_list":{"0":"post-6659","1":"product","2":"type-product","3":"status-publish","4":"has-post-thumbnail","6":"product_cat-zirgu-treniravimas","7":"product_tag-lengvas-naudoti","8":"product_tag-universalus-lt","9":"product_shipping_class-siuntu-stotis","11":"first","12":"onbackorder","13":"shipping-taxable","14":"purchasable","15":"product-type-simple"},"_links":{"self":[{"href":"https:\/\/www.barefoot-baltics.ee\/lt\/wp-json\/wp\/v2\/product\/6659","targetHints":{"allow":["GET"]}}],"collection":[{"href":"https:\/\/www.barefoot-baltics.ee\/lt\/wp-json\/wp\/v2\/product"}],"about":[{"href":"https:\/\/www.barefoot-baltics.ee\/lt\/wp-json\/wp\/v2\/types\/product"}],"wp:featuredmedia":[{"embeddable":true,"href":"https:\/\/www.barefoot-baltics.ee\/lt\/wp-json\/wp\/v2\/media\/1824"}],"wp:attachment":[{"href":"https:\/\/www.barefoot-baltics.ee\/lt\/wp-json\/wp\/v2\/media?parent=6659"}],"wp:term":[{"taxonomy":"product_brand","embeddable":true,"href":"https:\/\/www.barefoot-baltics.ee\/lt\/wp-json\/wp\/v2\/product_brand?post=6659"},{"taxonomy":"product_cat","embeddable":true,"href":"https:\/\/www.barefoot-baltics.ee\/lt\/wp-json\/wp\/v2\/product_cat?post=6659"},{"taxonomy":"product_tag","embeddable":true,"href":"https:\/\/www.barefoot-baltics.ee\/lt\/wp-json\/wp\/v2\/product_tag?post=6659"}],"curies":[{"name":"wp","href":"https:\/\/api.w.org\/{rel}","templated":true}]}}