{"id":6658,"date":"2019-02-28T15:07:19","date_gmt":"2019-02-28T13:07:19","guid":{"rendered":"https:\/\/www.barefoot-baltics.ee\/product\/vaikymo-delta-ekspertas\/"},"modified":"2019-08-24T11:04:10","modified_gmt":"2019-08-24T08:04:10","slug":"vaikymo-delta-ekspertas","status":"publish","type":"product","link":"https:\/\/www.barefoot-baltics.ee\/lt\/produktas\/vaikymo-delta-ekspertas\/","title":{"rendered":"Vaikymo delta \u201cEkspertas\u201d"},"content":{"rendered":"<p>Mes pagaliau suk\u016br\u0117me prakti\u0161k\u0105 vaikymo delt\u0105, ar bent jau taip manome. \uf04a Pa\u017evelgus \u012f daugel\u012f vaikymo delt\u0173, mes atradome kelis dalykus kurie mums trukd\u0117:<\/p>\n<ul>\n<li>Karabinai, su kuriais normaliai jos b\u016bdavo, prikabinti prie \u017e\u0105sl\u0173 k\u0117l\u0117 daug triuk\u0161mo. Jie bar\u0161ka ir \u017evanga vis\u0105 laik\u0105, bei labai erzina. <\/li>\n<li>Kordas gali b\u016bti prisegtas tik viduryje, taip priver\u010diant i\u0161traukti \u017e\u0105slus arba perduoti ne t\u0105  komand\u0105. Taip bukinant \u017eirgo jautrum\u0105!<\/li>\n<\/ul>\n<p>Mes galime padaryti geriau negu tai! \u0160i vaikymo delta veikia be erzinan\u010di\u0173 karabin\u0173, ta\u010diau turi patog\u0173, tikros odos, greito pakeitimo u\u017esegim\u0105. \u017diedas, prie kurio segamas kordas, sukasi ir laisvai juda, tod\u0117l jis netampo \u017eirgo burnos. \u017dirg\u0105 galima lengvai nukreipti \u012f kit\u0105 krypt\u012f jums prireikus.<\/p>\n<p>\u0160i vaikymo delta pagaminta i\u0161 tikros odos ir nailono. Ilgis u\u017edarius \u2013 26 cm.<\/p>\n","protected":false},"excerpt":{"rendered":"<ul>\n<li>Vidurinis \u017eiedas juda<\/li>\n<li>Galite keisti vaikymo kryptis nepersegant kordo<\/li>\n<li>Idealiai tinka \u201eva\u017eny\u010diojimui\u201c nuo \u017eem\u0117s<\/li>\n<li>Greitai pakei\u010diami u\u017esegimai<\/li>\n<li>Pagaminta i\u0161 tikros odos<\/li>\n<\/ul>\n","protected":false},"featured_media":1806,"template":"","meta":[],"product_brand":[],"product_cat":[1852],"product_tag":[1873,1891],"class_list":{"0":"post-6658","1":"product","2":"type-product","3":"status-publish","4":"has-post-thumbnail","6":"product_cat-zirgu-treniravimas","7":"product_tag-lengvas-naudoti","8":"product_tag-oda","9":"product_shipping_class-siuntu-stotis","11":"first","12":"onbackorder","13":"shipping-taxable","14":"purchasable","15":"product-type-simple"},"_links":{"self":[{"href":"https:\/\/www.barefoot-baltics.ee\/lt\/wp-json\/wp\/v2\/product\/6658","targetHints":{"allow":["GET"]}}],"collection":[{"href":"https:\/\/www.barefoot-baltics.ee\/lt\/wp-json\/wp\/v2\/product"}],"about":[{"href":"https:\/\/www.barefoot-baltics.ee\/lt\/wp-json\/wp\/v2\/types\/product"}],"wp:featuredmedia":[{"embeddable":true,"href":"https:\/\/www.barefoot-baltics.ee\/lt\/wp-json\/wp\/v2\/media\/1806"}],"wp:attachment":[{"href":"https:\/\/www.barefoot-baltics.ee\/lt\/wp-json\/wp\/v2\/media?parent=6658"}],"wp:term":[{"taxonomy":"product_brand","embeddable":true,"href":"https:\/\/www.barefoot-baltics.ee\/lt\/wp-json\/wp\/v2\/product_brand?post=6658"},{"taxonomy":"product_cat","embeddable":true,"href":"https:\/\/www.barefoot-baltics.ee\/lt\/wp-json\/wp\/v2\/product_cat?post=6658"},{"taxonomy":"product_tag","embeddable":true,"href":"https:\/\/www.barefoot-baltics.ee\/lt\/wp-json\/wp\/v2\/product_tag?post=6658"}],"curies":[{"name":"wp","href":"https:\/\/api.w.org\/{rel}","templated":true}]}}