{"id":6655,"date":"2019-03-01T11:16:08","date_gmt":"2019-03-01T09:16:08","guid":{"rendered":"https:\/\/www.barefoot-baltics.ee\/product\/blokas-zirgu-treniravimui\/"},"modified":"2021-03-26T02:14:05","modified_gmt":"2021-03-26T00:14:05","slug":"blokas-zirgu-treniravimui","status":"publish","type":"product","link":"https:\/\/www.barefoot-baltics.ee\/lt\/produktas\/blokas-zirgu-treniravimui\/","title":{"rendered":"Blokas \u017eirg\u0173 treniravimui"},"content":{"rendered":"<p>\u0160iuos blokus galite prisegti prie kar\u010di\u0173 ir lank\u0173. Yra tiek daug skirting\u0173 \u0161i\u0173 blok\u0173 sujungimo b\u016bd\u0173. J\u016bs galite lengvai i\u0161d\u0117lioti labirint\u0105, slalom\u0105, padaryti barjerus, naudoti vaikymui. <\/p>\n<p>Blokai pagaminti i\u0161 polietileno ir yra atspar\u016bs vandeniui. Deran\u010dios kartys gali b\u016bti \u012fd\u0117tos \u012f visas 6 kubo sienas. Kubo dydis: 95 x 150 mm.<\/p>\n<p>Jo spalva \u2013 geltona. Tyrimai parod\u0117, jog juoda, m\u0117lyna ir geltona spalvos labiausiai i\u0161siskiria \u017eirgui i\u0161 jo aplinkos, tod\u0117l jas lengviausia pasteb\u0117ti ir reaguoti.<\/p>\n","protected":false},"excerpt":{"rendered":"<ul>\n<li>Galite juos sujungti su kartimis\/kavalet\u0117mis ir lankais<\/li>\n<li>Daug panaudojimo b\u016bd\u0173 \u017eirg\u0173 treniravime<\/li>\n<li>Atspar\u016bs vandeniui ir lengvai naudojami<\/li>\n<\/ul>\n","protected":false},"featured_media":1835,"template":"","meta":[],"product_brand":[],"product_cat":[1852],"product_tag":[1873,1908],"class_list":{"0":"post-6655","1":"product","2":"type-product","3":"status-publish","4":"has-post-thumbnail","6":"product_cat-zirgu-treniravimas","7":"product_tag-lengvas-naudoti","8":"product_tag-universalus-lt","9":"product_shipping_class-siuntu-stotis","11":"first","12":"onbackorder","13":"shipping-taxable","14":"purchasable","15":"product-type-simple"},"_links":{"self":[{"href":"https:\/\/www.barefoot-baltics.ee\/lt\/wp-json\/wp\/v2\/product\/6655","targetHints":{"allow":["GET"]}}],"collection":[{"href":"https:\/\/www.barefoot-baltics.ee\/lt\/wp-json\/wp\/v2\/product"}],"about":[{"href":"https:\/\/www.barefoot-baltics.ee\/lt\/wp-json\/wp\/v2\/types\/product"}],"wp:featuredmedia":[{"embeddable":true,"href":"https:\/\/www.barefoot-baltics.ee\/lt\/wp-json\/wp\/v2\/media\/1835"}],"wp:attachment":[{"href":"https:\/\/www.barefoot-baltics.ee\/lt\/wp-json\/wp\/v2\/media?parent=6655"}],"wp:term":[{"taxonomy":"product_brand","embeddable":true,"href":"https:\/\/www.barefoot-baltics.ee\/lt\/wp-json\/wp\/v2\/product_brand?post=6655"},{"taxonomy":"product_cat","embeddable":true,"href":"https:\/\/www.barefoot-baltics.ee\/lt\/wp-json\/wp\/v2\/product_cat?post=6655"},{"taxonomy":"product_tag","embeddable":true,"href":"https:\/\/www.barefoot-baltics.ee\/lt\/wp-json\/wp\/v2\/product_tag?post=6655"}],"curies":[{"name":"wp","href":"https:\/\/api.w.org\/{rel}","templated":true}]}}