{"id":6648,"date":"2019-03-01T10:50:25","date_gmt":"2019-03-01T08:50:25","guid":{"rendered":"https:\/\/www.barefoot-baltics.ee\/product\/zirgu-pratimu-kugis\/"},"modified":"2021-07-12T21:33:15","modified_gmt":"2021-07-12T18:33:15","slug":"zirgu-pratimu-kugis","status":"publish","type":"product","link":"https:\/\/www.barefoot-baltics.ee\/lt\/produktas\/zirgu-pratimu-kugis\/","title":{"rendered":"\u017dirg\u0173 pratim\u0173 k\u016bgis"},"content":{"rendered":"<p>\u0160ie \u017eirg\u0173 pratim\u0173 k\u016bgiai yra b\u016btini \u012frankiai \u017eirg\u0173 treniravimui. \u017dirgai mokosi pasitik\u0117ti mumis nuo \u017eem\u0117s. Su Barefoot treniravimo \u012franga, mokymasis bus dvigubai linksmesnis!<\/p>\n<p>J\u016bs galite juos naudoti labirintui sud\u0117lioti, slalomui, barjerams sukurti ir t.t. K\u016bgiai yra atspar\u016bs vandeniui ir jie gali b\u016bti sumauti vienas ant kito patogiam laikymui. Auk\u0161tis \u2013 38 cm. Pagaminti i\u0161 polietileno. <\/p>\n<p>Galimos spalvos: geltona ir m\u0117lyna. Tyrimai parod\u0117, jog juoda, m\u0117lyna ir geltona spalvos labiausiai i\u0161siskiria \u017eirgui i\u0161 jo aplinkos, tod\u0117l jas lengviausia pasteb\u0117ti ir reaguoti. <\/p>\n","protected":false},"excerpt":{"rendered":"<ul>\n<li>B\u016btini \u017eirg\u0173 treniravimo \u012frankiai<\/li>\n<li>Gali b\u016bti panaudoti daugeliu b\u016bd\u0173<\/li>\n<li>Atspar\u016bs vandeniui bei sukraunami patogiam laikymui<\/li>\n<\/ul>\n","protected":false},"featured_media":1831,"template":"","meta":[],"product_brand":[],"product_cat":[1852],"product_tag":[1908],"class_list":{"0":"post-6648","1":"product","2":"type-product","3":"status-publish","4":"has-post-thumbnail","6":"product_cat-zirgu-treniravimas","7":"product_tag-universalus-lt","8":"product_shipping_class-siuntu-stotis","9":"pa_colour-geltona","10":"pa_colour-melyna","12":"first","13":"instock","14":"shipping-taxable","15":"purchasable","16":"product-type-variable"},"_links":{"self":[{"href":"https:\/\/www.barefoot-baltics.ee\/lt\/wp-json\/wp\/v2\/product\/6648","targetHints":{"allow":["GET"]}}],"collection":[{"href":"https:\/\/www.barefoot-baltics.ee\/lt\/wp-json\/wp\/v2\/product"}],"about":[{"href":"https:\/\/www.barefoot-baltics.ee\/lt\/wp-json\/wp\/v2\/types\/product"}],"wp:featuredmedia":[{"embeddable":true,"href":"https:\/\/www.barefoot-baltics.ee\/lt\/wp-json\/wp\/v2\/media\/1831"}],"wp:attachment":[{"href":"https:\/\/www.barefoot-baltics.ee\/lt\/wp-json\/wp\/v2\/media?parent=6648"}],"wp:term":[{"taxonomy":"product_brand","embeddable":true,"href":"https:\/\/www.barefoot-baltics.ee\/lt\/wp-json\/wp\/v2\/product_brand?post=6648"},{"taxonomy":"product_cat","embeddable":true,"href":"https:\/\/www.barefoot-baltics.ee\/lt\/wp-json\/wp\/v2\/product_cat?post=6648"},{"taxonomy":"product_tag","embeddable":true,"href":"https:\/\/www.barefoot-baltics.ee\/lt\/wp-json\/wp\/v2\/product_tag?post=6648"}],"curies":[{"name":"wp","href":"https:\/\/api.w.org\/{rel}","templated":true}]}}