{"id":6647,"date":"2018-11-06T14:39:48","date_gmt":"2018-11-06T12:39:48","guid":{"rendered":"https:\/\/www.barefoot-baltics.ee\/product\/pavadziai-mizulos-riesutas\/"},"modified":"2019-08-24T10:51:05","modified_gmt":"2019-08-24T07:51:05","slug":"pavadziai-mizulos-riesutas","status":"publish","type":"product","link":"https:\/\/www.barefoot-baltics.ee\/lt\/produktas\/pavadziai-mizulos-riesutas\/","title":{"rendered":"Pavad\u017eiai \u201cMizulos rie\u0161utas\u201d"},"content":{"rendered":"<p>Tai yra rankomis daryti krep\u0161io ra\u0161to, atviri pavad\u017eiai. Jie turi greito pakeitimo sagtis, bei yra pagaminti i\u0161 tvirtos, auk\u0161tos kokyb\u0117s brazili\u0161kos odos. kiekvienas pavadys yra gero, 2.3 m ilgio. J\u0173 plotis yra 1.5 cm, pavad\u017eiai turi puik\u0173 sukibim\u0105.<\/p>\n<p>Mes taip pat turime gra\u017e\u0173, vesterno baln\u0105 ir madingas vesterno kamanas \u201cMizulos Rie\u0161utas\u201d serijoje. <\/p>\n","protected":false},"excerpt":{"rendered":"<ul>\n<li>Vesterno stilius, atviri pavad\u017eiai su rank\u0173 darbo ra\u0161tu<\/li>\n<li>Auk\u0161tos kokyb\u0117s oda<\/li>\n<li>Greitai pakei\u010diami galai<\/li>\n<\/ul>\n","protected":false},"featured_media":1380,"template":"","meta":[],"product_brand":[],"product_cat":[1851],"product_tag":[1865,1891,1909],"class_list":{"0":"post-6647","1":"product","2":"type-product","3":"status-publish","4":"has-post-thumbnail","6":"product_cat-pavadziai-vedimo-virves-virves-ir-kamanu-aksesuarai","7":"product_tag-madingas","8":"product_tag-oda","9":"product_tag-vesterno","10":"product_shipping_class-siuntu-stotis","12":"first","13":"onbackorder","14":"shipping-taxable","15":"purchasable","16":"product-type-simple"},"_links":{"self":[{"href":"https:\/\/www.barefoot-baltics.ee\/lt\/wp-json\/wp\/v2\/product\/6647","targetHints":{"allow":["GET"]}}],"collection":[{"href":"https:\/\/www.barefoot-baltics.ee\/lt\/wp-json\/wp\/v2\/product"}],"about":[{"href":"https:\/\/www.barefoot-baltics.ee\/lt\/wp-json\/wp\/v2\/types\/product"}],"wp:featuredmedia":[{"embeddable":true,"href":"https:\/\/www.barefoot-baltics.ee\/lt\/wp-json\/wp\/v2\/media\/1380"}],"wp:attachment":[{"href":"https:\/\/www.barefoot-baltics.ee\/lt\/wp-json\/wp\/v2\/media?parent=6647"}],"wp:term":[{"taxonomy":"product_brand","embeddable":true,"href":"https:\/\/www.barefoot-baltics.ee\/lt\/wp-json\/wp\/v2\/product_brand?post=6647"},{"taxonomy":"product_cat","embeddable":true,"href":"https:\/\/www.barefoot-baltics.ee\/lt\/wp-json\/wp\/v2\/product_cat?post=6647"},{"taxonomy":"product_tag","embeddable":true,"href":"https:\/\/www.barefoot-baltics.ee\/lt\/wp-json\/wp\/v2\/product_tag?post=6647"}],"curies":[{"name":"wp","href":"https:\/\/api.w.org\/{rel}","templated":true}]}}