{"id":6642,"date":"2018-11-06T14:58:07","date_gmt":"2018-11-06T12:58:07","guid":{"rendered":"https:\/\/www.barefoot-baltics.ee\/product\/pavadziai-azuoliukas\/"},"modified":"2019-08-24T10:46:19","modified_gmt":"2019-08-24T07:46:19","slug":"pavadziai-azuoliukas","status":"publish","type":"product","link":"https:\/\/www.barefoot-baltics.ee\/lt\/produktas\/pavadziai-azuoliukas\/","title":{"rendered":"Pavad\u017eiai \u201c\u0104\u017euoliukas\u201d"},"content":{"rendered":"<p>Tai yra gra\u017e\u016bs, odiniai pavad\u017eiai su tikros, neraugintos odos apipynimais. Jie yra vesterno stiliaus \u2013 atvir\u0173 gal\u0173 \u2013 ir pagaminti i\u0161 tikros, auk\u0161tos kokyb\u0117s, tamsiai rudos, nubuko odos. Neapdirbtos odos  dekoracijos yra \u012fpintos \u012f od\u0105.<\/p>\n<p>\u0160ie pavad\u017eiai greitai ir lengvai prisegami prie \u017e\u0105sl\u0173, hakemor\u0117s ar \u017eied\u0173 (be\u017e\u0105sl\u0117s kamanos) su odiniais antgaliais ir sutvirtinti dekoratyviniais, odiniais rai\u0161teliais.<\/p>\n<p>Ma\u017ea, perkeliama, odin\u0117 kilpa laiko abu pavad\u017eius kartu. <\/p>\n<p>Vieno pavad\u017eio ilgis: 225 cm. Plotis: 15 mm. Spalva: \u0161okoladin\u0117. J\u016bs taip pat galite rasti gra\u017eias vesterno kamanas m\u016bs\u0173 \u201c\u0104\u017euoliukas\u201d serijoje. <\/p>\n","protected":false},"excerpt":{"rendered":"<ul>\n<li>Tikra oda su neraugintos odos dekoracijomis<\/li>\n<li>Odiniai antgaliai ir rai\u0161teliai<\/li>\n<li>Geras ilgis: 225 cm kiekvienas<\/li>\n<\/ul>\n","protected":false},"featured_media":1387,"template":"","meta":[],"product_brand":[],"product_cat":[1851],"product_tag":[1899,1891,1909],"class_list":{"0":"post-6642","1":"product","2":"type-product","3":"status-publish","4":"has-post-thumbnail","6":"product_cat-pavadziai-vedimo-virves-virves-ir-kamanu-aksesuarai","7":"product_tag-neapdorota-oda","8":"product_tag-oda","9":"product_tag-vesterno","10":"product_shipping_class-siuntu-stotis","12":"first","13":"onbackorder","14":"shipping-taxable","15":"purchasable","16":"product-type-simple"},"_links":{"self":[{"href":"https:\/\/www.barefoot-baltics.ee\/lt\/wp-json\/wp\/v2\/product\/6642","targetHints":{"allow":["GET"]}}],"collection":[{"href":"https:\/\/www.barefoot-baltics.ee\/lt\/wp-json\/wp\/v2\/product"}],"about":[{"href":"https:\/\/www.barefoot-baltics.ee\/lt\/wp-json\/wp\/v2\/types\/product"}],"wp:featuredmedia":[{"embeddable":true,"href":"https:\/\/www.barefoot-baltics.ee\/lt\/wp-json\/wp\/v2\/media\/1387"}],"wp:attachment":[{"href":"https:\/\/www.barefoot-baltics.ee\/lt\/wp-json\/wp\/v2\/media?parent=6642"}],"wp:term":[{"taxonomy":"product_brand","embeddable":true,"href":"https:\/\/www.barefoot-baltics.ee\/lt\/wp-json\/wp\/v2\/product_brand?post=6642"},{"taxonomy":"product_cat","embeddable":true,"href":"https:\/\/www.barefoot-baltics.ee\/lt\/wp-json\/wp\/v2\/product_cat?post=6642"},{"taxonomy":"product_tag","embeddable":true,"href":"https:\/\/www.barefoot-baltics.ee\/lt\/wp-json\/wp\/v2\/product_tag?post=6642"}],"curies":[{"name":"wp","href":"https:\/\/api.w.org\/{rel}","templated":true}]}}