{"id":6636,"date":"2018-11-13T14:00:39","date_gmt":"2018-11-13T12:00:39","guid":{"rendered":"https:\/\/www.barefoot-baltics.ee\/product\/minkstos-odos-pavadziai\/"},"modified":"2025-06-18T20:40:28","modified_gmt":"2025-06-18T17:40:28","slug":"minkstos-odos-pavadziai","status":"publish","type":"product","link":"https:\/\/www.barefoot-baltics.ee\/lt\/produktas\/minkstos-odos-pavadziai\/","title":{"rendered":"Mink\u0161tos odos pavad\u017eiai"},"content":{"rendered":"<p>\u0160ie mink\u0161tos odos Barefoot pavad\u017eiai pagaminti i\u0161 labai mink\u0161tos odos. Jie gra\u017eiai guli j\u016bs\u0173 rankose bei taip pat lengvai suimami ma\u017eesni\u0173 rank\u0173, kadangi jie yra plonesni ir siauresni, nei standartiniai pavad\u017eiai.<\/p>\n<p>Jie turi vidin\u0119 nailono \u0161erd\u012f, apsaugan\u010di\u0105 nuo ply\u0161imo. Jie yra labai patog\u016bs ir gero, 3.2 m ilgio. Plotis: 1.5 cm. <\/p>\n","protected":false},"excerpt":{"rendered":"<ul>\n<li>Labai mink\u0161ta ir gra\u017ei oda<\/li>\n<li>Gra\u017eiai atrodo raitelio rankose<\/li>\n<li>Nailono \u0161erdis neleid\u017eia ply\u0161ti ir prarasti formos<\/li>\n<\/ul>\n","protected":false},"featured_media":1486,"template":"","meta":[],"product_brand":[],"product_cat":[1851],"product_tag":[1876,1877,1891],"class_list":{"0":"post-6636","1":"product","2":"type-product","3":"status-publish","4":"has-post-thumbnail","6":"product_cat-pavadziai-vedimo-virves-virves-ir-kamanu-aksesuarai","7":"product_tag-angliska","8":"product_tag-labai-patogus","9":"product_tag-oda","10":"product_shipping_class-siuntu-stotis","11":"pa_colour-juoda","12":"pa_colour-ruda","14":"first","15":"onbackorder","16":"shipping-taxable","17":"purchasable","18":"product-type-variable"},"_links":{"self":[{"href":"https:\/\/www.barefoot-baltics.ee\/lt\/wp-json\/wp\/v2\/product\/6636","targetHints":{"allow":["GET"]}}],"collection":[{"href":"https:\/\/www.barefoot-baltics.ee\/lt\/wp-json\/wp\/v2\/product"}],"about":[{"href":"https:\/\/www.barefoot-baltics.ee\/lt\/wp-json\/wp\/v2\/types\/product"}],"wp:featuredmedia":[{"embeddable":true,"href":"https:\/\/www.barefoot-baltics.ee\/lt\/wp-json\/wp\/v2\/media\/1486"}],"wp:attachment":[{"href":"https:\/\/www.barefoot-baltics.ee\/lt\/wp-json\/wp\/v2\/media?parent=6636"}],"wp:term":[{"taxonomy":"product_brand","embeddable":true,"href":"https:\/\/www.barefoot-baltics.ee\/lt\/wp-json\/wp\/v2\/product_brand?post=6636"},{"taxonomy":"product_cat","embeddable":true,"href":"https:\/\/www.barefoot-baltics.ee\/lt\/wp-json\/wp\/v2\/product_cat?post=6636"},{"taxonomy":"product_tag","embeddable":true,"href":"https:\/\/www.barefoot-baltics.ee\/lt\/wp-json\/wp\/v2\/product_tag?post=6636"}],"curies":[{"name":"wp","href":"https:\/\/api.w.org\/{rel}","templated":true}]}}