{"id":6628,"date":"2018-10-31T14:34:53","date_gmt":"2018-10-31T12:34:53","guid":{"rendered":"https:\/\/www.barefoot-baltics.ee\/product\/pavadziai-gile-vesterno\/"},"modified":"2019-08-24T09:59:38","modified_gmt":"2019-08-24T06:59:38","slug":"pavadziai-gile-vesterno","status":"publish","type":"product","link":"https:\/\/www.barefoot-baltics.ee\/lt\/produktas\/pavadziai-gile-vesterno\/","title":{"rendered":"Pavad\u017eiai \u201cGil\u0117\u201d (vesterno)"},"content":{"rendered":"<p>Tai yra atvir\u0173 gal\u0173, vesterno pavad\u017eiai su Barefoot plunksnos formos odin\u0117mis juostel\u0117mis. <\/p>\n<p>Juostel\u0117s tinka mus\u0117ms nuvyti vasar\u0105 ir \u0161velniam paskatinimui per \u017eirgo kakl\u0105. Patog\u016bs, apvalaus pynimo pavad\u017eiai pagaminti i\u0161 tvirtos virv\u0117s. Pavad\u017eiai dvispalviai su tikros, neraugintos odos dekoracijomis. J\u0173 ilgis yra apie 2.4 m ir jie puikiai dera prie m\u016bs\u0173 vesterno kaman\u0173 \u201cGil\u0117\u201d. <\/p>\n","protected":false},"excerpt":{"rendered":"<ul>\n<li>Atvir\u0173 gal\u0173, vesterno pavad\u017eiai<\/li>\n<li>Apvalaus pynimo, pagaminti i\u0161 tvirtos virv\u0117s<\/li>\n<li>Nuimami karabinai<\/li>\n<li>Tikros, neraugintos odos dekoracijos<\/li>\n<\/ul>\n","protected":false},"featured_media":1272,"template":"","meta":[],"product_brand":[],"product_cat":[1851],"product_tag":[1909,1900],"class_list":{"0":"post-6628","1":"product","2":"type-product","3":"status-publish","4":"has-post-thumbnail","6":"product_cat-pavadziai-vedimo-virves-virves-ir-kamanu-aksesuarai","7":"product_tag-vesterno","8":"product_tag-virve-lt","9":"product_shipping_class-siuntu-stotis","11":"first","12":"onbackorder","13":"shipping-taxable","14":"purchasable","15":"product-type-simple"},"_links":{"self":[{"href":"https:\/\/www.barefoot-baltics.ee\/lt\/wp-json\/wp\/v2\/product\/6628","targetHints":{"allow":["GET"]}}],"collection":[{"href":"https:\/\/www.barefoot-baltics.ee\/lt\/wp-json\/wp\/v2\/product"}],"about":[{"href":"https:\/\/www.barefoot-baltics.ee\/lt\/wp-json\/wp\/v2\/types\/product"}],"wp:featuredmedia":[{"embeddable":true,"href":"https:\/\/www.barefoot-baltics.ee\/lt\/wp-json\/wp\/v2\/media\/1272"}],"wp:attachment":[{"href":"https:\/\/www.barefoot-baltics.ee\/lt\/wp-json\/wp\/v2\/media?parent=6628"}],"wp:term":[{"taxonomy":"product_brand","embeddable":true,"href":"https:\/\/www.barefoot-baltics.ee\/lt\/wp-json\/wp\/v2\/product_brand?post=6628"},{"taxonomy":"product_cat","embeddable":true,"href":"https:\/\/www.barefoot-baltics.ee\/lt\/wp-json\/wp\/v2\/product_cat?post=6628"},{"taxonomy":"product_tag","embeddable":true,"href":"https:\/\/www.barefoot-baltics.ee\/lt\/wp-json\/wp\/v2\/product_tag?post=6628"}],"curies":[{"name":"wp","href":"https:\/\/api.w.org\/{rel}","templated":true}]}}