{"id":6624,"date":"2018-10-31T12:17:41","date_gmt":"2018-10-31T10:17:41","guid":{"rendered":"https:\/\/www.barefoot-baltics.ee\/product\/pavadziai-gintaras-angliski\/"},"modified":"2021-08-30T19:24:32","modified_gmt":"2021-08-30T16:24:32","slug":"pavadziai-gintaras-angliski","status":"publish","type":"product","link":"https:\/\/www.barefoot-baltics.ee\/lt\/produktas\/pavadziai-gintaras-angliski\/","title":{"rendered":"Pavad\u017eiai \u201cGintaras\u201d (angli\u0161ki)"},"content":{"rendered":"<p>Tai yra angli\u0161ki pavad\u017eiai i\u0161 m\u016bs\u0173 \u201cGintaras\u201d serijos. Jie yra apval\u016bs ir pagaminti i\u0161 rankomis pintos kaln\u0173 virv\u0117s. Sagtis lengvai atsegama. Patogus ilgis. Nuimami karabinai.<\/p>\n<p>Pilnas ilgis: 3.2 m<\/p>\n","protected":false},"excerpt":{"rendered":"<ul>\n<li>Apval\u016bs, pinti, kaln\u0173 virv\u0117s pavad\u017eiai<\/li>\n<li>Pilnas ilgis: 3.2 m<\/li>\n<li>Galima derinti su vesterno kamanomis<\/li>\n<\/ul>\n","protected":false},"featured_media":1248,"template":"","meta":[],"product_brand":[],"product_cat":[1851],"product_tag":[1876,1900],"class_list":{"0":"post-6624","1":"product","2":"type-product","3":"status-publish","4":"has-post-thumbnail","6":"product_cat-pavadziai-vedimo-virves-virves-ir-kamanu-aksesuarai","7":"product_tag-angliska","8":"product_tag-virve-lt","9":"product_shipping_class-siuntu-stotis","10":"pa_colour-juoda-avietine","11":"pa_colour-juoda-melyna","12":"pa_colour-ruda-turkio-spalva","13":"pa_colour-ruda-juoda","14":"pa_colour-silta-ruda-oranzine","16":"first","17":"instock","18":"shipping-taxable","19":"purchasable","20":"product-type-variable"},"_links":{"self":[{"href":"https:\/\/www.barefoot-baltics.ee\/lt\/wp-json\/wp\/v2\/product\/6624","targetHints":{"allow":["GET"]}}],"collection":[{"href":"https:\/\/www.barefoot-baltics.ee\/lt\/wp-json\/wp\/v2\/product"}],"about":[{"href":"https:\/\/www.barefoot-baltics.ee\/lt\/wp-json\/wp\/v2\/types\/product"}],"wp:featuredmedia":[{"embeddable":true,"href":"https:\/\/www.barefoot-baltics.ee\/lt\/wp-json\/wp\/v2\/media\/1248"}],"wp:attachment":[{"href":"https:\/\/www.barefoot-baltics.ee\/lt\/wp-json\/wp\/v2\/media?parent=6624"}],"wp:term":[{"taxonomy":"product_brand","embeddable":true,"href":"https:\/\/www.barefoot-baltics.ee\/lt\/wp-json\/wp\/v2\/product_brand?post=6624"},{"taxonomy":"product_cat","embeddable":true,"href":"https:\/\/www.barefoot-baltics.ee\/lt\/wp-json\/wp\/v2\/product_cat?post=6624"},{"taxonomy":"product_tag","embeddable":true,"href":"https:\/\/www.barefoot-baltics.ee\/lt\/wp-json\/wp\/v2\/product_tag?post=6624"}],"curies":[{"name":"wp","href":"https:\/\/api.w.org\/{rel}","templated":true}]}}