{"id":6620,"date":"2019-02-02T14:00:59","date_gmt":"2019-02-02T12:00:59","guid":{"rendered":"https:\/\/www.barefoot-baltics.ee\/product\/vedimo-ir-pririsimo-virve-gintaras\/"},"modified":"2021-08-30T19:43:04","modified_gmt":"2021-08-30T16:43:04","slug":"vedimo-ir-pririsimo-virve-gintaras","status":"publish","type":"product","link":"https:\/\/www.barefoot-baltics.ee\/lt\/produktas\/vedimo-ir-pririsimo-virve-gintaras\/","title":{"rendered":"Vedimo ir priri\u0161imo virv\u0117 \u201cGintaras\u201d"},"content":{"rendered":"<p>Tai yra vedimo ir priri\u0161imo virv\u0117 i\u0161 m\u016bs\u0173 \u201cGintaras\u201d serijos. Ji yra apvali, pinta virv\u0117 su besisukan\u010diu greito atsegimo karabinu papildomam saugumui. Barefoot plunksna gale sukurta kaip musi\u0173 mu\u0161ykl\u0117.<\/p>\n<p>Ilgis yra 1.7 metro. <\/p>\n","protected":false},"excerpt":{"rendered":"<ul>\n<li>Rankomis gaminta kaln\u0173 virv\u0117<\/li>\n<li>Su besisukan\u010diu greito atsegimo karabinu<\/li>\n<li>Ilgis: 1.7 m<\/li>\n<li>Galimi trij\u0173 spalv\u0173 variantai<\/li>\n<\/ul>\n","protected":false},"featured_media":1676,"template":"","meta":[],"product_brand":[],"product_cat":[1851],"product_tag":[1878,1900],"class_list":{"0":"post-6620","1":"product","2":"type-product","3":"status-publish","4":"has-post-thumbnail","6":"product_cat-pavadziai-vedimo-virves-virves-ir-kamanu-aksesuarai","7":"product_tag-labai-saugus","8":"product_tag-virve-lt","9":"product_shipping_class-siuntu-stotis","10":"pa_colour-juoda-avietine","11":"pa_colour-juoda-melyna","12":"pa_colour-ruda-turkio-spalva","13":"pa_colour-ruda-juoda","14":"pa_colour-silta-ruda-oranzine","16":"first","17":"instock","18":"shipping-taxable","19":"purchasable","20":"product-type-variable"},"_links":{"self":[{"href":"https:\/\/www.barefoot-baltics.ee\/lt\/wp-json\/wp\/v2\/product\/6620","targetHints":{"allow":["GET"]}}],"collection":[{"href":"https:\/\/www.barefoot-baltics.ee\/lt\/wp-json\/wp\/v2\/product"}],"about":[{"href":"https:\/\/www.barefoot-baltics.ee\/lt\/wp-json\/wp\/v2\/types\/product"}],"wp:featuredmedia":[{"embeddable":true,"href":"https:\/\/www.barefoot-baltics.ee\/lt\/wp-json\/wp\/v2\/media\/1676"}],"wp:attachment":[{"href":"https:\/\/www.barefoot-baltics.ee\/lt\/wp-json\/wp\/v2\/media?parent=6620"}],"wp:term":[{"taxonomy":"product_brand","embeddable":true,"href":"https:\/\/www.barefoot-baltics.ee\/lt\/wp-json\/wp\/v2\/product_brand?post=6620"},{"taxonomy":"product_cat","embeddable":true,"href":"https:\/\/www.barefoot-baltics.ee\/lt\/wp-json\/wp\/v2\/product_cat?post=6620"},{"taxonomy":"product_tag","embeddable":true,"href":"https:\/\/www.barefoot-baltics.ee\/lt\/wp-json\/wp\/v2\/product_tag?post=6620"}],"curies":[{"name":"wp","href":"https:\/\/api.w.org\/{rel}","templated":true}]}}