{"id":6619,"date":"2018-10-31T14:04:53","date_gmt":"2018-10-31T12:04:53","guid":{"rendered":"https:\/\/www.barefoot-baltics.ee\/product\/pavadziai-gile-angliski\/"},"modified":"2019-08-24T09:43:14","modified_gmt":"2019-08-24T06:43:14","slug":"pavadziai-gile-angliski","status":"publish","type":"product","link":"https:\/\/www.barefoot-baltics.ee\/lt\/produktas\/pavadziai-gile-angliski\/","title":{"rendered":"Pavad\u017eiai \u201cGil\u0117\u201d (angli\u0161ki)"},"content":{"rendered":"<p>Tai yra apvaliai pinti, patog\u016bs, tvirtos virv\u0117s pavad\u017eiai. Nuimami \u017eirkli\u0173 tipo karabinai. \u0160ie pavad\u017eiai papuo\u0161ti dvispalv\u0117mis neapdirbtos odos dekoracijomis, kurios puikiai dera su vesterno kamanomis \u201cGil\u0117\u201d.<\/p>\n<p>Ilgis apie 3 m.<\/p>\n","protected":false},"excerpt":{"rendered":"<ul>\n<li>U\u017edari (angli\u0161ki) pavad\u017eiai pagaminti i\u0161 tvirtos, bet mink\u0161tos virv\u0117s<\/li>\n<li>Su odiniais antgaliais ir karabinais<\/li>\n<li>Dekoruoti tikra, nerauginta oda<\/li>\n<\/ul>\n","protected":false},"featured_media":1270,"template":"","meta":[],"product_brand":[],"product_cat":[1851],"product_tag":[1876,1900],"class_list":{"0":"post-6619","1":"product","2":"type-product","3":"status-publish","4":"has-post-thumbnail","6":"product_cat-pavadziai-vedimo-virves-virves-ir-kamanu-aksesuarai","7":"product_tag-angliska","8":"product_tag-virve-lt","9":"product_shipping_class-siuntu-stotis","11":"first","12":"onbackorder","13":"shipping-taxable","14":"purchasable","15":"product-type-simple"},"_links":{"self":[{"href":"https:\/\/www.barefoot-baltics.ee\/lt\/wp-json\/wp\/v2\/product\/6619","targetHints":{"allow":["GET"]}}],"collection":[{"href":"https:\/\/www.barefoot-baltics.ee\/lt\/wp-json\/wp\/v2\/product"}],"about":[{"href":"https:\/\/www.barefoot-baltics.ee\/lt\/wp-json\/wp\/v2\/types\/product"}],"wp:featuredmedia":[{"embeddable":true,"href":"https:\/\/www.barefoot-baltics.ee\/lt\/wp-json\/wp\/v2\/media\/1270"}],"wp:attachment":[{"href":"https:\/\/www.barefoot-baltics.ee\/lt\/wp-json\/wp\/v2\/media?parent=6619"}],"wp:term":[{"taxonomy":"product_brand","embeddable":true,"href":"https:\/\/www.barefoot-baltics.ee\/lt\/wp-json\/wp\/v2\/product_brand?post=6619"},{"taxonomy":"product_cat","embeddable":true,"href":"https:\/\/www.barefoot-baltics.ee\/lt\/wp-json\/wp\/v2\/product_cat?post=6619"},{"taxonomy":"product_tag","embeddable":true,"href":"https:\/\/www.barefoot-baltics.ee\/lt\/wp-json\/wp\/v2\/product_tag?post=6619"}],"curies":[{"name":"wp","href":"https:\/\/api.w.org\/{rel}","templated":true}]}}