{"id":6617,"date":"2018-11-09T15:49:47","date_gmt":"2018-11-09T13:49:47","guid":{"rendered":"https:\/\/www.barefoot-baltics.ee\/product\/virve-darbui-nuo-zemes-kadagys\/"},"modified":"2021-07-12T21:33:14","modified_gmt":"2021-07-12T18:33:14","slug":"virve-darbui-nuo-zemes-kadagys","status":"publish","type":"product","link":"https:\/\/www.barefoot-baltics.ee\/lt\/produktas\/virve-darbui-nuo-zemes-kadagys\/","title":{"rendered":"Virv\u0117 darbui nuo \u017eem\u0117s \u201cKadagys\u201d"},"content":{"rendered":"<p>\u0160i virv\u0117 darbui nuo \u017eem\u0117s i\u0161 m\u016bs\u0173 \u201cKadagys\u201d serijos, pagaminta i\u0161 polipropileno su medviln\u0117s \u0161erdimi, Ji yra idealaus ilgio\u2013darbui su j\u016bs\u0173 \u017eirgu nuo \u017eem\u0117s \u2013 kuris, manome, yra 4.2 m. Virv\u0117 \u0161velniai guli j\u016bs\u0173 rankose ir yra standesn\u0117 nei \u012fprasta virv\u0117. Ji lengvai surenkama nesuraizgant.<\/p>\n<p>Yra dekoratyvin\u0117s, raugintos karv\u0117s odos, Barefoot plunksnos formos juostel\u0117s viename gale ir tvirtas karabinas kitame gale. <\/p>\n<p>Taip pat m\u016bs\u0173 \u201cKadagys\u201d serijoje yra kantaras jojimui bei pavad\u017eiai.<\/p>\n","protected":false},"excerpt":{"rendered":"<ul>\n<li>Idealus ilgis darbui nuo \u017eem\u0117s: 4.2 m<\/li>\n<li>Pagaminta i\u0161 polipropileno su medviln\u0117s \u0161erdimi<\/li>\n<li>Odin\u0117s, Barefoot plunksnos formos juostel\u0117s<\/li>\n<li>Galima derinti su kantaru<\/li>\n<\/ul>\n","protected":false},"featured_media":1467,"template":"","meta":[],"product_brand":[],"product_cat":[1851],"product_tag":[1885,1892,1900],"class_list":{"0":"post-6617","1":"product","2":"type-product","3":"status-publish","4":"has-post-thumbnail","6":"product_cat-pavadziai-vedimo-virves-virves-ir-kamanu-aksesuarai","7":"product_tag-darbas-nuo-zemes","8":"product_tag-lengvas","9":"product_tag-virve-lt","10":"product_shipping_class-siuntu-stotis","12":"first","13":"onbackorder","14":"shipping-taxable","15":"purchasable","16":"product-type-simple"},"_links":{"self":[{"href":"https:\/\/www.barefoot-baltics.ee\/lt\/wp-json\/wp\/v2\/product\/6617","targetHints":{"allow":["GET"]}}],"collection":[{"href":"https:\/\/www.barefoot-baltics.ee\/lt\/wp-json\/wp\/v2\/product"}],"about":[{"href":"https:\/\/www.barefoot-baltics.ee\/lt\/wp-json\/wp\/v2\/types\/product"}],"wp:featuredmedia":[{"embeddable":true,"href":"https:\/\/www.barefoot-baltics.ee\/lt\/wp-json\/wp\/v2\/media\/1467"}],"wp:attachment":[{"href":"https:\/\/www.barefoot-baltics.ee\/lt\/wp-json\/wp\/v2\/media?parent=6617"}],"wp:term":[{"taxonomy":"product_brand","embeddable":true,"href":"https:\/\/www.barefoot-baltics.ee\/lt\/wp-json\/wp\/v2\/product_brand?post=6617"},{"taxonomy":"product_cat","embeddable":true,"href":"https:\/\/www.barefoot-baltics.ee\/lt\/wp-json\/wp\/v2\/product_cat?post=6617"},{"taxonomy":"product_tag","embeddable":true,"href":"https:\/\/www.barefoot-baltics.ee\/lt\/wp-json\/wp\/v2\/product_tag?post=6617"}],"curies":[{"name":"wp","href":"https:\/\/api.w.org\/{rel}","templated":true}]}}