{"id":6613,"date":"2019-02-02T15:19:13","date_gmt":"2019-02-02T13:19:13","guid":{"rendered":"https:\/\/www.barefoot-baltics.ee\/product\/kaklo-virve-gintaras\/"},"modified":"2024-08-16T16:52:33","modified_gmt":"2024-08-16T13:52:33","slug":"kaklo-virve-gintaras","status":"publish","type":"product","link":"https:\/\/www.barefoot-baltics.ee\/lt\/produktas\/kaklo-virve-gintaras\/","title":{"rendered":"Kaklo virv\u0117 &#8222;Gintaras&#8221;"},"content":{"rendered":"<p>Tai yra \u017eirgui draugi\u0161ka kaklo virv\u0117, pagaminta i\u0161 rankomis pintos alpinizmo virv\u0117s. Dydis reguliuojamas per slystan\u010dius mazgus. Ner\u016bdijan\u010dio plieno \u017eiedas priri\u0161imui arba vedimui, bei kutas dekoracijai.<\/p>\n<p>Bendras ilgis apie 1.6 metro. <\/p>\n","protected":false},"excerpt":{"rendered":"<ul>\n<li>\u017dirgui draugi\u0161ka kaklo virv\u0117<\/li>\n<li>Pagaminta i\u0161 rankomis pintos kaln\u0173 virv\u0117s<\/li>\n<li>Reguliuojamas dydis<\/li>\n<li>Ner\u016bdijan\u010dio plieno \u017eiedas priri\u0161imui ir vedimui<\/li>\n<\/ul>\n","protected":false},"featured_media":1684,"template":"","meta":[],"product_brand":[],"product_cat":[1851],"product_tag":[1858,1900],"class_list":{"0":"post-6613","1":"product","2":"type-product","3":"status-publish","4":"has-post-thumbnail","6":"product_cat-pavadziai-vedimo-virves-virves-ir-kamanu-aksesuarai","7":"product_tag-reguliuojamas","8":"product_tag-virve-lt","9":"product_shipping_class-siuntu-stotis","10":"pa_colour-juoda-avietine","11":"pa_colour-juoda-melyna","12":"pa_colour-ruda-turkio-spalva","13":"pa_colour-ruda-juoda","14":"pa_colour-silta-ruda-oranzine","16":"first","17":"onbackorder","18":"shipping-taxable","19":"purchasable","20":"product-type-variable"},"_links":{"self":[{"href":"https:\/\/www.barefoot-baltics.ee\/lt\/wp-json\/wp\/v2\/product\/6613","targetHints":{"allow":["GET"]}}],"collection":[{"href":"https:\/\/www.barefoot-baltics.ee\/lt\/wp-json\/wp\/v2\/product"}],"about":[{"href":"https:\/\/www.barefoot-baltics.ee\/lt\/wp-json\/wp\/v2\/types\/product"}],"wp:featuredmedia":[{"embeddable":true,"href":"https:\/\/www.barefoot-baltics.ee\/lt\/wp-json\/wp\/v2\/media\/1684"}],"wp:attachment":[{"href":"https:\/\/www.barefoot-baltics.ee\/lt\/wp-json\/wp\/v2\/media?parent=6613"}],"wp:term":[{"taxonomy":"product_brand","embeddable":true,"href":"https:\/\/www.barefoot-baltics.ee\/lt\/wp-json\/wp\/v2\/product_brand?post=6613"},{"taxonomy":"product_cat","embeddable":true,"href":"https:\/\/www.barefoot-baltics.ee\/lt\/wp-json\/wp\/v2\/product_cat?post=6613"},{"taxonomy":"product_tag","embeddable":true,"href":"https:\/\/www.barefoot-baltics.ee\/lt\/wp-json\/wp\/v2\/product_tag?post=6613"}],"curies":[{"name":"wp","href":"https:\/\/api.w.org\/{rel}","templated":true}]}}