{"id":6611,"date":"2018-12-10T07:14:25","date_gmt":"2018-12-10T05:14:25","guid":{"rendered":"https:\/\/www.barefoot-baltics.ee\/product\/hakemore-geles\/"},"modified":"2020-11-22T22:39:48","modified_gmt":"2020-11-22T20:39:48","slug":"hakemore-geles","status":"publish","type":"product","link":"https:\/\/www.barefoot-baltics.ee\/lt\/produktas\/hakemore-geles\/","title":{"rendered":"Hakemor\u0117 \u201cG\u0117l\u0117s\u201d"},"content":{"rendered":"<p>Kaip ir su \u017e\u0105slais, hakemor\u0117 \u201cG\u0117l\u0117s\u201d prisisega prie kaman\u0173 kair\u0117s ir de\u0161in\u0117s pus\u0117s. Skirtumas toks, jog j\u016bs\u0173 \u017eirgas nepajaus metalo savo burnoje. \ud83d\ude42<\/p>\n<p>Jums papildomai reiks kapsul\u0117s ir pasmakrio dir\u017eelio, norint pritvirtinti hakemor\u0119 prie j\u016bs\u0173 \u017eirgo nosies.<\/p>\n<p>J\u016bs\u0173 komandos perduodamos per \u017eirgo nos\u012f. Kai tik j\u016bs\u0173 \u017eirgas bus prad\u0117tas joti be \u017e\u0105sl\u0173, bet kokia treniruot\u0117 bus \u012fmanoma, atsiras lankstumas. <\/p>\n<p>\u201cG\u0117l\u0117s\u201d suteikia \u0161iek tiek laisv\u0117s. Pavad\u017ei\u0173 veiksmas ir kontrol\u0117 yra reguliuojama, priklausomai nuo to ant kurio \u017eiedo hakemor\u0117 naudojama. Stipriausias efektas pasiekiamas, kai pavad\u017eiai prisegti prie \u017eemiausiojo \u017eiedo. <\/p>\n<p>\u0160i hakemor\u0117 pagaminta i\u0161 ner\u016bdijan\u010dio plieno, bei parduodama poromis.<\/p>\n","protected":false},"excerpt":{"rendered":"<ul>\n<li>A necessity for bitless riding<\/li>\n<li>Rinkit\u0117s tarp \u0161velnaus ir tikslaus treniravimo<\/li>\n<li>Vesternui, angli\u0161kam jojimui, jojimui \u017eygiams ir i\u0161tverm\u0117s jojimui<\/li>\n<li>Skirta raiteliams, kurie nori bendrauti  su arkliu tiksliausiu b\u016bdu<\/li>\n<\/ul>\n","protected":false},"featured_media":1553,"template":"","meta":[],"product_brand":[],"product_cat":[1851],"product_tag":[1864,1904],"class_list":{"0":"post-6611","1":"product","2":"type-product","3":"status-publish","4":"has-post-thumbnail","6":"product_cat-pavadziai-vedimo-virves-virves-ir-kamanu-aksesuarai","7":"product_tag-bezasles","8":"product_tag-nerudijantis-plienas","9":"product_shipping_class-siuntu-stotis","11":"first","12":"onbackorder","13":"shipping-taxable","14":"purchasable","15":"product-type-simple"},"_links":{"self":[{"href":"https:\/\/www.barefoot-baltics.ee\/lt\/wp-json\/wp\/v2\/product\/6611","targetHints":{"allow":["GET"]}}],"collection":[{"href":"https:\/\/www.barefoot-baltics.ee\/lt\/wp-json\/wp\/v2\/product"}],"about":[{"href":"https:\/\/www.barefoot-baltics.ee\/lt\/wp-json\/wp\/v2\/types\/product"}],"wp:featuredmedia":[{"embeddable":true,"href":"https:\/\/www.barefoot-baltics.ee\/lt\/wp-json\/wp\/v2\/media\/1553"}],"wp:attachment":[{"href":"https:\/\/www.barefoot-baltics.ee\/lt\/wp-json\/wp\/v2\/media?parent=6611"}],"wp:term":[{"taxonomy":"product_brand","embeddable":true,"href":"https:\/\/www.barefoot-baltics.ee\/lt\/wp-json\/wp\/v2\/product_brand?post=6611"},{"taxonomy":"product_cat","embeddable":true,"href":"https:\/\/www.barefoot-baltics.ee\/lt\/wp-json\/wp\/v2\/product_cat?post=6611"},{"taxonomy":"product_tag","embeddable":true,"href":"https:\/\/www.barefoot-baltics.ee\/lt\/wp-json\/wp\/v2\/product_tag?post=6611"}],"curies":[{"name":"wp","href":"https:\/\/api.w.org\/{rel}","templated":true}]}}