{"id":6608,"date":"2018-11-08T11:54:14","date_gmt":"2018-11-08T09:54:14","guid":{"rendered":"https:\/\/www.barefoot-baltics.ee\/product\/pavadziai-super-sukibimas-vaikiski\/"},"modified":"2019-08-23T17:15:39","modified_gmt":"2019-08-23T14:15:39","slug":"pavadziai-super-sukibimas-vaikiski","status":"publish","type":"product","link":"https:\/\/www.barefoot-baltics.ee\/lt\/produktas\/pavadziai-super-sukibimas-vaikiski\/","title":{"rendered":"Pavad\u017eiai \u201cSuper sukibimas\u201d vaiki\u0161ki"},"content":{"rendered":"<p>Neslystantys pavad\u017eiai vaikams, galimos keli\u0173 spalv\u0173 kombinacijos. Pinta gumin\u0117 med\u017eiaga u\u017etikrina, jog pavad\u017eiai saugiai lieka vaiko rankose nei\u0161slysdami. <\/p>\n<p>Pagrindin\u0117s ypatyb\u0117s:<\/p>\n<ul>\n<li>Ro\u017einiai arba m\u0117lyni staddukaii<\/li>\n<li>Neslysta; net sudr\u0117kinti<\/li>\n<li>Nesugeria dr\u0117gm\u0117s<\/li>\n<li>Nesitampo<\/li>\n<\/ul>\n","protected":false},"excerpt":{"rendered":"<ul>\n<li>Rankose neslysta<\/li>\n<li>Galima lengvai ir subtiliai naudoti<\/li>\n<li>Spalvoti stabd\u017eiai<\/li>\n<li>Atsegami per vidur\u012f<\/li>\n<\/ul>\n","protected":false},"featured_media":1450,"template":"","meta":[],"product_brand":[],"product_cat":[1851],"product_tag":[1876,1882],"class_list":{"0":"post-6608","1":"product","2":"type-product","3":"status-publish","4":"has-post-thumbnail","6":"product_cat-pavadziai-vedimo-virves-virves-ir-kamanu-aksesuarai","7":"product_tag-angliska","8":"product_tag-vaikams","9":"product_shipping_class-siuntu-stotis","10":"pa_colour-juoda-sviesiai-melyna","11":"pa_colour-ruda-rozine","13":"first","14":"instock","15":"shipping-taxable","16":"purchasable","17":"product-type-variable"},"_links":{"self":[{"href":"https:\/\/www.barefoot-baltics.ee\/lt\/wp-json\/wp\/v2\/product\/6608","targetHints":{"allow":["GET"]}}],"collection":[{"href":"https:\/\/www.barefoot-baltics.ee\/lt\/wp-json\/wp\/v2\/product"}],"about":[{"href":"https:\/\/www.barefoot-baltics.ee\/lt\/wp-json\/wp\/v2\/types\/product"}],"wp:featuredmedia":[{"embeddable":true,"href":"https:\/\/www.barefoot-baltics.ee\/lt\/wp-json\/wp\/v2\/media\/1450"}],"wp:attachment":[{"href":"https:\/\/www.barefoot-baltics.ee\/lt\/wp-json\/wp\/v2\/media?parent=6608"}],"wp:term":[{"taxonomy":"product_brand","embeddable":true,"href":"https:\/\/www.barefoot-baltics.ee\/lt\/wp-json\/wp\/v2\/product_brand?post=6608"},{"taxonomy":"product_cat","embeddable":true,"href":"https:\/\/www.barefoot-baltics.ee\/lt\/wp-json\/wp\/v2\/product_cat?post=6608"},{"taxonomy":"product_tag","embeddable":true,"href":"https:\/\/www.barefoot-baltics.ee\/lt\/wp-json\/wp\/v2\/product_tag?post=6608"}],"curies":[{"name":"wp","href":"https:\/\/api.w.org\/{rel}","templated":true}]}}