{"id":6607,"date":"2018-11-06T14:26:02","date_gmt":"2018-11-06T12:26:02","guid":{"rendered":"https:\/\/www.barefoot-baltics.ee\/product\/pavadziai-super-sukibimas\/"},"modified":"2019-08-23T17:13:21","modified_gmt":"2019-08-23T14:13:21","slug":"pavadziai-super-sukibimas","status":"publish","type":"product","link":"https:\/\/www.barefoot-baltics.ee\/lt\/produktas\/pavadziai-super-sukibimas\/","title":{"rendered":"Pavad\u017eiai \u201cSuper sukibimas\u201d"},"content":{"rendered":"<p>Neslystantys Barefoot pavad\u017eiai, kuriuos galite naudoti su visomis angli\u0161komis kamanomis.<\/p>\n<p>Pinta gumin\u0117 med\u017eiaga u\u017etikrina, jog pavad\u017eiai saugiai lieka rankose nei\u0161slysdami.<\/p>\n<ul>\n<li>Su stabdukais<\/li>\n<li>Neslysta net b\u016bdami \u0161lapi<\/li>\n<li>Nesugeria dr\u0117gm\u0117s<\/li>\n<li>Nesitampo<\/li>\n<\/ul>\n","protected":false},"excerpt":{"rendered":"<ul>\n<li>Neslystanti med\u017eiaga<\/li>\n<li>Galima lengvai ir subtiliai naudoti<\/li>\n<li>Atsegami per vidur\u012f<\/li>\n<\/ul>\n","protected":false},"featured_media":1375,"template":"","meta":[],"product_brand":[],"product_cat":[1851],"product_tag":[1876,1860],"class_list":{"0":"post-6607","1":"product","2":"type-product","3":"status-publish","4":"has-post-thumbnail","6":"product_cat-pavadziai-vedimo-virves-virves-ir-kamanu-aksesuarai","7":"product_tag-angliska","8":"product_tag-neslystantis","9":"product_shipping_class-siuntu-stotis","11":"first","12":"onbackorder","13":"shipping-taxable","14":"purchasable","15":"product-type-simple"},"_links":{"self":[{"href":"https:\/\/www.barefoot-baltics.ee\/lt\/wp-json\/wp\/v2\/product\/6607","targetHints":{"allow":["GET"]}}],"collection":[{"href":"https:\/\/www.barefoot-baltics.ee\/lt\/wp-json\/wp\/v2\/product"}],"about":[{"href":"https:\/\/www.barefoot-baltics.ee\/lt\/wp-json\/wp\/v2\/types\/product"}],"wp:featuredmedia":[{"embeddable":true,"href":"https:\/\/www.barefoot-baltics.ee\/lt\/wp-json\/wp\/v2\/media\/1375"}],"wp:attachment":[{"href":"https:\/\/www.barefoot-baltics.ee\/lt\/wp-json\/wp\/v2\/media?parent=6607"}],"wp:term":[{"taxonomy":"product_brand","embeddable":true,"href":"https:\/\/www.barefoot-baltics.ee\/lt\/wp-json\/wp\/v2\/product_brand?post=6607"},{"taxonomy":"product_cat","embeddable":true,"href":"https:\/\/www.barefoot-baltics.ee\/lt\/wp-json\/wp\/v2\/product_cat?post=6607"},{"taxonomy":"product_tag","embeddable":true,"href":"https:\/\/www.barefoot-baltics.ee\/lt\/wp-json\/wp\/v2\/product_tag?post=6607"}],"curies":[{"name":"wp","href":"https:\/\/api.w.org\/{rel}","templated":true}]}}