{"id":6602,"date":"2018-11-15T18:24:05","date_gmt":"2018-11-15T16:24:05","guid":{"rendered":"https:\/\/www.barefoot-baltics.ee\/product\/pavadziai-seneka\/"},"modified":"2021-03-13T15:45:55","modified_gmt":"2021-03-13T13:45:55","slug":"pavadziai-seneka","status":"publish","type":"product","link":"https:\/\/www.barefoot-baltics.ee\/lt\/produktas\/pavadziai-seneka\/","title":{"rendered":"Pavad\u017eiai \u201cSeneka\u201d"},"content":{"rendered":"<p>Tai yra gra\u017e\u016bs pavad\u017eiai i\u0161 m\u016bs\u0173 \u201cSeneka\u201d serijos su pintos neraugintos odos dekoracijomis. Jie pagaminti i\u0161 patvaraus polipropileno su vidine medviln\u0117s \u0161erdimi. Dekoracijos supintos i\u0161 kokybi\u0161kos, dviej\u0173 spalv\u0173 neraugintos odos. Karabinai leid\u017eia greitai prisegti ir atsegti \u0161iuos angli\u0161kus pavad\u017eius prie kaman\u0173 ar kantaro jojimui.<\/p>\n<p>Ju ilgis yra 3.5 m, o plotis 10 mm.<\/p>\n<p>Taip pat kvie\u010diame pasi\u017ei\u016br\u0117ti \u012f m\u016bs\u0173 kantar\u0105 jojimui \u201cSeneka\u201d.<\/p>\n","protected":false},"excerpt":{"rendered":"<ul>\n<li>Angli\u0161ki pavad\u017eiai, kurie dera prie m\u016bs\u0173 \u201cSeneka\u201d kantaro jojimui<\/li>\n<li>Pintos neraugintos odos dekoracijos<\/li>\n<li>Ilgis: 3.5 m, plotis: 10 mm<\/li>\n<\/ul>\n","protected":false},"featured_media":1505,"template":"","meta":[],"product_brand":[],"product_cat":[1851],"product_tag":[1876,1899,1900],"class_list":{"0":"post-6602","1":"product","2":"type-product","3":"status-publish","4":"has-post-thumbnail","6":"product_cat-pavadziai-vedimo-virves-virves-ir-kamanu-aksesuarai","7":"product_tag-angliska","8":"product_tag-neapdorota-oda","9":"product_tag-virve-lt","10":"product_shipping_class-siuntu-stotis","12":"first","13":"onbackorder","14":"shipping-taxable","15":"purchasable","16":"product-type-simple"},"_links":{"self":[{"href":"https:\/\/www.barefoot-baltics.ee\/lt\/wp-json\/wp\/v2\/product\/6602","targetHints":{"allow":["GET"]}}],"collection":[{"href":"https:\/\/www.barefoot-baltics.ee\/lt\/wp-json\/wp\/v2\/product"}],"about":[{"href":"https:\/\/www.barefoot-baltics.ee\/lt\/wp-json\/wp\/v2\/types\/product"}],"wp:featuredmedia":[{"embeddable":true,"href":"https:\/\/www.barefoot-baltics.ee\/lt\/wp-json\/wp\/v2\/media\/1505"}],"wp:attachment":[{"href":"https:\/\/www.barefoot-baltics.ee\/lt\/wp-json\/wp\/v2\/media?parent=6602"}],"wp:term":[{"taxonomy":"product_brand","embeddable":true,"href":"https:\/\/www.barefoot-baltics.ee\/lt\/wp-json\/wp\/v2\/product_brand?post=6602"},{"taxonomy":"product_cat","embeddable":true,"href":"https:\/\/www.barefoot-baltics.ee\/lt\/wp-json\/wp\/v2\/product_cat?post=6602"},{"taxonomy":"product_tag","embeddable":true,"href":"https:\/\/www.barefoot-baltics.ee\/lt\/wp-json\/wp\/v2\/product_tag?post=6602"}],"curies":[{"name":"wp","href":"https:\/\/api.w.org\/{rel}","templated":true}]}}