{"id":6579,"date":"2018-11-16T11:18:54","date_gmt":"2018-11-16T09:18:54","guid":{"rendered":"https:\/\/www.barefoot-baltics.ee\/product\/soniniai-dirzeliai\/"},"modified":"2024-07-26T21:26:03","modified_gmt":"2024-07-26T18:26:03","slug":"soniniai-dirzeliai","status":"publish","type":"product","link":"https:\/\/www.barefoot-baltics.ee\/lt\/produktas\/soniniai-dirzeliai\/","title":{"rendered":"\u0160oniniai dir\u017eeliai"},"content":{"rendered":"<p>\u0160ie \u0161oniniai dir\u017eeliai yra puikus priedas be\u017e\u0105sl\u0117ms kamanoms. Pavyzd\u017eiui, jeigu naudojate m\u016bs\u0173 kamanas \u201cRie\u0161utmedis\u201d ir jums reikia greitai sugr\u012f\u017eti prie \u017e\u0105sl\u0173 ar hamekor\u0117s, jums nereikia atskir\u0173 kaman\u0173. J\u016bs galite tiesiog prisegti \u0161iuos \u0161oninius dir\u017eelius ir \u017e\u0105slus ar hamekor\u0119 prie be\u017e\u0105sli\u0173 kaman\u0173. Tai taip pat lengva kaip pasakyti \u201cSald\u0113jums\u201d (lt. ledai). \ud83d\ude42<\/p>\n<p>J\u016bs netgi galite pakeisti nenuimant kaman\u0173. Prisekite \u0161oninius dir\u017eelius prie kaman\u0173 kair\u0117s ir de\u0161in\u0117s pus\u0117s, taip pakei\u010diant be\u017e\u0105sli\u0173 dir\u017eelius. Prisegate \u017e\u0105slus ar hakemor\u0119 prie \u0161onini\u0173 dir\u017eeli\u0173 ir viskas. <\/p>\n<p>Dar vienas \u0161aunus dalykas, kur\u012f galite atlikti su \u0161iais dir\u017eeliais yra alternatyva joti su arba be \u017e\u0105sl\u0173. Galite naudoti dvi poras pavad\u017ei\u0173, vien\u0105 por\u0105 prisegant prie be\u017e\u0105sli\u0173 \u017eied\u0173, o kit\u0105 por\u0105 prie \u017e\u0105sl\u0173. Galite i\u0161bandyti, kuris variantas jums geriausiai tinka \u012fvairiose situacijose. <\/p>\n<p>\u0160oniniai dir\u017eeliai \u017einoma taip pat gali b\u016bti naudojami kaip atsargin\u0117s dalys tradicin\u0117ms kamanoms.<\/p>\n<p>\u0160onini\u0173 dir\u017eeli\u0173 plotis &#8211; 15 mm, o ilgis pateiktas toliau: <\/p>\n<ul>\n<li>0 dydis \u2013 26 cm<\/li>\n<li>1 dydis \u2013 28 cm<\/li>\n<li>2 dydis \u2013 32 cm<\/li>\n<\/ul>\n<p>Parduodami poromis.<\/p>\n","protected":false},"excerpt":{"rendered":"<ul>\n<li>Pagaminti i\u0161 mink\u0161tos odos<\/li>\n<li>Gerai tinka hakemorei<\/li>\n<li>Taip pat puikiai tinka naudoti su \u017e\u0105slais<\/li>\n<li>Lengva pasikeisti i\u0161 hakemor\u0117s \u012f \u017e\u0105slus, net esant lauke<\/li>\n<\/ul>\n","protected":false},"featured_media":1521,"template":"","meta":[],"product_brand":[],"product_cat":[1851],"product_tag":[1864,1891,1866,1863],"class_list":{"0":"post-6579","1":"product","2":"type-product","3":"status-publish","4":"has-post-thumbnail","6":"product_cat-pavadziai-vedimo-virves-virves-ir-kamanu-aksesuarai","7":"product_tag-bezasles","8":"product_tag-oda","9":"product_tag-patogumas","10":"product_tag-zaslai","11":"product_shipping_class-siuntu-stotis","12":"pa_colour-juoda","13":"pa_colour-ruda","14":"pa_size-0-pony-lt","15":"pa_size-1-cob-lt","16":"pa_size-2-full-lt","18":"first","19":"instock","20":"shipping-taxable","21":"purchasable","22":"product-type-variable"},"_links":{"self":[{"href":"https:\/\/www.barefoot-baltics.ee\/lt\/wp-json\/wp\/v2\/product\/6579","targetHints":{"allow":["GET"]}}],"collection":[{"href":"https:\/\/www.barefoot-baltics.ee\/lt\/wp-json\/wp\/v2\/product"}],"about":[{"href":"https:\/\/www.barefoot-baltics.ee\/lt\/wp-json\/wp\/v2\/types\/product"}],"wp:featuredmedia":[{"embeddable":true,"href":"https:\/\/www.barefoot-baltics.ee\/lt\/wp-json\/wp\/v2\/media\/1521"}],"wp:attachment":[{"href":"https:\/\/www.barefoot-baltics.ee\/lt\/wp-json\/wp\/v2\/media?parent=6579"}],"wp:term":[{"taxonomy":"product_brand","embeddable":true,"href":"https:\/\/www.barefoot-baltics.ee\/lt\/wp-json\/wp\/v2\/product_brand?post=6579"},{"taxonomy":"product_cat","embeddable":true,"href":"https:\/\/www.barefoot-baltics.ee\/lt\/wp-json\/wp\/v2\/product_cat?post=6579"},{"taxonomy":"product_tag","embeddable":true,"href":"https:\/\/www.barefoot-baltics.ee\/lt\/wp-json\/wp\/v2\/product_tag?post=6579"}],"curies":[{"name":"wp","href":"https:\/\/api.w.org\/{rel}","templated":true}]}}