{"id":6568,"date":"2018-12-11T07:15:18","date_gmt":"2018-12-11T05:15:18","guid":{"rendered":"https:\/\/www.barefoot-baltics.ee\/product\/pasmakres-dirzelis-hakemorei\/"},"modified":"2021-06-24T19:18:49","modified_gmt":"2021-06-24T16:18:49","slug":"pasmakres-dirzelis-hakemorei","status":"publish","type":"product","link":"https:\/\/www.barefoot-baltics.ee\/lt\/produktas\/pasmakres-dirzelis-hakemorei\/","title":{"rendered":"Pasmakr\u0117s dir\u017eelis hakemorei"},"content":{"rendered":"<p>M\u016bs\u0173 pasmakr\u0117s dir\u017eelis Barefoot hakemorei \u201cBe\u017e\u0105sli\u0173 \u017e\u0105slai\u201d ir kitoms hakemor\u0117ms turi centralizuot\u0105, dvigubo sluoksnio elastin\u0119 juost\u0105, u\u017etikrinan\u010di\u0105 lankstum\u0105. Komandos gaunamos ai\u0161kiai, bet yra su\u0161velninamos elastin\u0117s dalies, jei jos perduodamos grubiau. <\/p>\n<p>\u0160is pasmakr\u0117s dir\u017eelis suteikia patogesn\u0117s \u017eirgui nei tradiciniai pasmakr\u0117s dir\u017eeliai ar grandin\u0117l\u0117s. Jie netrins jautrios pasmakr\u0117s vietos. <\/p>\n<p>Pasmakr\u0117s dir\u017eelis yra trij\u0173 skirting\u0173 spalv\u0173 ir dizain\u0173:<\/p>\n<ul>\n<li>Juoda su kvadratin\u0117mis sagtimis<\/li>\n<li>Ruda su apvaliomis sagtimis<\/li>\n<li>\u0160viesi su apvaliomis sagtimis<\/li>\n<\/ul>\n<p>Jo ilgis: 26 cm.<\/p>\n","protected":false},"excerpt":{"rendered":"<ul>\n<li>Elastinis, gra\u017eus pasmakr\u0117s skirting\u0173 spalv\u0173 dir\u017eelis<\/li>\n<li>Tinka hakemor\u0117m \u201cBe\u017e\u0105sli\u0173 \u017e\u0105slai\u201d ir \u201cGel\u0117s\u201d  <\/li>\n<li>Taip pat tinka vesterno kamanoms<\/li>\n<\/ul>\n","protected":false},"featured_media":1560,"template":"","meta":[],"product_brand":[],"product_cat":[1851],"product_tag":[1864,1874,1891],"class_list":{"0":"post-6568","1":"product","2":"type-product","3":"status-publish","4":"has-post-thumbnail","6":"product_cat-pavadziai-vedimo-virves-virves-ir-kamanu-aksesuarai","7":"product_tag-bezasles","8":"product_tag-elastinas","9":"product_tag-oda","10":"product_shipping_class-siuntu-stotis","11":"pa_colour-juoda","12":"pa_colour-ruda","13":"pa_colour-sviesi","15":"first","16":"instock","17":"shipping-taxable","18":"purchasable","19":"product-type-variable"},"_links":{"self":[{"href":"https:\/\/www.barefoot-baltics.ee\/lt\/wp-json\/wp\/v2\/product\/6568","targetHints":{"allow":["GET"]}}],"collection":[{"href":"https:\/\/www.barefoot-baltics.ee\/lt\/wp-json\/wp\/v2\/product"}],"about":[{"href":"https:\/\/www.barefoot-baltics.ee\/lt\/wp-json\/wp\/v2\/types\/product"}],"wp:featuredmedia":[{"embeddable":true,"href":"https:\/\/www.barefoot-baltics.ee\/lt\/wp-json\/wp\/v2\/media\/1560"}],"wp:attachment":[{"href":"https:\/\/www.barefoot-baltics.ee\/lt\/wp-json\/wp\/v2\/media?parent=6568"}],"wp:term":[{"taxonomy":"product_brand","embeddable":true,"href":"https:\/\/www.barefoot-baltics.ee\/lt\/wp-json\/wp\/v2\/product_brand?post=6568"},{"taxonomy":"product_cat","embeddable":true,"href":"https:\/\/www.barefoot-baltics.ee\/lt\/wp-json\/wp\/v2\/product_cat?post=6568"},{"taxonomy":"product_tag","embeddable":true,"href":"https:\/\/www.barefoot-baltics.ee\/lt\/wp-json\/wp\/v2\/product_tag?post=6568"}],"curies":[{"name":"wp","href":"https:\/\/api.w.org\/{rel}","templated":true}]}}