{"id":6565,"date":"2018-11-15T18:50:46","date_gmt":"2018-11-15T16:50:46","guid":{"rendered":"https:\/\/www.barefoot-baltics.ee\/product\/zaslu-dirzeliai\/"},"modified":"2021-08-30T19:21:06","modified_gmt":"2021-08-30T16:21:06","slug":"zaslu-dirzeliai","status":"publish","type":"product","link":"https:\/\/www.barefoot-baltics.ee\/lt\/produktas\/zaslu-dirzeliai\/","title":{"rendered":"\u017d\u0105sl\u0173 dir\u017eeliai"},"content":{"rendered":"<p>Tai yra lengvai naudojami, odiniai \u017e\u0105sl\u0173 dir\u017eeliai. Juos galite naudoti \u017e\u0105slams prisegti prie vaikymo kavesono, Barefoot \u201cSuformuok\u201d kapsul\u0117s arba prie be\u017e\u0105sli\u0173 kaman\u0173- kai tik \u017e\u0105slai tampa b\u016btinybe ar yra reikalingi.<\/p>\n<p>\u017dinoma, j\u016bs taip pat galite naudoti \u0161iuos dir\u017eelius ir kitiems dalykams prisegti. \ud83d\ude42<\/p>\n<p>Ilgis: 6-7 cm.<\/p>\n","protected":false},"excerpt":{"rendered":"<ul>\n<li>\u017d\u0105slams prisegti<\/li>\n<li>Pagaminti i\u0161 tikros odos<\/li>\n<li>Lengvai naudojami<\/li>\n<\/ul>\n","protected":false},"featured_media":1511,"template":"","meta":[],"product_brand":[],"product_cat":[1851],"product_tag":[1891,1866],"class_list":{"0":"post-6565","1":"product","2":"type-product","3":"status-publish","4":"has-post-thumbnail","6":"product_cat-pavadziai-vedimo-virves-virves-ir-kamanu-aksesuarai","7":"product_tag-oda","8":"product_tag-patogumas","9":"product_shipping_class-siuntu-stotis","10":"pa_colour-juoda","11":"pa_colour-ruda","13":"first","14":"onbackorder","15":"shipping-taxable","16":"purchasable","17":"product-type-variable"},"_links":{"self":[{"href":"https:\/\/www.barefoot-baltics.ee\/lt\/wp-json\/wp\/v2\/product\/6565","targetHints":{"allow":["GET"]}}],"collection":[{"href":"https:\/\/www.barefoot-baltics.ee\/lt\/wp-json\/wp\/v2\/product"}],"about":[{"href":"https:\/\/www.barefoot-baltics.ee\/lt\/wp-json\/wp\/v2\/types\/product"}],"wp:featuredmedia":[{"embeddable":true,"href":"https:\/\/www.barefoot-baltics.ee\/lt\/wp-json\/wp\/v2\/media\/1511"}],"wp:attachment":[{"href":"https:\/\/www.barefoot-baltics.ee\/lt\/wp-json\/wp\/v2\/media?parent=6565"}],"wp:term":[{"taxonomy":"product_brand","embeddable":true,"href":"https:\/\/www.barefoot-baltics.ee\/lt\/wp-json\/wp\/v2\/product_brand?post=6565"},{"taxonomy":"product_cat","embeddable":true,"href":"https:\/\/www.barefoot-baltics.ee\/lt\/wp-json\/wp\/v2\/product_cat?post=6565"},{"taxonomy":"product_tag","embeddable":true,"href":"https:\/\/www.barefoot-baltics.ee\/lt\/wp-json\/wp\/v2\/product_tag?post=6565"}],"curies":[{"name":"wp","href":"https:\/\/api.w.org\/{rel}","templated":true}]}}