{"id":6560,"date":"2018-11-08T11:03:25","date_gmt":"2018-11-08T09:03:25","guid":{"rendered":"https:\/\/www.barefoot-baltics.ee\/product\/anatomines-bezasles-kamanos-zygis-2-viename\/"},"modified":"2019-08-22T09:28:49","modified_gmt":"2019-08-22T06:28:49","slug":"anatomines-bezasles-kamanos-zygis-2-viename","status":"publish","type":"product","link":"https:\/\/www.barefoot-baltics.ee\/lt\/produktas\/anatomines-bezasles-kamanos-zygis-2-viename\/","title":{"rendered":"Anatomin\u0117s be\u017e\u0105sl\u0117s kamanos \u201c\u017dygis\u201d (2 viename)"},"content":{"rendered":"<p>Barefoot \u201c\u017dygis\u201d yra nuostabios anatomin\u0117s kamanos, skirtos&#8230; taip, \u017eygiams. \ud83d\ude42 Pakau\u0161io dalis turi patentuot\u0105 i\u0161lenkim\u0105. Jis suformuotas taip, jog nesukelt\u0173 spaudimo jautrioje vietoje u\u017e aus\u0173, kur nerv\u0173 kamienas jungiasi prie pakau\u0161io kaulo. Pagrindin\u0117 kaman\u0173 dalis pamink\u0161tinta ir i\u0161lenkta aplink \u017eirgo ausis, tod\u0117l jos turi vietos, o pagrindin\u0117 kaman\u0173 dalis \u0161velniai priglunda.<\/p>\n<p>\u0160ios Barefoot kamanos turi daug reguliavimo b\u016bd\u0173. Pakau\u0161io dalis, kapsul\u0117 bei kaklo dir\u017eelis gali b\u016bti sureguliuoti i\u0161 abiej\u0173 pusi\u0173, taip pritaikant kamanas \u012fvairiausiems \u017eirgams, nuo ponio iki \u0161iltakraujo. \u017d\u0105slai lengvai u\u017esegami ir atsegami. Kaklo dir\u017eelis gali b\u016bti visi\u0161kai nuimtas ir taip kamanas galima naudoti kaip kantar\u0105. Kapsul\u0117 pamink\u0161tinta bei turi 2 papildomus \u017eiedus pavad\u017eiams prisegti ir joti be \u017e\u0105sl\u0173.<\/p>\n<p>Rekomenduojame visas kamanas u\u017esegti laisvai: kapsul\u0117 u\u017esegta taip, kad netrukdyt\u0173 \u017eirgo kv\u0117pavimui.<\/p>\n<p>Prie \u0161i\u0173 kaman\u0173 pridedami odiniai dir\u017eeliai.<\/p>\n","protected":false},"excerpt":{"rendered":"<ul>\n<li>Anatomin\u0117 pagrindin\u0117 kaman\u0173 dalis (patentuota)<\/li>\n<li>Patogaus dizaino, \u017eirgui draugi\u0161kos, mink\u0161tos nubuko odos kamanos<\/li>\n<li>Idealiai tinka jojimui \u012f \u017eygius<\/li>\n<li>Galite naudoti su arba be \u017e\u0105sl\u0173<\/li>\n<\/ul>\n","protected":false},"featured_media":1428,"template":"","meta":[],"product_brand":[],"product_cat":[1850],"product_tag":[1877,1891,1858,1907],"class_list":{"0":"post-6560","1":"product","2":"type-product","3":"status-publish","4":"has-post-thumbnail","6":"product_cat-kamanos-vesterno-kamanos-kantarai-ir-kapsules","7":"product_tag-labai-patogus","8":"product_tag-oda","9":"product_tag-reguliuojamas","10":"product_tag-zygis","11":"product_shipping_class-siuntu-stotis","12":"pa_colour-juoda","13":"pa_colour-ruda","14":"pa_size-1-cob-2-full-lt","15":"pa_size-3-draft-lt","17":"first","18":"instock","19":"shipping-taxable","20":"purchasable","21":"product-type-variable"},"_links":{"self":[{"href":"https:\/\/www.barefoot-baltics.ee\/lt\/wp-json\/wp\/v2\/product\/6560","targetHints":{"allow":["GET"]}}],"collection":[{"href":"https:\/\/www.barefoot-baltics.ee\/lt\/wp-json\/wp\/v2\/product"}],"about":[{"href":"https:\/\/www.barefoot-baltics.ee\/lt\/wp-json\/wp\/v2\/types\/product"}],"wp:featuredmedia":[{"embeddable":true,"href":"https:\/\/www.barefoot-baltics.ee\/lt\/wp-json\/wp\/v2\/media\/1428"}],"wp:attachment":[{"href":"https:\/\/www.barefoot-baltics.ee\/lt\/wp-json\/wp\/v2\/media?parent=6560"}],"wp:term":[{"taxonomy":"product_brand","embeddable":true,"href":"https:\/\/www.barefoot-baltics.ee\/lt\/wp-json\/wp\/v2\/product_brand?post=6560"},{"taxonomy":"product_cat","embeddable":true,"href":"https:\/\/www.barefoot-baltics.ee\/lt\/wp-json\/wp\/v2\/product_cat?post=6560"},{"taxonomy":"product_tag","embeddable":true,"href":"https:\/\/www.barefoot-baltics.ee\/lt\/wp-json\/wp\/v2\/product_tag?post=6560"}],"curies":[{"name":"wp","href":"https:\/\/api.w.org\/{rel}","templated":true}]}}