{"id":6556,"date":"2019-03-05T10:57:33","date_gmt":"2019-03-05T08:57:33","guid":{"rendered":"https:\/\/www.barefoot-baltics.ee\/product\/paminkstinimas-kantarui-kamanoms\/"},"modified":"2019-08-15T12:31:31","modified_gmt":"2019-08-15T09:31:31","slug":"paminkstinimas-kantarui-kamanoms","status":"publish","type":"product","link":"https:\/\/www.barefoot-baltics.ee\/lt\/produktas\/paminkstinimas-kantarui-kamanoms\/","title":{"rendered":"Pamink\u0161tinimas kantarui\/kamanoms"},"content":{"rendered":"<p>\u0160is kantaro ir kaman\u0173 pamink\u0161tinimas turi avies vilnos pagrind\u0105 ir pamink\u0161tint\u0105, dygsniuot\u0105 vir\u0161\u0173, pagaminta i\u0161 juodos, medviln\u0117s mi\u0161inio med\u017eiagos. <\/p>\n<p>Jis gali b\u016bti naudojamas kaip nosies, kaklo, \u017eandikaulio, ar smakro apsauga ir yra lengvai prisegamas ant \u012fvairi\u0173 kaman\u0173 dali\u0173. N\u0117ra reikalo i\u0161ardyti visas kamanas. \u017dinoma, taip pat \u0161\u012f pamink\u0161tinim\u0105 galite naudoti arklid\u017ei\u0173 ar levad\u0173 kantarams.<\/p>\n<p>Mes pa\u0161alinome grem\u0117zdi\u0161k\u0105 i\u0161vaizd\u0105, kuri\u0105 turi daugelis tradicini\u0173 pamink\u0161tinim\u0173 ir pasirinkome diskreti\u0161kesn\u0119 i\u0161vaizd\u0105. Tod\u0117l i\u0161or\u0117 yra juoda ir tradici\u0161kai atrodanti, tod\u0117l pamink\u0161tinim\u0105 da\u017enai leid\u017eiama naudoti var\u017eybose.<\/p>\n<p>\u0160is kantaro ir kaman\u0173 pamink\u0161tinimas pagamintas i\u0161 tikros avies vilnos. J\u016bs negalite jo skalbti skalbimo ma\u0161inoje, ta\u010diau galite j\u012f plauti rankomis \u0161altame vandenyje. Po plovimo, jums reiks i\u0161tempti j\u012f atgal \u012f form\u0105 ir energingai papurtyti. <\/p>\n<p>Ilgis &#8211; 28 cm, plotis &#8211; 6 cm.<\/p>\n","protected":false},"excerpt":{"rendered":"<ul>\n<li>Universalus \u2013 galite naudoti ant bet kurios vietos, kuri\u0105 reikia pamink\u0161tinti<\/li>\n<li>Spaudim\u0105 ma\u017einan\u010dios savyb\u0117s<\/li>\n<li>Pagamintas i\u0161 avies vilnos<\/li>\n<li>Ilgis: 28 cm, plotis: 6 cm<\/li>\n<\/ul>\n","protected":false},"featured_media":1894,"template":"","meta":[],"product_brand":[],"product_cat":[1851],"product_tag":[1894,1910],"class_list":{"0":"post-6556","1":"product","2":"type-product","3":"status-publish","4":"has-post-thumbnail","6":"product_cat-pavadziai-vedimo-virves-virves-ir-kamanu-aksesuarai","7":"product_tag-paminkstinimas","8":"product_tag-vilna-lt","9":"product_shipping_class-siuntu-stotis","11":"first","12":"instock","13":"shipping-taxable","14":"purchasable","15":"product-type-simple"},"_links":{"self":[{"href":"https:\/\/www.barefoot-baltics.ee\/lt\/wp-json\/wp\/v2\/product\/6556","targetHints":{"allow":["GET"]}}],"collection":[{"href":"https:\/\/www.barefoot-baltics.ee\/lt\/wp-json\/wp\/v2\/product"}],"about":[{"href":"https:\/\/www.barefoot-baltics.ee\/lt\/wp-json\/wp\/v2\/types\/product"}],"wp:featuredmedia":[{"embeddable":true,"href":"https:\/\/www.barefoot-baltics.ee\/lt\/wp-json\/wp\/v2\/media\/1894"}],"wp:attachment":[{"href":"https:\/\/www.barefoot-baltics.ee\/lt\/wp-json\/wp\/v2\/media?parent=6556"}],"wp:term":[{"taxonomy":"product_brand","embeddable":true,"href":"https:\/\/www.barefoot-baltics.ee\/lt\/wp-json\/wp\/v2\/product_brand?post=6556"},{"taxonomy":"product_cat","embeddable":true,"href":"https:\/\/www.barefoot-baltics.ee\/lt\/wp-json\/wp\/v2\/product_cat?post=6556"},{"taxonomy":"product_tag","embeddable":true,"href":"https:\/\/www.barefoot-baltics.ee\/lt\/wp-json\/wp\/v2\/product_tag?post=6556"}],"curies":[{"name":"wp","href":"https:\/\/api.w.org\/{rel}","templated":true}]}}