{"id":6555,"date":"2019-02-11T07:19:16","date_gmt":"2019-02-11T05:19:16","guid":{"rendered":"https:\/\/www.barefoot-baltics.ee\/product\/pririsimas-papildomam-saugumui\/"},"modified":"2019-08-15T12:28:37","modified_gmt":"2019-08-15T09:28:37","slug":"pririsimas-papildomam-saugumui","status":"publish","type":"product","link":"https:\/\/www.barefoot-baltics.ee\/lt\/produktas\/pririsimas-papildomam-saugumui\/","title":{"rendered":"Priri\u0161imas papildomam saugumui"},"content":{"rendered":"<p>Tai yra priri\u0161imas papildomam saugumui, kuris j\u016bs\u0173 \u017eirgo priri\u0161im\u0105 padaro saugiu. Tai originalus Barefoot dizainas.<\/p>\n<p>Visi \u017eino, jog \u017eirgas, ypa\u010d jaunas, gali prad\u0117ti panikuoti b\u016bdamas priri\u0161tas ir blogiausiu atveju gali \u017e\u016bti. \u0160is priri\u0161imas papildomam saugumui paleis \u017eirg\u0105 tokioje situacijoje, kad b\u016bt\u0173 i\u0161vengta blogiausio. Jis pakankamai saugus priri\u0161ti j\u016bs\u0173 \u017eirg\u0105, bet tuo pa\u010diu saugus paleisti, kai jis pasibaido ar stoja piestu i\u0161tempdamas virv\u0119.<\/p>\n<p>\u0160is priri\u0161imas papildomam saugumui paprastai prisisega prie virv\u0117s. Jis prakti\u0161kas, nes galite j\u012f palikti visur kur \u017eirgas yra priri\u0161amas ir visi kurie nori, gali juo naudotis. <\/p>\n<ul>\n<li>Patikimas saugumas j\u016bs\u0173 \u017eirgui<\/li>\n<li>Atsisegimo vieta gali b\u016bti v\u0117l u\u017esegta &#8211; gali b\u016bti naudojamas v\u0117l ir v\u0117l<\/li>\n<li>J\u012f gali naudoti su bet kuria virve<\/li>\n<\/ul>\n<p>Ilgis: 28 cm. <\/p>\n","protected":false},"excerpt":{"rendered":"<ul>\n<li>Paleid\u017eia panikuojant\u012f \u017eirg\u0105<\/li>\n<li>Saugus naudoti priri\u0161imo treniravime<\/li>\n<li>Su tvirtu karabinu<\/li>\n<li>Atsisega lipukais<\/li>\n<\/ul>\n","protected":false},"featured_media":1724,"template":"","meta":[],"product_brand":[],"product_cat":[1851],"product_tag":[1878],"class_list":{"0":"post-6555","1":"product","2":"type-product","3":"status-publish","4":"has-post-thumbnail","6":"product_cat-pavadziai-vedimo-virves-virves-ir-kamanu-aksesuarai","7":"product_tag-labai-saugus","8":"product_shipping_class-siuntu-stotis","10":"first","11":"instock","12":"shipping-taxable","13":"purchasable","14":"product-type-simple"},"_links":{"self":[{"href":"https:\/\/www.barefoot-baltics.ee\/lt\/wp-json\/wp\/v2\/product\/6555","targetHints":{"allow":["GET"]}}],"collection":[{"href":"https:\/\/www.barefoot-baltics.ee\/lt\/wp-json\/wp\/v2\/product"}],"about":[{"href":"https:\/\/www.barefoot-baltics.ee\/lt\/wp-json\/wp\/v2\/types\/product"}],"wp:featuredmedia":[{"embeddable":true,"href":"https:\/\/www.barefoot-baltics.ee\/lt\/wp-json\/wp\/v2\/media\/1724"}],"wp:attachment":[{"href":"https:\/\/www.barefoot-baltics.ee\/lt\/wp-json\/wp\/v2\/media?parent=6555"}],"wp:term":[{"taxonomy":"product_brand","embeddable":true,"href":"https:\/\/www.barefoot-baltics.ee\/lt\/wp-json\/wp\/v2\/product_brand?post=6555"},{"taxonomy":"product_cat","embeddable":true,"href":"https:\/\/www.barefoot-baltics.ee\/lt\/wp-json\/wp\/v2\/product_cat?post=6555"},{"taxonomy":"product_tag","embeddable":true,"href":"https:\/\/www.barefoot-baltics.ee\/lt\/wp-json\/wp\/v2\/product_tag?post=6555"}],"curies":[{"name":"wp","href":"https:\/\/api.w.org\/{rel}","templated":true}]}}