{"id":6554,"date":"2019-02-16T16:18:51","date_gmt":"2019-02-16T14:18:51","guid":{"rendered":"https:\/\/www.barefoot-baltics.ee\/product\/greito-atsegimo-karabinas\/"},"modified":"2021-01-02T16:31:04","modified_gmt":"2021-01-02T14:31:04","slug":"greito-atsegimo-karabinas","status":"publish","type":"product","link":"https:\/\/www.barefoot-baltics.ee\/lt\/produktas\/greito-atsegimo-karabinas\/","title":{"rendered":"Greito atsegimo karabinas"},"content":{"rendered":"<p>Greito atsegimo karabinai yra seniai \u017einomi jojimo\/ raiteli\u0173 pasaulyje ir jie tikrai i\u0161gelb\u0117jo daugelio \u017eirg\u0173 gyvybes. Fantasti\u0161kas i\u0161radimas, kur\u012f pas mus \u012fsigyti galite itin ma\u017eo dyd\u017eio.<\/p>\n<p>Novatori\u0161kumas &#8211; prisegtas prie virvelinio kantaro ji ne tik u\u017etikrina saugum\u0105, bet ir patogum\u0105 j\u016bs\u0173 \u017eirgui. M\u016bsu greito atsegimo karabinas atsisegs, kai j\u016bs\u0173 \u017eirgas prad\u0117s panikuoti ar stoti piestu, prie\u0161 jam apvirstant. Karabinas leid\u017eia greitai atsegti ir u\u017esegti virvelin\u012f kantar\u0105, be joki\u0173 komplikuot\u0173 suri\u0161im\u0173. <\/p>\n<p>\u0160is ma\u017eas, saugus karabinas gali b\u016bti naudojamas ir kitoms funkcijoms. Jo, u\u017edaryto, ilgis 8 cm. Plotis &#8211; 3.5 cm.<\/p>\n","protected":false},"excerpt":{"rendered":"<ul>\n<li>Idealus virveliniams kantarams<\/li>\n<li>Greitas atsegimas saugumui u\u017etikrinti<\/li>\n<li>Pagamintas i\u0161 ner\u016bdijan\u010dio plieno<\/li>\n<\/ul>\n","protected":false},"featured_media":1763,"template":"","meta":[],"product_brand":[],"product_cat":[1851],"product_tag":[1878,1904],"class_list":{"0":"post-6554","1":"product","2":"type-product","3":"status-publish","4":"has-post-thumbnail","6":"product_cat-pavadziai-vedimo-virves-virves-ir-kamanu-aksesuarai","7":"product_tag-labai-saugus","8":"product_tag-nerudijantis-plienas","9":"product_shipping_class-siuntu-stotis","11":"first","12":"onbackorder","13":"shipping-taxable","14":"purchasable","15":"product-type-simple"},"_links":{"self":[{"href":"https:\/\/www.barefoot-baltics.ee\/lt\/wp-json\/wp\/v2\/product\/6554","targetHints":{"allow":["GET"]}}],"collection":[{"href":"https:\/\/www.barefoot-baltics.ee\/lt\/wp-json\/wp\/v2\/product"}],"about":[{"href":"https:\/\/www.barefoot-baltics.ee\/lt\/wp-json\/wp\/v2\/types\/product"}],"wp:featuredmedia":[{"embeddable":true,"href":"https:\/\/www.barefoot-baltics.ee\/lt\/wp-json\/wp\/v2\/media\/1763"}],"wp:attachment":[{"href":"https:\/\/www.barefoot-baltics.ee\/lt\/wp-json\/wp\/v2\/media?parent=6554"}],"wp:term":[{"taxonomy":"product_brand","embeddable":true,"href":"https:\/\/www.barefoot-baltics.ee\/lt\/wp-json\/wp\/v2\/product_brand?post=6554"},{"taxonomy":"product_cat","embeddable":true,"href":"https:\/\/www.barefoot-baltics.ee\/lt\/wp-json\/wp\/v2\/product_cat?post=6554"},{"taxonomy":"product_tag","embeddable":true,"href":"https:\/\/www.barefoot-baltics.ee\/lt\/wp-json\/wp\/v2\/product_tag?post=6554"}],"curies":[{"name":"wp","href":"https:\/\/api.w.org\/{rel}","templated":true}]}}