{"id":6553,"date":"2019-02-02T10:52:47","date_gmt":"2019-02-02T08:52:47","guid":{"rendered":"https:\/\/www.barefoot-baltics.ee\/product\/karabinas-pavadziams-ir-vedimo-virvems\/"},"modified":"2019-08-15T12:20:34","modified_gmt":"2019-08-15T09:20:34","slug":"karabinas-pavadziams-ir-vedimo-virvems","status":"publish","type":"product","link":"https:\/\/www.barefoot-baltics.ee\/lt\/produktas\/karabinas-pavadziams-ir-vedimo-virvems\/","title":{"rendered":"Karabinas pavad\u017eiams ir vedimo virv\u0117ms"},"content":{"rendered":"<p>\u0160is patogus karabinas pagamintas i\u0161 ner\u016bdijan\u010dio plieno. J\u016bs galite j\u012f naudoti su pavad\u017eiais ar vedimo virv\u0117mis. Lengvai pakei\u010diama!<\/p>\n<p>Parduodami po vien\u0105, taigi jei jums reiks dviej\u0173, u\u017esisakykite du. <\/p>\n","protected":false},"excerpt":{"rendered":"<ul>\n<li>Pagamintas i\u0161 ner\u016bdijan\u010dio plieno<\/li>\n<li>Prisekite pavad\u017eius per kelias sekundes!<\/li>\n<\/ul>\n","protected":false},"featured_media":1671,"template":"","meta":[],"product_brand":[],"product_cat":[1851],"product_tag":[1873,1904],"class_list":{"0":"post-6553","1":"product","2":"type-product","3":"status-publish","4":"has-post-thumbnail","6":"product_cat-pavadziai-vedimo-virves-virves-ir-kamanu-aksesuarai","7":"product_tag-lengvas-naudoti","8":"product_tag-nerudijantis-plienas","9":"product_shipping_class-siuntu-stotis","11":"first","12":"onbackorder","13":"shipping-taxable","14":"purchasable","15":"product-type-simple"},"_links":{"self":[{"href":"https:\/\/www.barefoot-baltics.ee\/lt\/wp-json\/wp\/v2\/product\/6553","targetHints":{"allow":["GET"]}}],"collection":[{"href":"https:\/\/www.barefoot-baltics.ee\/lt\/wp-json\/wp\/v2\/product"}],"about":[{"href":"https:\/\/www.barefoot-baltics.ee\/lt\/wp-json\/wp\/v2\/types\/product"}],"wp:featuredmedia":[{"embeddable":true,"href":"https:\/\/www.barefoot-baltics.ee\/lt\/wp-json\/wp\/v2\/media\/1671"}],"wp:attachment":[{"href":"https:\/\/www.barefoot-baltics.ee\/lt\/wp-json\/wp\/v2\/media?parent=6553"}],"wp:term":[{"taxonomy":"product_brand","embeddable":true,"href":"https:\/\/www.barefoot-baltics.ee\/lt\/wp-json\/wp\/v2\/product_brand?post=6553"},{"taxonomy":"product_cat","embeddable":true,"href":"https:\/\/www.barefoot-baltics.ee\/lt\/wp-json\/wp\/v2\/product_cat?post=6553"},{"taxonomy":"product_tag","embeddable":true,"href":"https:\/\/www.barefoot-baltics.ee\/lt\/wp-json\/wp\/v2\/product_tag?post=6553"}],"curies":[{"name":"wp","href":"https:\/\/api.w.org\/{rel}","templated":true}]}}