{"id":6547,"date":"2018-11-08T11:38:03","date_gmt":"2018-11-08T09:38:03","guid":{"rendered":"https:\/\/www.barefoot-baltics.ee\/product\/anatomines-kamanos-velingtonas-2-viename\/"},"modified":"2019-08-15T12:02:12","modified_gmt":"2019-08-15T09:02:12","slug":"anatomines-kamanos-velingtonas-2-viename","status":"publish","type":"product","link":"https:\/\/www.barefoot-baltics.ee\/lt\/produktas\/anatomines-kamanos-velingtonas-2-viename\/","title":{"rendered":"Anatomin\u0117s kamanos \u201cVelingtonas\u201d (2 viename )"},"content":{"rendered":"<p>Barefoot anatomin\u0117s kamanos \u201cVelingtonas\u201d yra ypatingai geros. Kaip \u017einoma, itin jautri galvos dalis u\u017e aus\u0173, kur prasideda sprando rai\u0161tis, kuris atsakingas u\u017e nugaros judesius. \u0160ioje vietoje per <em>foramen magnum<\/em> nugaros smegenys susijungia su pailgosiomis. Didelis spaudimas \u0161ioje vietoje gali sukelti sprando rai\u0161\u010dio u\u017edegim\u0105 ir sukleti \u017eirgui mil\u017eini\u0161k\u0105 skausm\u0105. <\/p>\n<p>Barefoot anatomin\u0117s kamanos suformuotos taip, kad nespaust\u0173 slanksteli\u0173. Antkaktis ir kapsul\u0117 yra taip pat anatomin\u0117s. Kapsul\u0117 i\u0161silenkia vir\u0161un ties nosies tiltu, jog netrikdyt\u0173 kv\u0117pavimo. <\/p>\n<p>\u0160ios kamanos yra 2 viename. Jos gali b\u016bti naudojamos su arba be \u017e\u0105sl\u0173. \u0160oniniai dir\u017eeliai gali b\u016bti lengvai nuimti ar prisegti var\u017eto (ang. <em>Chicago screw<\/em>) d\u0117ka. Antkaktis, pakau\u0161io dalis ir kapsul\u0117 yra pamink\u0161tintos, \u012fskaitant ir vietas po sagtimis ir u\u017e aus\u0173. <\/p>\n<p>Barefoot nenaudoja savo produkcijoje apatini\u0173 dir\u017eeli\u0173, nes laiko juos nereikalingais bei \u017eiauriais arkliui. \u017dirgas, kuris pasitiki savo raitelio rankomis, nesi\u017eios, nebent tai danties skausmas ar nepatinkantys \u017e\u0105slai. \u0160ioms problemoms i\u0161spr\u0119sti reikia  neu\u017e\u010diaupti burn\u0105, bet ap\u017ei\u016br\u0117ti dantis, naudoti be\u017e\u0105sles kamanas arba &#8222;sumink\u0161tinti&#8221; raitelio rankas. <\/p>\n<p>Spalva juoda, kuri idealiai tinka su m\u016bs\u0173 i\u0161jodin\u0117jimo balnu \u201cVelingtonas\u201d.<\/p>\n","protected":false},"excerpt":{"rendered":"<ul>\n<li>Anatomin\u0117 pagrindin\u0117 kaman\u0173 dalis (patentuota)<\/li>\n<li>Nuima spaudim\u0105 nuo sprando rai\u0161\u010dio prisijungimo vietos<\/li>\n<li>\u017dirgui draugi\u0161ka kapsul\u0117 ir antkaktis<\/li>\n<li>Pilnai pamink\u0161tinta smakro vieta<\/li>\n<li>2 viename: galite naudoti su arba be \u017e\u0105sl\u0173<\/li>\n<\/ul>\n","protected":false},"featured_media":1443,"template":"","meta":[],"product_brand":[],"product_cat":[1850],"product_tag":[1877,1865,1891],"class_list":{"0":"post-6547","1":"product","2":"type-product","3":"status-publish","4":"has-post-thumbnail","6":"product_cat-kamanos-vesterno-kamanos-kantarai-ir-kapsules","7":"product_tag-labai-patogus","8":"product_tag-madingas","9":"product_tag-oda","10":"product_shipping_class-siuntu-stotis","11":"pa_size-1-cob-lt","12":"pa_size-2-full-lt","14":"first","15":"onbackorder","16":"shipping-taxable","17":"purchasable","18":"product-type-variable"},"_links":{"self":[{"href":"https:\/\/www.barefoot-baltics.ee\/lt\/wp-json\/wp\/v2\/product\/6547","targetHints":{"allow":["GET"]}}],"collection":[{"href":"https:\/\/www.barefoot-baltics.ee\/lt\/wp-json\/wp\/v2\/product"}],"about":[{"href":"https:\/\/www.barefoot-baltics.ee\/lt\/wp-json\/wp\/v2\/types\/product"}],"wp:featuredmedia":[{"embeddable":true,"href":"https:\/\/www.barefoot-baltics.ee\/lt\/wp-json\/wp\/v2\/media\/1443"}],"wp:attachment":[{"href":"https:\/\/www.barefoot-baltics.ee\/lt\/wp-json\/wp\/v2\/media?parent=6547"}],"wp:term":[{"taxonomy":"product_brand","embeddable":true,"href":"https:\/\/www.barefoot-baltics.ee\/lt\/wp-json\/wp\/v2\/product_brand?post=6547"},{"taxonomy":"product_cat","embeddable":true,"href":"https:\/\/www.barefoot-baltics.ee\/lt\/wp-json\/wp\/v2\/product_cat?post=6547"},{"taxonomy":"product_tag","embeddable":true,"href":"https:\/\/www.barefoot-baltics.ee\/lt\/wp-json\/wp\/v2\/product_tag?post=6547"}],"curies":[{"name":"wp","href":"https:\/\/api.w.org\/{rel}","templated":true}]}}